{"id":3177,"date":"2026-02-04T12:01:10","date_gmt":"2026-02-04T11:01:10","guid":{"rendered":"https:\/\/ragwinn.com\/?post_type=product&#038;p=3177"},"modified":"2026-05-04T18:47:49","modified_gmt":"2026-05-04T16:47:49","slug":"heel-3-magpul-glock-pmag-gl9","status":"publish","type":"product","link":"https:\/\/ragwinn.com\/de\/produit\/talon-3-magpul-glock-pmag-gl9","title":{"rendered":"Magazinbodenplatte +3 Magpul Glock PMAG GL9"},"content":{"rendered":"<h1 style=\"text-align: center;\"><strong>Magazinbodenplatte +3 Magpul<\/strong> Glock PMAG GL9<\/h1>\r\nMit diesem Magazinbodenplatte k\u00f6nnen Sie Ihrem Magpul PMAG 17 GL9 Magazin 3 zus\u00e4tzliche Munitionen hinzuf\u00fcgen, wobei die Originalfeder erhalten bleibt.\nSeine Form ist so konzipiert, dass Sie ihn bequem und ergonomisch in der Hand halten k\u00f6nnen, mit oder ohne Handschuhe.\nAuf der Unterseite der Erweiterung k\u00f6nnen Sie Ihre Magazine nummerieren, um sie bei Schie\u00df\u00fcbungen zu unterscheiden.\r\n<h2 style=\"text-align: center;\"><strong>Hauptmerkmale :<\/strong><\/h2>\r\n<ul>\r\n \t<li><strong>Verbesserter Griff<\/strong> : Der Griff auf der Vorderseite und die Aussparungen an den Seiten sorgen f\u00fcr einen ergonomischen Griff,<\/li>\r\n \t<li><strong>Erweiterte Kompatibilit\u00e4t<\/strong> Kompatibel mit Magpul PMAG GL9 Magazinen f\u00fcr Glock gen5 der Modelle 17, 19, 19X, 26, 34, 45 mit 9x19mm Kammern. Nicht kompatibel mit Slimline-Magazinen,<\/li>\r\n \t<li><strong>Einfache Installation<\/strong> Entfernen Sie einfach den urspr\u00fcnglichen Absatz, dr\u00fccken Sie die Feder zusammen und setzen Sie den neuen Absatz ein. Sie haben nun ein Magazin, das 3 zus\u00e4tzliche Munition aufnehmen kann,<\/li>\r\n \t<li><strong>Qualitativ hochwertige Herstellung <\/strong>Dieser Absatz wird in unserer Werkstatt in Frankreich hergestellt und besteht aus einem kohlefaserverst\u00e4rkten Polymer. Seine Zusammensetzung macht ihn sowohl leicht als auch sto\u00dffest und bis zu 160\u00b0C hitzebest\u00e4ndig.<\/li>\r\n<\/ul>\r\n<h2 style=\"text-align: center;\"><strong>Anpassen Ihres Ladeger\u00e4ts :<\/strong><\/h2>\r\n<ul>\r\n \t<li><strong>Numerierbar<\/strong> : Die Erweiterung +3 bietet Ihnen die M\u00f6glichkeit, Ihre Magazine zu nummerieren. Verwenden Sie einen \u00abPosca\u00bb-Filzstift oder einen Fettstift an den vorgesehenen Stellen, um jedes Magazin leicht zu identifizieren,<\/li>\r\n \t<li><strong>Individuelle Bemalung<\/strong> : Um Ihr Magazin noch individueller zu gestalten, k\u00f6nnen Sie es mit einem Pinsel oder einer Spr\u00fchdose bemalen. So k\u00f6nnen Sie den Absatz an die Farbe Ihrer Waffe anpassen.<\/li>\r\n<\/ul>\r\n&nbsp;\r\n<h3><strong>Auch verf\u00fcgbar :<\/strong><\/h3>\r\n<ul>\r\n \t<li><a href=\"https:\/\/ragwinn.com\/de\/produit\/magwell-glock-17-45-34-gen-5\/\" target=\"_blank\" rel=\"noopener\"><strong>Magwell f\u00fcr Glock 17, 45 und 34 Gen5<\/strong><\/a> Magwell f\u00fcr Glock 17, 34 und 45 (gen5) mit einem optimierten Einf\u00fchrwinkel f\u00fcr ein fl\u00fcssiges Nachladen,<\/li>\r\n \t<li><a href=\"https:\/\/ragwinn.com\/de\/produit\/magwell-pour-glock-43x\/\" target=\"_blank\" rel=\"noopener\"><strong>Magwell f\u00fcr Glock 43X<\/strong><\/a> : Verbessern Sie die Handhabung und Ihre Geschwindigkeit beim Nachladen der Glock slimline mit unserem <a href=\"https:\/\/crealib3d.com\/quest-ce-quun-magwell-et-pourquoi-en-utiliser\" target=\"_blank\" rel=\"noopener\">magwell<\/a>.<\/li>\r\n<\/ul>\r\n&nbsp;\r\n\r\n<em>Hinweis: Im Lieferumfang sind nur die Ladeferse und die Schrauben enthalten.<\/em>\r\n\r\n&nbsp;\r\n\r\nBitte beachten:\r\nBitte informieren Sie sich vor der Bestellung \u00fcber die in Ihrem Land\/Ihrer Region geltenden Vorschriften.\r\nIn Frankreich darf das Magazin einer in Kategorie B-1 eingestuften Handfeuerwaffe im November 2024 nicht mehr als 20 Schuss Munition enthalten. Bei mehr als 20 Schuss wird das Magazin in die Kategorie A1 8 eingestuft, die TSV-Sch\u00fctzen vorbehalten ist (<a href=\"https:\/\/www.legifrance.gouv.fr\/codes\/article_lc\/LEGIARTI000037144152\" target=\"_blank\" rel=\"noopener\">R312-45-1<\/a>).\r\n\r\n<!-- \/wp:post-content -->","protected":false},"excerpt":{"rendered":"<p>Mit diesem Magazinbodenplatte k\u00f6nnen Sie 2 zus\u00e4tzliche Munition in Ihr Magpul PMAG 17 GL9-Magazin einlegen und dabei die Originalfeder beibehalten.<\/p>\n<p>Der Griff ist perfekt durchdacht und kann mit oder ohne Handschuhe verwendet werden.<\/p>\n<p>Die Unterseite erm\u00f6glicht mithilfe eines Filzstifts vom Typ \"Posca\" oder Fettstift die Nummerierung der Magazine.<\/p>","protected":false},"featured_media":4153,"comment_status":"open","ping_status":"closed","template":"","meta":{"ocean_post_layout":"","ocean_both_sidebars_style":"","ocean_both_sidebars_content_width":0,"ocean_both_sidebars_sidebars_width":0,"ocean_sidebar":"0","ocean_second_sidebar":"0","ocean_disable_margins":"enable","ocean_add_body_class":"","ocean_shortcode_before_top_bar":"","ocean_shortcode_after_top_bar":"","ocean_shortcode_before_header":"","ocean_shortcode_after_header":"","ocean_has_shortcode":"","ocean_shortcode_after_title":"","ocean_shortcode_before_footer_widgets":"","ocean_shortcode_after_footer_widgets":"","ocean_shortcode_before_footer_bottom":"","ocean_shortcode_after_footer_bottom":"","ocean_display_top_bar":"default","ocean_display_header":"default","ocean_header_style":"","ocean_center_header_left_menu":"0","ocean_custom_header_template":"0","ocean_custom_logo":0,"ocean_custom_retina_logo":0,"ocean_custom_logo_max_width":0,"ocean_custom_logo_tablet_max_width":0,"ocean_custom_logo_mobile_max_width":0,"ocean_custom_logo_max_height":0,"ocean_custom_logo_tablet_max_height":0,"ocean_custom_logo_mobile_max_height":0,"ocean_header_custom_menu":"0","ocean_menu_typo_font_family":"0","ocean_menu_typo_font_subset":"","ocean_menu_typo_font_size":0,"ocean_menu_typo_font_size_tablet":0,"ocean_menu_typo_font_size_mobile":0,"ocean_menu_typo_font_size_unit":"px","ocean_menu_typo_font_weight":"","ocean_menu_typo_font_weight_tablet":"","ocean_menu_typo_font_weight_mobile":"","ocean_menu_typo_transform":"","ocean_menu_typo_transform_tablet":"","ocean_menu_typo_transform_mobile":"","ocean_menu_typo_line_height":0,"ocean_menu_typo_line_height_tablet":0,"ocean_menu_typo_line_height_mobile":0,"ocean_menu_typo_line_height_unit":"","ocean_menu_typo_spacing":0,"ocean_menu_typo_spacing_tablet":0,"ocean_menu_typo_spacing_mobile":0,"ocean_menu_typo_spacing_unit":"","ocean_menu_link_color":"","ocean_menu_link_color_hover":"","ocean_menu_link_color_active":"","ocean_menu_link_background":"","ocean_menu_link_hover_background":"","ocean_menu_link_active_background":"","ocean_menu_social_links_bg":"","ocean_menu_social_hover_links_bg":"","ocean_menu_social_links_color":"","ocean_menu_social_hover_links_color":"","ocean_disable_title":"default","ocean_disable_heading":"default","ocean_post_title":"","ocean_post_subheading":"","ocean_post_title_style":"","ocean_post_title_background_color":"","ocean_post_title_background":0,"ocean_post_title_bg_image_position":"","ocean_post_title_bg_image_attachment":"","ocean_post_title_bg_image_repeat":"","ocean_post_title_bg_image_size":"","ocean_post_title_height":0,"ocean_post_title_bg_overlay":0.5,"ocean_post_title_bg_overlay_color":"","ocean_disable_breadcrumbs":"default","ocean_breadcrumbs_color":"","ocean_breadcrumbs_separator_color":"","ocean_breadcrumbs_links_color":"","ocean_breadcrumbs_links_hover_color":"","ocean_display_footer_widgets":"default","ocean_display_footer_bottom":"default","ocean_custom_footer_template":"0"},"product_brand":[],"product_cat":[104,17,43],"product_tag":[24,25,23,22],"class_list":{"0":"post-3177","1":"product","2":"type-product","3":"status-publish","4":"has-post-thumbnail","6":"product_cat-extension-chargeur","7":"product_cat-ragwinn-hobby","8":"product_cat-ragwinn-tactics","9":"product_tag-chargeur","10":"product_tag-chargeur-2","11":"product_tag-extension","12":"product_tag-glock","13":"product_shipping_class-produit-leger-500g","15":"entry","16":"has-media","18":"first","19":"instock","20":"featured","21":"taxable","22":"shipping-taxable","23":"purchasable","24":"product-type-simple","25":"col","26":"span_1_of_4","27":"owp-content-center","28":"item-entry","29":"owp-thumbs-layout-horizontal","30":"owp-btn-big","31":"owp-tabs-layout-horizontal"},"_links":{"self":[{"href":"https:\/\/ragwinn.com\/de\/wp-json\/wp\/v2\/product\/3177","targetHints":{"allow":["GET"]}}],"collection":[{"href":"https:\/\/ragwinn.com\/de\/wp-json\/wp\/v2\/product"}],"about":[{"href":"https:\/\/ragwinn.com\/de\/wp-json\/wp\/v2\/types\/product"}],"replies":[{"embeddable":true,"href":"https:\/\/ragwinn.com\/de\/wp-json\/wp\/v2\/comments?post=3177"}],"version-history":[{"count":3,"href":"https:\/\/ragwinn.com\/de\/wp-json\/wp\/v2\/product\/3177\/revisions"}],"predecessor-version":[{"id":4157,"href":"https:\/\/ragwinn.com\/de\/wp-json\/wp\/v2\/product\/3177\/revisions\/4157"}],"wp:featuredmedia":[{"embeddable":true,"href":"https:\/\/ragwinn.com\/de\/wp-json\/wp\/v2\/media\/4153"}],"wp:attachment":[{"href":"https:\/\/ragwinn.com\/de\/wp-json\/wp\/v2\/media?parent=3177"}],"wp:term":[{"taxonomy":"product_brand","embeddable":true,"href":"https:\/\/ragwinn.com\/de\/wp-json\/wp\/v2\/product_brand?post=3177"},{"taxonomy":"product_cat","embeddable":true,"href":"https:\/\/ragwinn.com\/de\/wp-json\/wp\/v2\/product_cat?post=3177"},{"taxonomy":"product_tag","embeddable":true,"href":"https:\/\/ragwinn.com\/de\/wp-json\/wp\/v2\/product_tag?post=3177"}],"curies":[{"name":"wp","href":"https:\/\/api.w.org\/{rel}","templated":true}]}}