{"id":3149,"date":"2025-06-25T17:14:39","date_gmt":"2025-06-25T15:14:39","guid":{"rendered":"https:\/\/ragwinn.com\/?post_type=product&#038;p=3149"},"modified":"2026-05-04T18:47:05","modified_gmt":"2026-05-04T16:47:05","slug":"magwell-mr223-a3-zubehor","status":"publish","type":"product","link":"https:\/\/ragwinn.com\/de\/produit\/magwell-mr223-a3-accessoire","title":{"rendered":"Magwell MR223 A3"},"content":{"rendered":"<h1 style=\"text-align: center;\" data-start=\"501\" data-end=\"577\"><strong data-start=\"506\" data-end=\"577\">Magwell MR223 A3<\/strong><\/h1>\n<p data-start=\"579\" data-end=\"894\">Dieses Magwell aus Nylon wurde speziell f\u00fcr das HK MR223 A3 Gewehr entwickelt. Es erleichtert und beschleunigt das Einf\u00fchren des Magazins in den Schacht durch eine vergr\u00f6\u00dferte innere Abschr\u00e4gung, wodurch die Gefahr des Blockierens oder einer Fehlbedienung erheblich verringert wird, insbesondere beim schnellen Nachladen oder bei schlechten Lichtverh\u00e4ltnissen.<br \/>\nDieses Magwell besteht aus kohlefaserverst\u00e4rktem Nylon und ist besonders widerstandsf\u00e4hig gegen Abnutzung und intensive Nutzung.<\/p>\n<h2 style=\"text-align: center;\" data-start=\"1330\" data-end=\"1387\"><strong data-start=\"1337\" data-end=\"1387\">Technische Daten<\/strong><\/h2>\n<ul style=\"list-style-type: disc;\">\n<li><strong data-start=\"1391\" data-end=\"1415\">Kompatibilit\u00e4t\u00a0<\/strong>: Nur HK MR223 A3,<\/li>\n<li><strong data-start=\"1513\" data-end=\"1524\">Material<\/strong> : Mit Kohlenstofffasern gef\u00fclltes Nylon,<br \/>\n<strong data-start=\"1608\" data-end=\"1620\">Finishing<\/strong> : Schwarz strukturiert,<\/li>\n<li><strong data-start=\"1688\" data-end=\"1699\">Montage<\/strong> : Befestigung mit 2 seitlichen Schrauben (im Lieferumfang enthalten), ohne \u00c4nderung des Lowers<\/li>\n<li><strong data-start=\"1770\" data-end=\"1784\">Abnehmbar<\/strong> : Hinterl\u00e4sst keine Spuren auf der Waffe, auch nicht auf dem Cerakote der RAL8000-Version,<\/li>\n<li><strong data-start=\"1818\" data-end=\"1843\">Kompatible Ladeger\u00e4te<\/strong> : STANAG, Magpul PMAG Gen 2 \/ Gen 3, 2AMEND, etc,<\/li>\n<li><strong>Gewicht<\/strong> : <span class=\"NA6bn BxUVEf ILfuVd\" lang=\"en\"><span class=\"hgKElc pOOWX\">\u2264<\/span><\/span> 22g<\/li>\n<li data-start=\"1688\" data-end=\"1767\"><strong>Extreme Temperaturen<\/strong> : Best\u00e4ndig von -50\u00b0C bis +160\u00b0C*.<\/li>\n<li data-start=\"1688\" data-end=\"1767\"><strong>L\u00f6sungsmittel-, UV- und IR-Best\u00e4ndigkeit<\/strong> : Maximaler Schutz, egal in welcher Umgebung.<\/li>\n<\/ul>\n<h3 style=\"text-align: center;\"><strong>Sportschie\u00dfen und dynamisches Schie\u00dfen mit dem Magwell MR223 A3<\/strong><\/h3>\n<p>Der Magwell MR223 A3 ist ein unauff\u00e4lliges, aber effektives Zubeh\u00f6r f\u00fcr alle Benutzer, die ihre Manipulationen unter Belastung oder bei dynamischen Sch\u00fcssen optimieren m\u00f6chten.<br data-start=\"2106\" data-end=\"2109\" \/>Der Trichtereffekt verbessert den Fluss der Nachf\u00fcllungen bei Wettk\u00e4mpfen, am Stand oder unter intensiven Nutzungsbedingungen.<\/p>\n<hr \/>\n<p data-start=\"710\" data-end=\"757\"><strong data-start=\"710\" data-end=\"735\"><br \/>\n<\/strong><strong data-start=\"760\" data-end=\"788\">Version HK416 F <\/strong>verf\u00fcgbar auf dedizierter Karteikarte <a class=\"\" href=\"https:\/\/ragwinn.com\/de\/produit\/magwell-hk416-f-mr223-f-zubehor\/\" target=\"_blank\" rel=\"noopener\" data-start=\"817\" data-end=\"825\">hier<\/a>.<br \/>\n<strong data-start=\"710\" data-end=\"735\">Version AR15 Mil-Spec<\/strong> verf\u00fcgbar <a class=\"\" href=\"https:\/\/ragwinn.com\/de\/produit\/magwellar15\/\" target=\"_blank\" rel=\"noopener\" data-start=\"747\" data-end=\"755\">hier<\/a>.<\/p>\n<p data-start=\"710\" data-end=\"757\">Mehr \u00fcber Magwells :<\/p>\n<ul>\n<li data-start=\"1235\" data-end=\"1282\">\n<p data-start=\"1237\" data-end=\"1282\"><a class=\"\" href=\"https:\/\/crealib3d.com\/quest-ce-quun-magwell-et-pourquoi-en-utiliser\" target=\"_blank\" rel=\"noopener\" data-start=\"1237\" data-end=\"1280\">Was ist ein Magwell? (Artikel DE)<\/a><\/p>\n<\/li>\n<li data-start=\"1283\" data-end=\"1321\">\n<p data-start=\"1285\" data-end=\"1321\"><a class=\"\" href=\"https:\/\/www.anrkydexholsters.com\/what-is-a-magwell-why-do-they-matter\/\" target=\"_blank\" rel=\"noopener\" data-start=\"1285\" data-end=\"1321\">Was ist ein Magwell? (Artikel EN)<\/a><\/p>\n<\/li>\n<\/ul>","protected":false},"excerpt":{"rendered":"<p>Magwell f\u00fcr MR223 A3 der Marke Heckler und Koch.<br \/>\nMagwell aus schwarzem, kohlefaserverst\u00e4rktem Nylon f\u00fcr HK MR223 A3. Erm\u00f6glicht eine schnelle und effektive F\u00fchrung des Magazins in den Magazinschacht.<br data-start=\"772\" data-end=\"775\" \/>Installation ohne \u00c4nderung der Waffe. Kompatibel mit Standardmagazinen wie STANAG, PMAG usw.<\/p>","protected":false},"featured_media":4103,"comment_status":"open","ping_status":"closed","template":"","meta":{"ocean_post_layout":"","ocean_both_sidebars_style":"","ocean_both_sidebars_content_width":0,"ocean_both_sidebars_sidebars_width":0,"ocean_sidebar":"0","ocean_second_sidebar":"0","ocean_disable_margins":"enable","ocean_add_body_class":"","ocean_shortcode_before_top_bar":"","ocean_shortcode_after_top_bar":"","ocean_shortcode_before_header":"","ocean_shortcode_after_header":"","ocean_has_shortcode":"","ocean_shortcode_after_title":"","ocean_shortcode_before_footer_widgets":"","ocean_shortcode_after_footer_widgets":"","ocean_shortcode_before_footer_bottom":"","ocean_shortcode_after_footer_bottom":"","ocean_display_top_bar":"default","ocean_display_header":"default","ocean_header_style":"","ocean_center_header_left_menu":"0","ocean_custom_header_template":"0","ocean_custom_logo":0,"ocean_custom_retina_logo":0,"ocean_custom_logo_max_width":0,"ocean_custom_logo_tablet_max_width":0,"ocean_custom_logo_mobile_max_width":0,"ocean_custom_logo_max_height":0,"ocean_custom_logo_tablet_max_height":0,"ocean_custom_logo_mobile_max_height":0,"ocean_header_custom_menu":"0","ocean_menu_typo_font_family":"0","ocean_menu_typo_font_subset":"","ocean_menu_typo_font_size":0,"ocean_menu_typo_font_size_tablet":0,"ocean_menu_typo_font_size_mobile":0,"ocean_menu_typo_font_size_unit":"px","ocean_menu_typo_font_weight":"","ocean_menu_typo_font_weight_tablet":"","ocean_menu_typo_font_weight_mobile":"","ocean_menu_typo_transform":"","ocean_menu_typo_transform_tablet":"","ocean_menu_typo_transform_mobile":"","ocean_menu_typo_line_height":0,"ocean_menu_typo_line_height_tablet":0,"ocean_menu_typo_line_height_mobile":0,"ocean_menu_typo_line_height_unit":"","ocean_menu_typo_spacing":0,"ocean_menu_typo_spacing_tablet":0,"ocean_menu_typo_spacing_mobile":0,"ocean_menu_typo_spacing_unit":"","ocean_menu_link_color":"","ocean_menu_link_color_hover":"","ocean_menu_link_color_active":"","ocean_menu_link_background":"","ocean_menu_link_hover_background":"","ocean_menu_link_active_background":"","ocean_menu_social_links_bg":"","ocean_menu_social_hover_links_bg":"","ocean_menu_social_links_color":"","ocean_menu_social_hover_links_color":"","ocean_disable_title":"default","ocean_disable_heading":"default","ocean_post_title":"","ocean_post_subheading":"","ocean_post_title_style":"","ocean_post_title_background_color":"","ocean_post_title_background":0,"ocean_post_title_bg_image_position":"","ocean_post_title_bg_image_attachment":"","ocean_post_title_bg_image_repeat":"","ocean_post_title_bg_image_size":"","ocean_post_title_height":0,"ocean_post_title_bg_overlay":0.5,"ocean_post_title_bg_overlay_color":"","ocean_disable_breadcrumbs":"default","ocean_breadcrumbs_color":"","ocean_breadcrumbs_separator_color":"","ocean_breadcrumbs_links_color":"","ocean_breadcrumbs_links_hover_color":"","ocean_display_footer_widgets":"default","ocean_display_footer_bottom":"default","ocean_custom_footer_template":"0"},"product_brand":[],"product_cat":[85],"product_tag":[87,77],"class_list":{"0":"post-3149","1":"product","2":"type-product","3":"status-publish","4":"has-post-thumbnail","6":"product_cat-magwell","7":"product_tag-carabine","8":"product_tag-magwell","9":"product_shipping_class-produit-leger-500g","11":"entry","12":"has-media","14":"first","15":"onbackorder","16":"sale","17":"taxable","18":"shipping-taxable","19":"purchasable","20":"product-type-simple","21":"has-rating","22":"col","23":"span_1_of_4","24":"owp-content-center","25":"item-entry","26":"owp-thumbs-layout-horizontal","27":"owp-btn-big","28":"owp-tabs-layout-horizontal"},"_links":{"self":[{"href":"https:\/\/ragwinn.com\/de\/wp-json\/wp\/v2\/product\/3149","targetHints":{"allow":["GET"]}}],"collection":[{"href":"https:\/\/ragwinn.com\/de\/wp-json\/wp\/v2\/product"}],"about":[{"href":"https:\/\/ragwinn.com\/de\/wp-json\/wp\/v2\/types\/product"}],"replies":[{"embeddable":true,"href":"https:\/\/ragwinn.com\/de\/wp-json\/wp\/v2\/comments?post=3149"}],"version-history":[{"count":2,"href":"https:\/\/ragwinn.com\/de\/wp-json\/wp\/v2\/product\/3149\/revisions"}],"predecessor-version":[{"id":3683,"href":"https:\/\/ragwinn.com\/de\/wp-json\/wp\/v2\/product\/3149\/revisions\/3683"}],"wp:featuredmedia":[{"embeddable":true,"href":"https:\/\/ragwinn.com\/de\/wp-json\/wp\/v2\/media\/4103"}],"wp:attachment":[{"href":"https:\/\/ragwinn.com\/de\/wp-json\/wp\/v2\/media?parent=3149"}],"wp:term":[{"taxonomy":"product_brand","embeddable":true,"href":"https:\/\/ragwinn.com\/de\/wp-json\/wp\/v2\/product_brand?post=3149"},{"taxonomy":"product_cat","embeddable":true,"href":"https:\/\/ragwinn.com\/de\/wp-json\/wp\/v2\/product_cat?post=3149"},{"taxonomy":"product_tag","embeddable":true,"href":"https:\/\/ragwinn.com\/de\/wp-json\/wp\/v2\/product_tag?post=3149"}],"curies":[{"name":"wp","href":"https:\/\/api.w.org\/{rel}","templated":true}]}}