{"id":3147,"date":"2025-08-26T20:03:13","date_gmt":"2025-08-26T18:03:13","guid":{"rendered":"https:\/\/ragwinn.com\/?post_type=product&#038;p=3147"},"modified":"2026-05-04T18:44:42","modified_gmt":"2026-05-04T16:44:42","slug":"kartuschierer-lbd-40-bt-gl06-patronenhalter","status":"publish","type":"product","link":"https:\/\/ragwinn.com\/de\/produit\/cartouchiere-lbd-40-bt-gl06-porte-munitions","title":{"rendered":"Munitionstasche LBD 40 \u2013 B&amp;T GL06 \u2013 Magazinhalter"},"content":{"rendered":"<h1 style=\"text-align: center;\" data-start=\"287\" data-end=\"351\">Patronengurt LBD 40 mm f\u00fcr B&amp;T GL06-Werfer<\/h1>\n<p data-start=\"353\" data-end=\"689\">Dieser 40 mm Patronengurt wurde entwickelt, um den Strafverfolgungsbeh\u00f6rden im Einsatz Zeitersparnis und Effizienz zu bieten.<br data-start=\"517\" data-end=\"520\" \/>Ob Polizist, Gendarm oder privater Sicherheitsdienst, mit diesem Zubeh\u00f6r k\u00f6nnen Sie Folgendes mit sich f\u00fchren<strong data-start=\"547\" data-end=\"576\"> 3 40-mm-Munition<\/strong> sicher am Griff der Waffe und gew\u00e4hrleistet gleichzeitig einen schnellen Zugriff w\u00e4hrend des Einsatzes.<\/p>\n<p data-start=\"691\" data-end=\"949\">Der Patronengurt in der \"Linksausf\u00fchrung\" erm\u00f6glicht das Umklappen des LBD-Griffs ohne Demontage und passt sich so an Ihre Einsatzkonfiguration an.<br data-start=\"789\" data-end=\"792\" \/>Hergestellt in <strong data-start=\"805\" data-end=\"830\">ultrafestes Nylon<\/strong>Dieser Patroneng\u00fcrtel ist <strong data-start=\"855\" data-end=\"899\">vollst\u00e4ndig in Frankreich entworfen und hergestellt<\/strong>Das bedeutet, dass wir Qualit\u00e4t, Nachhaltigkeit und R\u00fcckverfolgbarkeit garantieren.<\/p>\n<hr data-start=\"951\" data-end=\"954\" \/>\n<h2 style=\"text-align: center;\" data-start=\"956\" data-end=\"1017\">Technische Daten des Patronengurt LBD 40 mm<\/h2>\n<ul data-start=\"1018\" data-end=\"1524\">\n<li data-start=\"1018\" data-end=\"1107\">\n<p data-start=\"1020\" data-end=\"1107\"><strong data-start=\"1020\" data-end=\"1034\">Kapazit\u00e4t :<\/strong> 3 x 40-mm-Munition f\u00fcr Werfer <a href=\"https:\/\/bt-ag.ch\/en\/produkt\/bt-launcher-gl06-black-cal-40-mm\/\" target=\"_blank\" rel=\"noopener\">GL06<\/a><\/p>\n<\/li>\n<li data-start=\"1108\" data-end=\"1155\">\n<p data-start=\"1110\" data-end=\"1155\"><strong data-start=\"1110\" data-end=\"1136\">Vielseitigkeit :<\/strong> Erm\u00f6glicht das Abklappen des LBD-Schafts ohne Werkzeug<\/p>\n<\/li>\n<li data-start=\"1156\" data-end=\"1219\">\n<p data-start=\"1158\" data-end=\"1219\"><strong data-start=\"1158\" data-end=\"1172\">Fixierung :<\/strong> 3 Schrauben im Lieferumfang enthalten<\/p>\n<\/li>\n<li data-start=\"1220\" data-end=\"1280\">\n<p data-start=\"1222\" data-end=\"1280\"><strong data-start=\"1222\" data-end=\"1237\">Retention :<\/strong> Passiv<\/p>\n<\/li>\n<li data-start=\"1281\" data-end=\"1364\">\n<p data-start=\"1283\" data-end=\"1364\"><strong data-start=\"1283\" data-end=\"1297\">Material :<\/strong> Nylon mit Kohlefaserverst\u00e4rkung, sto\u00dffest, l\u00f6sungsmittelbest\u00e4ndig und temperaturbest\u00e4ndig (-40\u00b0 \/ 160\u00b0C)<\/p>\n<\/li>\n<li data-start=\"1365\" data-end=\"1410\">\n<p data-start=\"1367\" data-end=\"1410\"><strong data-start=\"1367\" data-end=\"1384\">Herstellung :<\/strong> 100 % made in France<\/p>\n<\/li>\n<li data-start=\"1411\" data-end=\"1449\">\n<p data-start=\"1413\" data-end=\"1449\"><strong data-start=\"1413\" data-end=\"1437\">Gewicht :<\/strong> <span class=\"NA6bn BxUVEf ILfuVd\" lang=\"en\"><span class=\"hgKElc pOOWX\">\u2264<\/span><\/span> 170 g<\/p>\n<\/li>\n<li data-start=\"1450\" data-end=\"1524\">\n<p data-start=\"1452\" data-end=\"1524\"><strong data-start=\"1452\" data-end=\"1465\">Farbgebungen:<\/strong> Schwarz<\/p>\n<\/li>\n<\/ul>\n<hr data-start=\"1526\" data-end=\"1529\" \/>\n<h3 style=\"text-align: center;\" data-start=\"1531\" data-end=\"1554\">Schl\u00fcsselvorteile :<\/h3>\n<ul data-start=\"1555\" data-end=\"1953\">\n<li data-start=\"1555\" data-end=\"1622\">\n<p data-start=\"1557\" data-end=\"1622\">\u2705 Sicherer Transport Ihrer <strong data-start=\"1585\" data-end=\"1604\">40-mm-Munition<\/strong> bei Reisen<\/p>\n<\/li>\n<li data-start=\"1623\" data-end=\"1681\">\n<p data-start=\"1625\" data-end=\"1681\">\u2705 Schneller Zugriff f\u00fcr effektives Aufladen unter Stress<\/p>\n<\/li>\n<li data-start=\"1682\" data-end=\"1799\">\n<p data-start=\"1684\" data-end=\"1799\">\u2705 Produkt <strong data-start=\"1694\" data-end=\"1715\">robust und zuverl\u00e4ssig<\/strong>F\u00fcr anspruchsvolle Umgebungen geeignet (Stadt, Polizei, sensible Bereiche)<\/p>\n<\/li>\n<li data-start=\"1800\" data-end=\"1873\">\n<p data-start=\"1802\" data-end=\"1873\">\u2705 Version <strong data-start=\"1812\" data-end=\"1835\">Links- oder Rechtsh\u00e4nder<\/strong> : perfekte Ergonomie f\u00fcr den Sch\u00fctzen<\/p>\n<\/li>\n<li data-start=\"1874\" data-end=\"1953\">\n<p data-start=\"1876\" data-end=\"1953\">\u2705 Franz\u00f6sisches 100 %-Design: Unterst\u00fctzung f\u00fcr Innovationen aus dem Hexagon und f\u00fcr Qualit\u00e4t<\/p>\n<\/li>\n<\/ul>\n<hr data-start=\"1955\" data-end=\"1958\" \/>\n<h3 style=\"text-align: center;\" data-start=\"1960\" data-end=\"1991\">Betroffene Nutzer :<\/h3>\n<ul data-start=\"1992\" data-end=\"2171\">\n<li data-start=\"1992\" data-end=\"2036\">\n<p data-start=\"1994\" data-end=\"2036\">Ordnungskr\u00e4fte - Nationalpolizei (BAC, CRS, etc.) und Stadtpolizei, Nationalgendarmerie (PSIG, PI2G, GM, etc.).<\/p>\n<\/li>\n<li data-start=\"2076\" data-end=\"2119\">\n<p data-start=\"2078\" data-end=\"2119\">Spezielle Einsatzeinheiten (BRI, GIGN, RAID usw.).<\/p>\n<\/li>\n<\/ul>\n<hr \/>\n<p>Entdecken Sie auch unsere <a href=\"https:\/\/ragwinn.com\/de\/produit\/ladegerat-erweiterung-3-sig-sauer-sp2022\/\" target=\"_blank\" rel=\"noopener\">Absatz +3 f\u00fcr Sig Pro 2022<\/a> um Ihrem Magazin 3 zus\u00e4tzliche Munitionen hinzuzuf\u00fcgen, wobei die Originalfeder erhalten bleibt.<\/p>","protected":false},"excerpt":{"rendered":"<p>40-mm-Patronenhalter f\u00fcr LBD GL06.<br \/>\nErh\u00e4ltlich in 3 Versionen:<br \/>\n- Links vom Schaft (3 Munition + Klappschaft).<br \/>\n- Rechts vom Schaft ( 3 leicht zug\u00e4ngliche Munitionen).<br \/>\n- Auf beiden Seiten des Schafts (6 Schuss Munition in Reichweite f\u00fcr erh\u00f6hte operative Effizienz).<\/p>","protected":false},"featured_media":3208,"comment_status":"open","ping_status":"closed","template":"","meta":{"ocean_post_layout":"","ocean_both_sidebars_style":"","ocean_both_sidebars_content_width":0,"ocean_both_sidebars_sidebars_width":0,"ocean_sidebar":"0","ocean_second_sidebar":"0","ocean_disable_margins":"enable","ocean_add_body_class":"","ocean_shortcode_before_top_bar":"","ocean_shortcode_after_top_bar":"","ocean_shortcode_before_header":"","ocean_shortcode_after_header":"","ocean_has_shortcode":"","ocean_shortcode_after_title":"","ocean_shortcode_before_footer_widgets":"","ocean_shortcode_after_footer_widgets":"","ocean_shortcode_before_footer_bottom":"","ocean_shortcode_after_footer_bottom":"","ocean_display_top_bar":"default","ocean_display_header":"default","ocean_header_style":"","ocean_center_header_left_menu":"0","ocean_custom_header_template":"0","ocean_custom_logo":0,"ocean_custom_retina_logo":0,"ocean_custom_logo_max_width":0,"ocean_custom_logo_tablet_max_width":0,"ocean_custom_logo_mobile_max_width":0,"ocean_custom_logo_max_height":0,"ocean_custom_logo_tablet_max_height":0,"ocean_custom_logo_mobile_max_height":0,"ocean_header_custom_menu":"0","ocean_menu_typo_font_family":"0","ocean_menu_typo_font_subset":"","ocean_menu_typo_font_size":0,"ocean_menu_typo_font_size_tablet":0,"ocean_menu_typo_font_size_mobile":0,"ocean_menu_typo_font_size_unit":"px","ocean_menu_typo_font_weight":"","ocean_menu_typo_font_weight_tablet":"","ocean_menu_typo_font_weight_mobile":"","ocean_menu_typo_transform":"","ocean_menu_typo_transform_tablet":"","ocean_menu_typo_transform_mobile":"","ocean_menu_typo_line_height":0,"ocean_menu_typo_line_height_tablet":0,"ocean_menu_typo_line_height_mobile":0,"ocean_menu_typo_line_height_unit":"","ocean_menu_typo_spacing":0,"ocean_menu_typo_spacing_tablet":0,"ocean_menu_typo_spacing_mobile":0,"ocean_menu_typo_spacing_unit":"","ocean_menu_link_color":"","ocean_menu_link_color_hover":"","ocean_menu_link_color_active":"","ocean_menu_link_background":"","ocean_menu_link_hover_background":"","ocean_menu_link_active_background":"","ocean_menu_social_links_bg":"","ocean_menu_social_hover_links_bg":"","ocean_menu_social_links_color":"","ocean_menu_social_hover_links_color":"","ocean_disable_title":"default","ocean_disable_heading":"default","ocean_post_title":"","ocean_post_subheading":"","ocean_post_title_style":"","ocean_post_title_background_color":"","ocean_post_title_background":0,"ocean_post_title_bg_image_position":"","ocean_post_title_bg_image_attachment":"","ocean_post_title_bg_image_repeat":"","ocean_post_title_bg_image_size":"","ocean_post_title_height":0,"ocean_post_title_bg_overlay":0.5,"ocean_post_title_bg_overlay_color":"","ocean_disable_breadcrumbs":"default","ocean_breadcrumbs_color":"","ocean_breadcrumbs_separator_color":"","ocean_breadcrumbs_links_color":"","ocean_breadcrumbs_links_hover_color":"","ocean_display_footer_widgets":"default","ocean_display_footer_bottom":"default","ocean_custom_footer_template":"0"},"product_brand":[],"product_cat":[104,43],"product_tag":[95,125,123,86,124],"class_list":{"0":"post-3147","1":"product","2":"type-product","3":"status-publish","4":"has-post-thumbnail","6":"product_cat-extension-chargeur","7":"product_cat-ragwinn-tactics","8":"product_tag-gendarmerie","9":"product_tag-maintien-de-lordre","10":"product_tag-munitions","11":"product_tag-police","12":"product_tag-rechargement","13":"product_shipping_class-produit-leger-500g","15":"entry","16":"has-media","18":"first","19":"instock","20":"taxable","21":"shipping-taxable","22":"purchasable","23":"product-type-variable","24":"has-default-attributes","25":"col","26":"span_1_of_4","27":"owp-content-center","28":"item-entry","29":"owp-thumbs-layout-horizontal","30":"owp-btn-big","31":"owp-tabs-layout-horizontal"},"_links":{"self":[{"href":"https:\/\/ragwinn.com\/de\/wp-json\/wp\/v2\/product\/3147","targetHints":{"allow":["GET"]}}],"collection":[{"href":"https:\/\/ragwinn.com\/de\/wp-json\/wp\/v2\/product"}],"about":[{"href":"https:\/\/ragwinn.com\/de\/wp-json\/wp\/v2\/types\/product"}],"replies":[{"embeddable":true,"href":"https:\/\/ragwinn.com\/de\/wp-json\/wp\/v2\/comments?post=3147"}],"version-history":[{"count":4,"href":"https:\/\/ragwinn.com\/de\/wp-json\/wp\/v2\/product\/3147\/revisions"}],"predecessor-version":[{"id":4262,"href":"https:\/\/ragwinn.com\/de\/wp-json\/wp\/v2\/product\/3147\/revisions\/4262"}],"wp:featuredmedia":[{"embeddable":true,"href":"https:\/\/ragwinn.com\/de\/wp-json\/wp\/v2\/media\/3208"}],"wp:attachment":[{"href":"https:\/\/ragwinn.com\/de\/wp-json\/wp\/v2\/media?parent=3147"}],"wp:term":[{"taxonomy":"product_brand","embeddable":true,"href":"https:\/\/ragwinn.com\/de\/wp-json\/wp\/v2\/product_brand?post=3147"},{"taxonomy":"product_cat","embeddable":true,"href":"https:\/\/ragwinn.com\/de\/wp-json\/wp\/v2\/product_cat?post=3147"},{"taxonomy":"product_tag","embeddable":true,"href":"https:\/\/ragwinn.com\/de\/wp-json\/wp\/v2\/product_tag?post=3147"}],"curies":[{"name":"wp","href":"https:\/\/api.w.org\/{rel}","templated":true}]}}