{"id":2657,"date":"2025-03-12T11:33:33","date_gmt":"2025-03-12T10:33:33","guid":{"rendered":"https:\/\/ragwinn.com\/?post_type=product&#038;p=2657"},"modified":"2026-05-05T18:03:08","modified_gmt":"2026-05-05T16:03:08","slug":"magwell-glock-19-gen-5","status":"publish","type":"product","link":"https:\/\/ragwinn.com\/de\/produit\/magwell-glock-19-gen-5","title":{"rendered":"Magwell Glock 19"},"content":{"rendered":"<h1 style=\"text-align: center;\" data-pm-slice=\"1 1 []\"><strong>Magwell Glock 19<\/strong><\/h1>\n<h3 style=\"text-align: center;\"><strong>\" <\/strong><strong>Optimieren Sie Ihre Nachf\u00fcllungen und Ihren Grip <\/strong><strong>\"<\/strong><\/h3>\n<p>Verbessern Sie die Geschwindigkeit und Fl\u00fcssigkeit Ihrer Nachladevorg\u00e4nge mit diesem Magwell f\u00fcr die Glock 19 Gen 5.<br \/>\nMit seiner gro\u00dfz\u00fcgig erweiterten Eintrittsfl\u00e4che optimiert dieses Magwell das Einf\u00fchren des Magazins in den Schacht der Waffe und erm\u00f6glicht so ein schnelles, fl\u00fcssiges und instinktives Nachladen.<br \/>\nEr wurde f\u00fcr den Einsatz im Einsatz oder beim Sport entwickelt, liegt besser in der Hand und tr\u00e4gt dazu bei, die Laufachse abzusenken, wodurch die R\u00fccksto\u00dfkontrolle und die Schussgenauigkeit optimiert werden.<\/p>\n<h2 style=\"text-align: center;\"><strong>Warum sollten Sie sich f\u00fcr unseren Magwell Glock 19 Gen 5 entscheiden?<\/strong><\/h2>\n<ul>\n<li><strong>Beschleunigtes Aufladen<\/strong> : Sein trichterf\u00f6rmiges Design (bis zu 95\u00b0 Winkel) f\u00fchrt das Ladeger\u00e4t auf nat\u00fcrliche Weise f\u00fcr ein schnelles Einsetzen.<\/li>\n<li><strong>F\u00fcr den Sch\u00fctzen entwickelt :<\/strong> Kompatibel mit der Verwendung eines Backstraps und einer Handschlaufe dank des vorgesehenen Platzes.<\/li>\n<li><strong>Erweiterte Kompatibilit\u00e4t<\/strong> : Funktioniert mit Magazinen von Glock, Magpul GL9 PMAG (<a href=\"https:\/\/ragwinn.com\/de\/produit\/talon-2-pmag-magpul-gl9-glock-17-19-19x-26-45\/\" target=\"_blank\" rel=\"noopener\">abs\u00e4tze +2 hier verf\u00fcgbar<\/a>), Fab Defense und Sgm Tactical.<\/li>\n<li><strong>Schnelle und sichere Installation<\/strong> : Montage durch Verschrauben, ohne dass die Waffe ver\u00e4ndert werden muss.<\/li>\n<li><strong>Robustheit &amp; Leichtigkeit<\/strong> : In Frankreich aus einem verst\u00e4rkten Polymer hergestellt, widersteht es St\u00f6\u00dfen, extremen Temperaturen (-40\u00b0C bis +160\u00b0C), L\u00f6sungsmitteln und UV-Strahlen und wiegt weniger als 9g.<\/li>\n<li><strong>F\u00fcr den operativen Einsatz konzipiert<\/strong> : Von mehreren Einheiten und Schie\u00dfausbildern getestet und f\u00fcr gut befunden, von einigen Profis wegen seines Low-Profile-Looks gesch\u00e4tzt.<\/li>\n<\/ul>\n<h2 style=\"text-align: center;\"><strong>Schnelle Installation in 4 Schritten :<\/strong><\/h2>\n<ol start=\"1\" data-spread=\"false\">\n<li>F\u00fchren Sie den Einsatz in den Schaft der Glock 19 Gen 5 ein.<\/li>\n<li>Positionieren Sie die Magwell Glock 19 um den Magazinschacht.<\/li>\n<li>Dr\u00fccken Sie ihn nach hinten, bis er mit dem Einsatz einrastet.<\/li>\n<li>Ziehen Sie den hinteren Bereich fest und schrauben Sie ihn bis zur mechanischen Festigkeit fest.<\/li>\n<\/ol>\n<p>Ihr Magwell ist einsatzbereit!<\/p>\n<h2 style=\"text-align: center;\"><strong>Magwell-Kompatibilit\u00e4t :<\/strong><\/h2>\n<p>Kompatibel mit den Modellen Glock 19 und 23 Gen 5.<strong><br \/>\n<\/strong>Magwell-Version <a href=\"https:\/\/ragwinn.com\/de\/produit\/magwell-glock-17-45-34-gen-5\/\" target=\"_blank\" rel=\"noopener\">Glock 17, 45 und 34 Gen5 hier erh\u00e4ltlich<\/a>.<br \/>\nMagwell-Version <a href=\"https:\/\/ragwinn.com\/de\/produit\/magwell-glock-43x\/\" target=\"_blank\" rel=\"noopener\">Glock 43X hier erh\u00e4ltlich<\/a>.<br \/>\nNicht kompatibel mit der Glock 17\/19X\/34\/45 Gen 5, Glock im Kaliber .45 und den Generationen 1 bis 4.<\/p>\n<h3 style=\"text-align: center;\"><strong>Ein unverzichtbares Zubeh\u00f6r f\u00fcr Besitzer einer Glock 19<\/strong><\/h3>\n<p>Egal, ob Sie ein Profi oder ein begeisterter Sch\u00fctze sind, die Magwell Glock 19 Gen5 ist ein zuverl\u00e4ssiger Verb\u00fcndeter. Die optimierte Ergonomie verbessert den Griff und die Kontrolle der Waffe, w\u00e4hrend die Low-Profile-Gr\u00f6\u00dfe und das Infrarotstrahlen (IR) absorbierende Material bei unauff\u00e4lligen Missionen von Vorteil sind.<\/p>\n<p>Entdecken Sie auch unsere Erweiterungen von <a href=\"https:\/\/ragwinn.com\/de\/produit\/ladegerat-erweiterung-2-magazin-glock-9x19\/\" target=\"_blank\" rel=\"noopener\">Magazin f\u00fcr Glock<\/a> und <a href=\"https:\/\/ragwinn.com\/de\/produit\/talon-2-pmag-magpul-gl9-glock-17-19-19x-26-45\/\" target=\"_blank\" rel=\"noopener\">Magpul PMAG 17 GL9<\/a> um dessen Kapazit\u00e4t zu erh\u00f6hen.<\/p>\n<p>Mehr Informationen dar\u00fcber, wie man sein Magwell ausw\u00e4hlt <a href=\"https:\/\/crealib3d.com\/quest-ce-quun-magwell-et-pourquoi-en-utiliser\" target=\"_blank\" rel=\"noreferrer noopener\">hier<\/a>\u00a0(auf Franz\u00f6sisch) und\u00a0<a href=\"https:\/\/www.anrkydexholsters.com\/what-is-a-magwell-why-do-they-matter\/\" target=\"_blank\" rel=\"noreferrer noopener\">hier<\/a>\u00a0(auf Englisch).<\/p>\n<p style=\"text-align: center;\"><strong>R\u00fcsten Sie Ihre Glock 19 Gen 5 mit dem Ragwinn Magwell aus und steigern Sie die Effizienz bei jedem Nachladen.<\/strong><\/p>","protected":false},"excerpt":{"rendered":"<p>Das Magwell f\u00fcr die Glock 19 Gen 5 optimiert Ihre Nachladevorg\u00e4nge, indem es einen verbesserten Magazineinf\u00fchrwinkel bietet.<br \/>\nKompatibel mit der Glock 19 und 23 Gen5, erm\u00f6glicht die Verwendung von Backstrap und Handschlaufe.<br \/>\nDas Design des Magwell ist f\u00fcr den operativen Einsatz optimiert.<\/p>","protected":false},"featured_media":2659,"comment_status":"open","ping_status":"closed","template":"","meta":{"ocean_post_layout":"","ocean_both_sidebars_style":"","ocean_both_sidebars_content_width":0,"ocean_both_sidebars_sidebars_width":0,"ocean_sidebar":"0","ocean_second_sidebar":"0","ocean_disable_margins":"enable","ocean_add_body_class":"","ocean_shortcode_before_top_bar":"","ocean_shortcode_after_top_bar":"","ocean_shortcode_before_header":"","ocean_shortcode_after_header":"","ocean_has_shortcode":"","ocean_shortcode_after_title":"","ocean_shortcode_before_footer_widgets":"","ocean_shortcode_after_footer_widgets":"","ocean_shortcode_before_footer_bottom":"","ocean_shortcode_after_footer_bottom":"","ocean_display_top_bar":"default","ocean_display_header":"default","ocean_header_style":"","ocean_center_header_left_menu":"0","ocean_custom_header_template":"0","ocean_custom_logo":0,"ocean_custom_retina_logo":0,"ocean_custom_logo_max_width":0,"ocean_custom_logo_tablet_max_width":0,"ocean_custom_logo_mobile_max_width":0,"ocean_custom_logo_max_height":0,"ocean_custom_logo_tablet_max_height":0,"ocean_custom_logo_mobile_max_height":0,"ocean_header_custom_menu":"0","ocean_menu_typo_font_family":"0","ocean_menu_typo_font_subset":"","ocean_menu_typo_font_size":0,"ocean_menu_typo_font_size_tablet":0,"ocean_menu_typo_font_size_mobile":0,"ocean_menu_typo_font_size_unit":"px","ocean_menu_typo_font_weight":"","ocean_menu_typo_font_weight_tablet":"","ocean_menu_typo_font_weight_mobile":"","ocean_menu_typo_transform":"","ocean_menu_typo_transform_tablet":"","ocean_menu_typo_transform_mobile":"","ocean_menu_typo_line_height":0,"ocean_menu_typo_line_height_tablet":0,"ocean_menu_typo_line_height_mobile":0,"ocean_menu_typo_line_height_unit":"","ocean_menu_typo_spacing":0,"ocean_menu_typo_spacing_tablet":0,"ocean_menu_typo_spacing_mobile":0,"ocean_menu_typo_spacing_unit":"","ocean_menu_link_color":"","ocean_menu_link_color_hover":"","ocean_menu_link_color_active":"","ocean_menu_link_background":"","ocean_menu_link_hover_background":"","ocean_menu_link_active_background":"","ocean_menu_social_links_bg":"","ocean_menu_social_hover_links_bg":"","ocean_menu_social_links_color":"","ocean_menu_social_hover_links_color":"","ocean_disable_title":"default","ocean_disable_heading":"default","ocean_post_title":"","ocean_post_subheading":"","ocean_post_title_style":"","ocean_post_title_background_color":"","ocean_post_title_background":0,"ocean_post_title_bg_image_position":"","ocean_post_title_bg_image_attachment":"","ocean_post_title_bg_image_repeat":"","ocean_post_title_bg_image_size":"","ocean_post_title_height":0,"ocean_post_title_bg_overlay":0.5,"ocean_post_title_bg_overlay_color":"","ocean_disable_breadcrumbs":"default","ocean_breadcrumbs_color":"","ocean_breadcrumbs_separator_color":"","ocean_breadcrumbs_links_color":"","ocean_breadcrumbs_links_hover_color":"","ocean_display_footer_widgets":"default","ocean_display_footer_bottom":"default","ocean_custom_footer_template":"0"},"product_brand":[],"product_cat":[85,43],"product_tag":[33,22,77,86],"class_list":{"0":"post-2657","1":"product","2":"type-product","3":"status-publish","4":"has-post-thumbnail","6":"product_cat-magwell","7":"product_cat-ragwinn-tactics","8":"product_tag-armee","9":"product_tag-glock","10":"product_tag-magwell","11":"product_tag-police","12":"product_shipping_class-produit-leger-500g","14":"entry","15":"has-media","17":"first","18":"instock","19":"taxable","20":"shipping-taxable","21":"purchasable","22":"product-type-simple","23":"col","24":"span_1_of_4","25":"owp-content-center","26":"item-entry","27":"owp-thumbs-layout-horizontal","28":"owp-btn-big","29":"owp-tabs-layout-horizontal"},"_links":{"self":[{"href":"https:\/\/ragwinn.com\/de\/wp-json\/wp\/v2\/product\/2657","targetHints":{"allow":["GET"]}}],"collection":[{"href":"https:\/\/ragwinn.com\/de\/wp-json\/wp\/v2\/product"}],"about":[{"href":"https:\/\/ragwinn.com\/de\/wp-json\/wp\/v2\/types\/product"}],"replies":[{"embeddable":true,"href":"https:\/\/ragwinn.com\/de\/wp-json\/wp\/v2\/comments?post=2657"}],"version-history":[{"count":3,"href":"https:\/\/ragwinn.com\/de\/wp-json\/wp\/v2\/product\/2657\/revisions"}],"predecessor-version":[{"id":4355,"href":"https:\/\/ragwinn.com\/de\/wp-json\/wp\/v2\/product\/2657\/revisions\/4355"}],"wp:featuredmedia":[{"embeddable":true,"href":"https:\/\/ragwinn.com\/de\/wp-json\/wp\/v2\/media\/2659"}],"wp:attachment":[{"href":"https:\/\/ragwinn.com\/de\/wp-json\/wp\/v2\/media?parent=2657"}],"wp:term":[{"taxonomy":"product_brand","embeddable":true,"href":"https:\/\/ragwinn.com\/de\/wp-json\/wp\/v2\/product_brand?post=2657"},{"taxonomy":"product_cat","embeddable":true,"href":"https:\/\/ragwinn.com\/de\/wp-json\/wp\/v2\/product_cat?post=2657"},{"taxonomy":"product_tag","embeddable":true,"href":"https:\/\/ragwinn.com\/de\/wp-json\/wp\/v2\/product_tag?post=2657"}],"curies":[{"name":"wp","href":"https:\/\/api.w.org\/{rel}","templated":true}]}}