{"id":2420,"date":"2025-02-19T11:28:17","date_gmt":"2025-02-19T10:28:17","guid":{"rendered":"https:\/\/ragwinn.com\/?post_type=product&#038;p=2420"},"modified":"2026-05-04T18:47:07","modified_gmt":"2026-05-04T16:47:07","slug":"absatz-3-sp2022","status":"publish","type":"product","link":"https:\/\/ragwinn.com\/de\/produit\/talon-3-sp2022","title":{"rendered":"Magazinbodenplatte +3 SP2022"},"content":{"rendered":"<h1 style=\"text-align: center;\"><strong>Absatz +3 SP2022<\/strong><\/h1>\n<p data-start=\"232\" data-end=\"522\">Optimieren Sie die Kapazit\u00e4t Ihres Magazins, indem Sie 3 zus\u00e4tzliche Patronen hinzuf\u00fcgen und dabei die Originalfeder beibehalten.<br \/>\nDieses Zubeh\u00f6r wurde f\u00fcr eine optimale Ergonomie entworfen, verbessert die Griffigkeit und erleichtert das Herausnehmen des Ladeger\u00e4ts.<br \/>\nSein strukturierter Boden erm\u00f6glicht auch das Eintragen einer Nummer zur schnellen Identifizierung.<\/p>\n<h2 style=\"text-align: center;\" data-start=\"746\" data-end=\"816\"><strong data-start=\"750\" data-end=\"814\">Warum sollten Sie sich f\u00fcr unsere Ladeerweiterung f\u00fcr SP2022 entscheiden?<\/strong><\/h2>\n<ul>\n<li><strong data-start=\"507\" data-end=\"529\">Erh\u00f6hte Kapazit\u00e4t<\/strong> : F\u00fcgt Ihrem Magazin 3 Munitionen hinzu, was sowohl im Wettkampf als auch in heiklen Situationen von Vorteil ist.<\/li>\n<li><strong data-start=\"627\" data-end=\"650\">Optimierte Ergonomie<\/strong> : Sein seitliches Design erleichtert die Handhabung und das Herausnehmen.<\/li>\n<li><strong data-start=\"718\" data-end=\"741\">Robuste Herstellung<\/strong> : In Frankreich aus einem verst\u00e4rkten Polymer hergestellt, das sto\u00df- und verschlei\u00dffest ist.<\/li>\n<li><strong data-start=\"825\" data-end=\"844\">Individuell anpassbar<\/strong> : Nummerieren Sie Ihre Magazine mit einem \"Posca\"-Filzstift oder einem Fettstift.<\/li>\n<li><strong data-start=\"919\" data-end=\"942\">Schnelle Installation<\/strong> : L\u00e4sst sich einfach mit einer Schraube befestigen, ohne das Originalmagazin zu ver\u00e4ndern.<\/li>\n<\/ul>\n<p><em>Hinweis: Im Lieferumfang sind nur die Ladeferse und die Schrauben enthalten.<\/em><\/p>\n<p>Entdecken Sie auch unsere <a href=\"https:\/\/ragwinn.com\/de\/etiquette-produit\/erweiterung\/\" target=\"_blank\" rel=\"noopener\">Magazinerweiterungen f\u00fcr Glock.<\/a><\/p>\n<p>Achtung :<br \/>\nBitte informieren Sie sich vor der Bestellung \u00fcber die in Ihrem Land\/Ihrer Region geltenden Vorschriften.<br \/>\nIn Frankreich darf das Magazin einer Handfeuerwaffe der Kategorie B-1 im November 2024 nicht mehr als 20 Schuss Munition enthalten. Bei mehr als 20 Schuss wird das Magazin in die Kategorie A1 8 eingestuft, die nur von TSV-Sch\u00fctzen verwendet werden darf.<a href=\"https:\/\/www.legifrance.gouv.fr\/codes\/article_lc\/LEGIARTI000037144152\" target=\"_blank\" rel=\"noreferrer noopener\">R312-45-1<\/a>).<br \/>\nProduit destin\u00e9 \u00e0 un usage en stand type FFT.<br \/>\nPolicier, gendarme, militaire ou douanier, v\u00e9rifiez les r\u00e9glementations concernant les modifications de l&rsquo;arme administrative avant l&rsquo;ajout d&rsquo;un talon +3 SP2022.<br \/>\n<strong>Produit uniquement destin\u00e9 \u00e0 un usage en stand de tir type FFT<\/strong>.<\/p>","protected":false},"excerpt":{"rendered":"<div class=\"woocommerce-product-details__short-description\">\n<p data-start=\"0\" data-end=\"92\">Dieser Magazinbodenplatte erweitert die Kapazit\u00e4t Ihres SP2022-Magazins um drei zus\u00e4tzliche Patronen.<\/p>\n<p data-start=\"194\" data-end=\"358\">Die Basis des Magazinbodenplatte ist speziell so gestaltet, dass Sie Ihre Magazine nummerieren k\u00f6nnen.<\/p>\n<\/div>","protected":false},"featured_media":2727,"comment_status":"open","ping_status":"closed","template":"","meta":{"ocean_post_layout":"","ocean_both_sidebars_style":"","ocean_both_sidebars_content_width":0,"ocean_both_sidebars_sidebars_width":0,"ocean_sidebar":"0","ocean_second_sidebar":"0","ocean_disable_margins":"enable","ocean_add_body_class":"","ocean_shortcode_before_top_bar":"","ocean_shortcode_after_top_bar":"","ocean_shortcode_before_header":"","ocean_shortcode_after_header":"","ocean_has_shortcode":"","ocean_shortcode_after_title":"","ocean_shortcode_before_footer_widgets":"","ocean_shortcode_after_footer_widgets":"","ocean_shortcode_before_footer_bottom":"","ocean_shortcode_after_footer_bottom":"","ocean_display_top_bar":"default","ocean_display_header":"default","ocean_header_style":"","ocean_center_header_left_menu":"0","ocean_custom_header_template":"0","ocean_custom_logo":0,"ocean_custom_retina_logo":0,"ocean_custom_logo_max_width":0,"ocean_custom_logo_tablet_max_width":0,"ocean_custom_logo_mobile_max_width":0,"ocean_custom_logo_max_height":0,"ocean_custom_logo_tablet_max_height":0,"ocean_custom_logo_mobile_max_height":0,"ocean_header_custom_menu":"0","ocean_menu_typo_font_family":"0","ocean_menu_typo_font_subset":"","ocean_menu_typo_font_size":0,"ocean_menu_typo_font_size_tablet":0,"ocean_menu_typo_font_size_mobile":0,"ocean_menu_typo_font_size_unit":"px","ocean_menu_typo_font_weight":"","ocean_menu_typo_font_weight_tablet":"","ocean_menu_typo_font_weight_mobile":"","ocean_menu_typo_transform":"","ocean_menu_typo_transform_tablet":"","ocean_menu_typo_transform_mobile":"","ocean_menu_typo_line_height":0,"ocean_menu_typo_line_height_tablet":0,"ocean_menu_typo_line_height_mobile":0,"ocean_menu_typo_line_height_unit":"","ocean_menu_typo_spacing":0,"ocean_menu_typo_spacing_tablet":0,"ocean_menu_typo_spacing_mobile":0,"ocean_menu_typo_spacing_unit":"","ocean_menu_link_color":"","ocean_menu_link_color_hover":"","ocean_menu_link_color_active":"","ocean_menu_link_background":"","ocean_menu_link_hover_background":"","ocean_menu_link_active_background":"","ocean_menu_social_links_bg":"","ocean_menu_social_hover_links_bg":"","ocean_menu_social_links_color":"","ocean_menu_social_hover_links_color":"","ocean_disable_title":"default","ocean_disable_heading":"default","ocean_post_title":"","ocean_post_subheading":"","ocean_post_title_style":"","ocean_post_title_background_color":"","ocean_post_title_background":0,"ocean_post_title_bg_image_position":"","ocean_post_title_bg_image_attachment":"","ocean_post_title_bg_image_repeat":"","ocean_post_title_bg_image_size":"","ocean_post_title_height":0,"ocean_post_title_bg_overlay":0.5,"ocean_post_title_bg_overlay_color":"","ocean_disable_breadcrumbs":"default","ocean_breadcrumbs_color":"","ocean_breadcrumbs_separator_color":"","ocean_breadcrumbs_links_color":"","ocean_breadcrumbs_links_hover_color":"","ocean_display_footer_widgets":"default","ocean_display_footer_bottom":"default","ocean_custom_footer_template":"0"},"product_brand":[],"product_cat":[17],"product_tag":[],"class_list":{"0":"post-2420","1":"product","2":"type-product","3":"status-publish","4":"has-post-thumbnail","6":"product_cat-ragwinn-hobby","7":"product_shipping_class-produit-leger-500g","9":"entry","10":"has-media","12":"first","13":"instock","14":"sale","15":"taxable","16":"shipping-taxable","17":"purchasable","18":"product-type-simple","19":"has-rating","20":"col","21":"span_1_of_4","22":"owp-content-center","23":"item-entry","24":"owp-thumbs-layout-horizontal","25":"owp-btn-big","26":"owp-tabs-layout-horizontal"},"_links":{"self":[{"href":"https:\/\/ragwinn.com\/de\/wp-json\/wp\/v2\/product\/2420","targetHints":{"allow":["GET"]}}],"collection":[{"href":"https:\/\/ragwinn.com\/de\/wp-json\/wp\/v2\/product"}],"about":[{"href":"https:\/\/ragwinn.com\/de\/wp-json\/wp\/v2\/types\/product"}],"replies":[{"embeddable":true,"href":"https:\/\/ragwinn.com\/de\/wp-json\/wp\/v2\/comments?post=2420"}],"version-history":[{"count":8,"href":"https:\/\/ragwinn.com\/de\/wp-json\/wp\/v2\/product\/2420\/revisions"}],"predecessor-version":[{"id":4230,"href":"https:\/\/ragwinn.com\/de\/wp-json\/wp\/v2\/product\/2420\/revisions\/4230"}],"wp:featuredmedia":[{"embeddable":true,"href":"https:\/\/ragwinn.com\/de\/wp-json\/wp\/v2\/media\/2727"}],"wp:attachment":[{"href":"https:\/\/ragwinn.com\/de\/wp-json\/wp\/v2\/media?parent=2420"}],"wp:term":[{"taxonomy":"product_brand","embeddable":true,"href":"https:\/\/ragwinn.com\/de\/wp-json\/wp\/v2\/product_brand?post=2420"},{"taxonomy":"product_cat","embeddable":true,"href":"https:\/\/ragwinn.com\/de\/wp-json\/wp\/v2\/product_cat?post=2420"},{"taxonomy":"product_tag","embeddable":true,"href":"https:\/\/ragwinn.com\/de\/wp-json\/wp\/v2\/product_tag?post=2420"}],"curies":[{"name":"wp","href":"https:\/\/api.w.org\/{rel}","templated":true}]}}