{"id":3,"date":"2023-12-02T17:26:16","date_gmt":"2023-12-02T16:26:16","guid":{"rendered":"http:\/\/ragwinn.com\/?page_id=3"},"modified":"2025-02-28T14:45:52","modified_gmt":"2025-02-28T13:45:52","slug":"datenschutzrichtlinie","status":"publish","type":"page","link":"https:\/\/ragwinn.com\/de\/politique-de-confidentialite","title":{"rendered":"Datenschutzrichtlinie"},"content":{"rendered":"<div data-elementor-type=\"wp-page\" data-elementor-id=\"3\" class=\"elementor elementor-3\">\n\t\t\t\t\t\t<section class=\"elementor-section elementor-top-section elementor-element elementor-element-0e0592a elementor-section-boxed elementor-section-height-default elementor-section-height-default\" data-id=\"0e0592a\" data-element_type=\"section\" data-e-type=\"section\">\n\t\t\t\t\t\t<div class=\"elementor-container elementor-column-gap-default\">\n\t\t\t\t\t<div class=\"elementor-column elementor-col-100 elementor-top-column elementor-element elementor-element-f89a129\" data-id=\"f89a129\" data-element_type=\"column\" data-e-type=\"column\">\n\t\t\t<div class=\"elementor-widget-wrap elementor-element-populated\">\n\t\t\t\t\t\t<div class=\"elementor-element elementor-element-e36f608 elementor-widget elementor-widget-heading\" data-id=\"e36f608\" data-element_type=\"widget\" data-e-type=\"widget\" data-widget_type=\"heading.default\">\n\t\t\t\t<div class=\"elementor-widget-container\">\n\t\t\t\t\t<h1 class=\"elementor-heading-title elementor-size-default\">Datenschutzrichtlinie<\/h1>\t\t\t\t<\/div>\n\t\t\t\t<\/div>\n\t\t\t\t\t<\/div>\n\t\t<\/div>\n\t\t\t\t\t<\/div>\n\t\t<\/section>\n\t\t\t\t<section class=\"elementor-section elementor-top-section elementor-element elementor-element-01761f7 elementor-section-boxed elementor-section-height-default elementor-section-height-default\" data-id=\"01761f7\" data-element_type=\"section\" data-e-type=\"section\">\n\t\t\t\t\t\t<div class=\"elementor-container elementor-column-gap-default\">\n\t\t\t\t\t<div class=\"elementor-column elementor-col-100 elementor-top-column elementor-element elementor-element-c4f8a19\" data-id=\"c4f8a19\" data-element_type=\"column\" data-e-type=\"column\">\n\t\t\t<div class=\"elementor-widget-wrap elementor-element-populated\">\n\t\t\t\t\t\t<div class=\"elementor-element elementor-element-e3d2bf3 elementor-widget elementor-widget-text-editor\" data-id=\"e3d2bf3\" data-element_type=\"widget\" data-e-type=\"widget\" data-widget_type=\"text-editor.default\">\n\t\t\t\t<div class=\"elementor-widget-container\">\n\t\t\t\t\t\t\t\t\t<p>Der Administrator SARL IVERN der Website Ragwinn.com nimmt den Schutz der Privatsph\u00e4re und den Schutz personenbezogener Daten unter Beachtung der geltenden Bestimmungen und insbesondere der Europ\u00e4ischen Verordnung 2016\/679 vom 27. April 2016 und des Gesetzes Nr. 78-17 vom 6. Januar 1978 (Loi Informatique et Libert\u00e9s\") sowie aller Gesetze oder Vorschriften, die dieses Gesetz erg\u00e4nzen oder ersetzen, sehr ernst. Ziel dieser Datenschutzrichtlinie ist es, Sie dar\u00fcber zu informieren, wie das Unternehmen personenbezogene Daten verarbeitet.<\/p>\t\t\t\t\t\t\t\t<\/div>\n\t\t\t\t<\/div>\n\t\t\t\t\t<\/div>\n\t\t<\/div>\n\t\t\t\t\t<\/div>\n\t\t<\/section>\n\t\t\t\t<section class=\"elementor-section elementor-top-section elementor-element elementor-element-143ca8f3 elementor-section-boxed elementor-section-height-default elementor-section-height-default\" data-id=\"143ca8f3\" data-element_type=\"section\" data-e-type=\"section\">\n\t\t\t\t\t\t<div class=\"elementor-container elementor-column-gap-default\">\n\t\t\t\t\t<div class=\"elementor-column elementor-col-100 elementor-top-column elementor-element elementor-element-37385692\" data-id=\"37385692\" data-element_type=\"column\" data-e-type=\"column\">\n\t\t\t<div class=\"elementor-widget-wrap elementor-element-populated\">\n\t\t\t\t\t\t<div class=\"elementor-element elementor-element-e8016ef elementor-widget elementor-widget-heading\" data-id=\"e8016ef\" data-element_type=\"widget\" data-e-type=\"widget\" data-widget_type=\"heading.default\">\n\t\t\t\t<div class=\"elementor-widget-container\">\n\t\t\t\t\t<h2 class=\"elementor-heading-title elementor-size-default\">Artikel 1 - Schutz personenbezogener Daten<\/h2>\t\t\t\t<\/div>\n\t\t\t\t<\/div>\n\t\t\t\t<div class=\"elementor-element elementor-element-271e8b19 elementor-widget elementor-widget-text-editor\" data-id=\"271e8b19\" data-element_type=\"widget\" data-e-type=\"widget\" data-widget_type=\"text-editor.default\">\n\t\t\t\t<div class=\"elementor-widget-container\">\n\t\t\t\t\t\t\t\t\t\n<h3 class=\"wp-block-heading\">1.1 Sammeln von pers\u00f6nlichen Daten<\/h3>\n<p>Die personenbezogenen Daten, die auf dieser Website erhoben werden, sind folgende:<\/p>\n<p><b>Konto er\u00f6ffnen<\/b><\/p>\n<p>Bei der Erstellung des Nutzerkontos: Vor- und Nachname, E-Mail-Adresse und Geburtsdatum.<\/p>\n<p><b>Verbindung<\/b><\/p>\n<p>Bei der Verbindung des Nutzers mit der Website speichert diese unter anderem seinen Namen, Vornamen, Verbindungs-, Nutzungs- und Standortdaten sowie seine Zahlungsdaten.<\/p>\n<p><b>Profil<\/b><\/p>\n<p>Die Nutzung der auf der Website vorgesehenen Leistungen erm\u00f6glicht es, ein Profil auszuf\u00fcllen, das eine Adresse und eine Telefonnummer enthalten kann.<\/p>\n<p><b>Zahlung<\/b><\/p>\n<p>Im Rahmen der Bezahlung der auf der Website angebotenen Produkte und Leistungen speichert diese finanzielle Daten \u00fcber das Bankkonto oder die Kreditkarte des Nutzers.<\/p>\n<p><b>Kommunikation<\/b><\/p>\n<p>Wenn die Website zur Kommunikation mit anderen Mitgliedern genutzt wird, werden die Daten \u00fcber die Kommunikation des Nutzers vor\u00fcbergehend gespeichert.<\/p>\n<p><b>Cookies<\/b><\/p>\n<p>Cookies werden im Zusammenhang mit der Nutzung der Website verwendet. Der Nutzer hat die M\u00f6glichkeit, Cookies \u00fcber die Einstellungen seines Browsers zu deaktivieren.<\/p>\n<h3>1.2 Verwendung von pers\u00f6nlichen Daten<\/h3>\n<p>Die von den Nutzern erhobenen personenbezogenen Daten dienen dazu, die Dienste der Website zur Verf\u00fcgung zu stellen, sie zu verbessern und eine sichere Umgebung aufrechtzuerhalten. Im Einzelnen werden sie wie folgt verwendet:<\/p>\n<p>Zugang und Nutzung der Seite durch den Nutzer ;<\/p>\n<p>Verwaltung des Betriebs und Optimierung der Website ;<\/p>\n<p>Organisation der Bedingungen f\u00fcr die Nutzung von Zahlungsdiensten ;<\/p>\n<p>\u00dcberpr\u00fcfung, Identifizierung und Authentifizierung der vom Nutzer \u00fcbermittelten Daten ;<\/p>\n<p>Angebot an den Nutzer der M\u00f6glichkeit, mit anderen Nutzern der Website zu kommunizieren;<\/p>\n<p>Implementierung von Nutzerunterst\u00fctzung ;<\/p>\n<p>Personalisierung von Diensten durch die Anzeige von Werbung auf der Grundlage des Browserverlaufs des Nutzers, entsprechend seinen Vorlieben ;<\/p>\n<p>Vorbeugung und Erkennung von Betrug, Malware und Sicherheitsvorf\u00e4llen ;<\/p>\n<p>Verwaltung m\u00f6glicher Streitigkeiten mit den Nutzern ;<\/p>\n<p>Senden von kommerziellen und werblichen Informationen, die auf den Pr\u00e4ferenzen des Nutzers basieren.<\/p>\n<h3>1.3 Weitergabe von pers\u00f6nlichen Daten an Dritte<\/h3>\n<p>Pers\u00f6nliche Daten k\u00f6nnen in den folgenden F\u00e4llen an Drittunternehmen weitergegeben werden:<\/p>\n<p>wenn der Nutzer Zahlungsdienste in Anspruch nimmt, steht die Website f\u00fcr die Durchf\u00fchrung dieser Dienste in Verbindung mit dritten Bank- und Finanzunternehmen, mit denen sie Vertr\u00e4ge abgeschlossen hat ;<\/p>\n<p>wenn der Nutzer in den freien Kommentarbereichen der Website \u00f6ffentlich zug\u00e4ngliche Informationen ver\u00f6ffentlicht;<\/p>\n<p>wenn der Nutzer der Website eines Dritten den Zugriff auf seine Daten erlaubt ;<\/p>\n<p>wenn die Website die Dienste von Dienstleistern in Anspruch nimmt, um Benutzerunterst\u00fctzung, Werbung und Zahlungsdienste zu erbringen. Diese Dienstleister haben im Rahmen der Erbringung dieser Leistungen einen begrenzten Zugang zu den Daten des Nutzers und sind vertraglich verpflichtet, diese Daten in \u00dcbereinstimmung mit den geltenden Datenschutzbestimmungen zu verwenden;<\/p>\n<p>Wenn es gesetzlich vorgeschrieben ist, kann die Website Daten \u00fcbermitteln, um Beschwerden gegen die Website nachzugehen und um Verwaltungs- und Gerichtsverfahren einzuhalten;<\/p>\n<p>Wenn die Website an einer Fusion, \u00dcbernahme, Ver\u00e4u\u00dferung von Verm\u00f6genswerten oder einem Insolvenzverfahren beteiligt ist, kann es sein, dass sie ihre Verm\u00f6genswerte, einschlie\u00dflich personenbezogener Daten, ganz oder teilweise ver\u00e4u\u00dfern oder teilen muss. In einem solchen Fall w\u00fcrden die Nutzer informiert, bevor die personenbezogenen Daten an eine dritte Partei weitergegeben werden.<\/p>\n<h3>1.4 \u00dcbertragung von pers\u00f6nlichen Daten<\/h3>\n<p>Aufgrund der Organisation des f\u00fcr die Website verantwortlichen Unternehmens innerhalb eines internationalen Konzerns gestattet der Nutzer der Website, seine Informationen in die Europ\u00e4ische Union zu \u00fcbertragen, dort zu speichern und zu verarbeiten.<\/p>\n<h3>1.5 Sicherheit und Vertraulichkeit<\/h3>\n<p>Die Website setzt organisatorische, technische, softwarebasierte und physische Ma\u00dfnahmen im Bereich der digitalen Sicherheit ein, um personenbezogene Daten vor Ver\u00e4nderung, Zerst\u00f6rung und unbefugtem Zugriff zu sch\u00fctzen. Es wird jedoch darauf hingewiesen, dass das Internet keine vollst\u00e4ndig sichere Umgebung ist, und die Website kann die Sicherheit der \u00dcbertragung oder Speicherung von Informationen \u00fcber das Internet nicht garantieren.<code><\/code><\/p>\n\t\t\t\t\t\t\t\t<\/div>\n\t\t\t\t<\/div>\n\t\t\t\t<div class=\"elementor-element elementor-element-21da63a elementor-widget elementor-widget-shortcode\" data-id=\"21da63a\" data-element_type=\"widget\" data-e-type=\"widget\" data-widget_type=\"shortcode.default\">\n\t\t\t\t<div class=\"elementor-widget-container\">\n\t\t\t\t\t\t\t<div class=\"elementor-shortcode\"><p id=\"matomo_opted_out_intro\" style=\"display:none;\">Opt-out abgeschlossen; Ihre Besuche auf dieser Website werden vom Webanalyse-Tool nicht aufgezeichnet. Beachten Sie, dass Sie das Opt-Out-Verfahren erneut durchf\u00fchren m\u00fcssen, wenn Sie Ihre Cookies l\u00f6schen, das Opt-Out-Cookie entfernen oder einen anderen Computer oder Webbrowser verwenden.<\/p><p id=\"matomo_opted_in_intro\" >Sie k\u00f6nnen diese Website davon abhalten, Ihre Aktionen hier zu aggregieren und zu analysieren. Dies sch\u00fctzt Ihre Privatsph\u00e4re, verhindert aber auch, dass der Eigent\u00fcmer von Ihren Aktionen lernt und eine bessere Erfahrung f\u00fcr Sie und andere Nutzer schafft.<\/p><form action=\"\">\n        <input type=\"checkbox\" id=\"matomo_optout_checkbox\" checked=\"checked\"\/>\n        <label for=\"matomo_optout_checkbox\"><strong>\n        <span id=\"matomo_opted_in_label\" >You are not opted out. Uncheck this box to opt-out.<\/span>\n\t\t<span id=\"matomo_opted_out_label\" style=\"display:none;\">You are currently opted out. Check this box to opt-in.<\/span>\n        <\/strong><\/label><input type=\"hidden\" name=\"trp-form-language\" value=\"de\"\/><\/form><noscript><p><strong style=\"color: #ff0000;\">Diese Opt-out-Funktion erfordert JavaScript.<\/strong><\/p><\/noscript><p id=\"matomo_outout_err_cookies\" style=\"display: none;\"><strong>Die Funktion tracking opt-out erfordert Cookies, die aktiviert werden m\u00fcssen.<\/strong><\/p><\/div>\n\t\t\t\t\t\t<\/div>\n\t\t\t\t<\/div>\n\t\t\t\t<div class=\"elementor-element elementor-element-d7e1ff6 elementor-widget elementor-widget-text-editor\" data-id=\"d7e1ff6\" data-element_type=\"widget\" data-e-type=\"widget\" data-widget_type=\"text-editor.default\">\n\t\t\t\t<div class=\"elementor-widget-container\">\n\t\t\t\t\t\t\t\t\t<h3>1.6 Durchsetzung von Nutzerrechten<\/h3>\n<p>In Anwendung der geltenden Vorschriften \u00fcber personenbezogene Daten haben die Nutzer folgende Rechte:<\/p>\n<p>sie k\u00f6nnen ihre Daten aktualisieren oder l\u00f6schen, indem sie sich in ihr Konto einloggen und die Einstellungen f\u00fcr dieses Konto konfigurieren ;<\/p>\n<p>sie k\u00f6nnen ihr Konto l\u00f6schen, indem sie an die folgende E-Mail-Adresse schreiben: contact@ragwinn.com. Beachten Sie, dass Informationen, die mit anderen Nutzern geteilt werden, wie z. B. Beitr\u00e4ge in Foren, auch nach der L\u00f6schung ihres Kontos auf der Website \u00f6ffentlich sichtbar bleiben k\u00f6nnen ;<\/p>\n<p>k\u00f6nnen sie ihr Recht auf Zugang aus\u00fcben, um zu erfahren, welche personenbezogenen Daten \u00fcber sie gespeichert sind, indem sie an die folgende E-Mail-Adresse schreiben: contact@ragwinn.com. In diesem Fall kann die Website vor der Aus\u00fcbung dieses Rechts einen Nachweis der Identit\u00e4t des Nutzers verlangen, um die Richtigkeit der Daten zu \u00fcberpr\u00fcfen;<\/p>\n<p>wenn die von der Website gespeicherten personenbezogenen Daten unrichtig sind, k\u00f6nnen sie die Aktualisierung der Informationen verlangen, indem sie an die folgende E-Mail-Adresse schreiben: contact@ragwinn.com<\/p>\n<p>k\u00f6nnen die Nutzer die L\u00f6schung ihrer personenbezogenen Daten gem\u00e4\u00df den geltenden Datenschutzgesetzen beantragen, indem sie an folgende E-Mail-Adresse schreiben: contact@ragwinn.com<\/p>\n<h3>1.7 Entwicklung dieser Klausel<\/h3>\n<p>Die Website beh\u00e4lt sich das Recht vor, jederzeit \u00c4nderungen an dieser Datenschutzklausel vorzunehmen. Wenn eine \u00c4nderung an dieser Datenschutzklausel vorgenommen wird, verpflichtet sich die Website, die neue Version auf ihrer Website zu ver\u00f6ffentlichen. Die Website wird die Nutzer au\u00dferdem mindestens 15 Tage vor dem Datum des Inkrafttretens per E-Mail \u00fcber die \u00c4nderung informieren. Wenn der Nutzer mit dem neuen Wortlaut der Datenschutzklausel nicht einverstanden ist, hat er die M\u00f6glichkeit, sein Konto zu l\u00f6schen.<\/p>\t\t\t\t\t\t\t\t<\/div>\n\t\t\t\t<\/div>\n\t\t\t\t\t<\/div>\n\t\t<\/div>\n\t\t\t\t\t<\/div>\n\t\t<\/section>\n\t\t\t\t<\/div>","protected":false},"excerpt":{"rendered":"<p>Politique de protection des donn\u00e9es L&rsquo;administrateur SARL IVERN du site Ragwinn.com prend au s\u00e9rieux le respect de la vie priv\u00e9e et la protection des donn\u00e9es \u00e0 caract\u00e8re personnel dans le respect des dispositions applicables et notamment du R\u00e8glement Europ\u00e9en 2016\/679 du 27 avril 2016 et la loi n\u00b078-17 du 6 janvier 1978 dite loi Informatique [&hellip;]<\/p>\n","protected":false},"author":1,"featured_media":0,"parent":0,"menu_order":0,"comment_status":"closed","ping_status":"open","template":"","meta":{"ocean_post_layout":"","ocean_both_sidebars_style":"","ocean_both_sidebars_content_width":0,"ocean_both_sidebars_sidebars_width":0,"ocean_sidebar":"","ocean_second_sidebar":"","ocean_disable_margins":"enable","ocean_add_body_class":"","ocean_shortcode_before_top_bar":"","ocean_shortcode_after_top_bar":"","ocean_shortcode_before_header":"","ocean_shortcode_after_header":"","ocean_has_shortcode":"","ocean_shortcode_after_title":"","ocean_shortcode_before_footer_widgets":"","ocean_shortcode_after_footer_widgets":"","ocean_shortcode_before_footer_bottom":"","ocean_shortcode_after_footer_bottom":"","ocean_display_top_bar":"default","ocean_display_header":"default","ocean_header_style":"","ocean_center_header_left_menu":"","ocean_custom_header_template":"","ocean_custom_logo":0,"ocean_custom_retina_logo":0,"ocean_custom_logo_max_width":0,"ocean_custom_logo_tablet_max_width":0,"ocean_custom_logo_mobile_max_width":0,"ocean_custom_logo_max_height":0,"ocean_custom_logo_tablet_max_height":0,"ocean_custom_logo_mobile_max_height":0,"ocean_header_custom_menu":"","ocean_menu_typo_font_family":"","ocean_menu_typo_font_subset":"","ocean_menu_typo_font_size":0,"ocean_menu_typo_font_size_tablet":0,"ocean_menu_typo_font_size_mobile":0,"ocean_menu_typo_font_size_unit":"px","ocean_menu_typo_font_weight":"","ocean_menu_typo_font_weight_tablet":"","ocean_menu_typo_font_weight_mobile":"","ocean_menu_typo_transform":"","ocean_menu_typo_transform_tablet":"","ocean_menu_typo_transform_mobile":"","ocean_menu_typo_line_height":0,"ocean_menu_typo_line_height_tablet":0,"ocean_menu_typo_line_height_mobile":0,"ocean_menu_typo_line_height_unit":"","ocean_menu_typo_spacing":0,"ocean_menu_typo_spacing_tablet":0,"ocean_menu_typo_spacing_mobile":0,"ocean_menu_typo_spacing_unit":"","ocean_menu_link_color":"","ocean_menu_link_color_hover":"","ocean_menu_link_color_active":"","ocean_menu_link_background":"","ocean_menu_link_hover_background":"","ocean_menu_link_active_background":"","ocean_menu_social_links_bg":"","ocean_menu_social_hover_links_bg":"","ocean_menu_social_links_color":"","ocean_menu_social_hover_links_color":"","ocean_disable_title":"default","ocean_disable_heading":"default","ocean_post_title":"","ocean_post_subheading":"","ocean_post_title_style":"","ocean_post_title_background_color":"","ocean_post_title_background":0,"ocean_post_title_bg_image_position":"","ocean_post_title_bg_image_attachment":"","ocean_post_title_bg_image_repeat":"","ocean_post_title_bg_image_size":"","ocean_post_title_height":0,"ocean_post_title_bg_overlay":0.5,"ocean_post_title_bg_overlay_color":"","ocean_disable_breadcrumbs":"default","ocean_breadcrumbs_color":"","ocean_breadcrumbs_separator_color":"","ocean_breadcrumbs_links_color":"","ocean_breadcrumbs_links_hover_color":"","ocean_display_footer_widgets":"default","ocean_display_footer_bottom":"default","ocean_custom_footer_template":"","footnotes":""},"class_list":["post-3","page","type-page","status-publish","hentry","entry","owp-thumbs-layout-horizontal","owp-btn-big","owp-tabs-layout-horizontal","has-no-thumbnails"],"_links":{"self":[{"href":"https:\/\/ragwinn.com\/de\/wp-json\/wp\/v2\/pages\/3","targetHints":{"allow":["GET"]}}],"collection":[{"href":"https:\/\/ragwinn.com\/de\/wp-json\/wp\/v2\/pages"}],"about":[{"href":"https:\/\/ragwinn.com\/de\/wp-json\/wp\/v2\/types\/page"}],"author":[{"embeddable":true,"href":"https:\/\/ragwinn.com\/de\/wp-json\/wp\/v2\/users\/1"}],"replies":[{"embeddable":true,"href":"https:\/\/ragwinn.com\/de\/wp-json\/wp\/v2\/comments?post=3"}],"version-history":[{"count":0,"href":"https:\/\/ragwinn.com\/de\/wp-json\/wp\/v2\/pages\/3\/revisions"}],"wp:attachment":[{"href":"https:\/\/ragwinn.com\/de\/wp-json\/wp\/v2\/media?parent=3"}],"curies":[{"name":"wp","href":"https:\/\/api.w.org\/{rel}","templated":true}]}}