{"id":904,"date":"2024-04-09T18:14:34","date_gmt":"2024-04-09T16:14:34","guid":{"rendered":"https:\/\/ragwinn.com\/?post_type=product&#038;p=904"},"modified":"2026-05-07T15:43:13","modified_gmt":"2026-05-07T13:43:13","slug":"magwell-hk416-f-accessoire","status":"publish","type":"product","link":"https:\/\/ragwinn.com\/cs\/produit\/magwell-hk416-f-accessoire","title":{"rendered":"Magwell HK416 F"},"content":{"rendered":"<h1 style=\"text-align: center;\"><strong>Magwell HK416 F<br \/>\n<\/strong><\/h1>\n<h2 style=\"text-align: center;\"><strong>\u00a0\" <span style=\"text-decoration: underline;\">Augmentez votre vitesse de rechargement avec le magwell HK416<\/span><\/strong><strong> \"\u00a0<\/strong><em><strong><br \/>\n<\/strong><\/em><\/h2>\n<p>Navr\u017eeno pro HK416 F-S\/F-C francouzsk\u00e9 arm\u00e1dy.<\/p>\n<p>Le magwell HK416 permet un rechargement rapide pour une grande efficacit\u00e9, m\u00eame dans les conditions les plus difficiles.<br \/>\nD\u00edky speci\u00e1ln\u011b navr\u017een\u00e9mu \u00fahlu zasunut\u00ed vede toto p\u0159\u00edslu\u0161enstv\u00ed z\u00e1sobn\u00edk p\u0159\u00edmo do \u0161achty zbran\u011b.<\/p>\n<h2 style=\"text-align: center;\"><strong>Pourquoi choisir notre magwell HK416 ?<\/strong><\/h2>\n<ul>\n<li><strong>Vylep\u0161en\u00e1 rychlost na\u010d\u00edt\u00e1n\u00ed<\/strong> : Gr\u00e2ce \u00e0 ses 90 degr\u00e9s d&rsquo;angle \u00e0 l&rsquo;entr\u00e9e et son angle d\u2019insertion 250 % plus large que celui du puit de chargeur d\u2019origine, ce magwell HK 416 permet un rechargement acc\u00e9l\u00e9r\u00e9 et sans effort,<\/li>\n<li><strong>Rozhoduj\u00edc\u00ed \u00faspora \u010dasu<\/strong> Rychlej\u0161\u00edm dob\u00edjen\u00edm si udr\u017e\u00edte provozuschopnost, abyste mohli co nejrychleji pokra\u010dovat ve st\u0159elb\u011b,<\/li>\n<li><strong>Optim\u00e1ln\u00ed kompatibilita<\/strong> : Fonctionne avec les chargeurs PMAG (Gen 2-3), STANAG, AMEND2 et autres,<\/li>\n<li><strong>Diskr\u00e9tnost<\/strong> : Fabriqu\u00e9 dans un mat\u00e9riau sombre absorbant les rayons infrarouges IR, ce magwell garantit une discr\u00e9tion de jour comme de nuit, id\u00e9al pour chaque mission.<\/li>\n<\/ul>\n<p>&nbsp;<\/p>\n<h2 style=\"text-align: center;\"><strong>Un accessoire 416 pratique et durable<\/strong><\/h2>\n<ul>\n<li><strong>Rychl\u00e1 a bezpe\u010dn\u00e1 instalace<\/strong> Konstrukce z\u00e1sobn\u00edkov\u00e9 \u0161achty zaru\u010duje bezpe\u010dnou instalaci d\u00edky dv\u011bma \u0161roub\u016fm z nerezov\u00e9 oceli (nehroz\u00ed zaseknut\u00ed nab\u00edjec\u00ed \u0161achty v d\u016fsledku pohybu z\u00e1sobn\u00edkov\u00e9 \u0161achty),<\/li>\n<li><strong>V\u00fdjime\u010dn\u00e1 robustnost<\/strong> Je vyroben z nylonu vyztu\u017een\u00e9ho uhl\u00edkov\u00fdmi vl\u00e1kny a je odoln\u00fd v\u016f\u010di extr\u00e9mn\u00edm teplot\u00e1m (-50 \u00b0C a\u017e +160 \u00b0C), prudk\u00fdm n\u00e1raz\u016fm, UV z\u00e1\u0159en\u00ed a rozpou\u0161t\u011bdl\u016fm,<\/li>\n<li><strong>Ergonomick\u00e9 a obouru\u010dn\u00ed <\/strong>Je navr\u017een pro prav\u00e1ky i lev\u00e1ky a m\u00e1 kompaktn\u00ed a lehk\u00fd profil.<\/li>\n<\/ul>\n<p>&nbsp;<\/p>\n<h3 style=\"text-align: center;\"><strong>P\u0159izp\u016fsobiteln\u00fd a atraktivn\u00ed z\u00e1sobn\u00edk<\/strong><\/h3>\n<ul>\n<li><strong>Kamufl\u00e1\u017e<\/strong> Nat\u0159ete si z\u00e1sobn\u00edk podle sv\u00fdch pot\u0159eb,<\/li>\n<li><strong>Personalizovan\u00e1 registrace<\/strong> Text, logo nebo jin\u00fd n\u00e1pis na vy\u017e\u00e1d\u00e1n\u00ed. Vytvo\u0159te si jedine\u010dn\u00e9 vybaven\u00ed.<\/li>\n<\/ul>\n<p>&nbsp;<\/p>\n<h3 style=\"text-align: center;\"><strong>Testov\u00e1no a schv\u00e1leno odborn\u00edky<\/strong><\/h3>\n<p>Tento z\u00e1sobn\u00edk byl testov\u00e1n a schv\u00e1len oper\u00e1tory ve specializovan\u00fdch i b\u011b\u017en\u00fdch pluc\u00edch. Je sou\u010d\u00e1st\u00ed \u0159ady Ragwinn Solutions, kter\u00e1 nab\u00edz\u00ed \u0161pi\u010dkov\u00e9 p\u0159\u00edslu\u0161enstv\u00ed pro nejn\u00e1ro\u010dn\u011bj\u0161\u00ed profesion\u00e1ly.<\/p>\n<p>&nbsp;<\/p>\n<h3 style=\"text-align: center;\"><strong>Technick\u00e9 specifikace<\/strong><\/h3>\n<ul>\n<li><strong>Hmotnost<\/strong> : <span class=\"NA6bn BxUVEf ILfuVd\" lang=\"en\"><span class=\"hgKElc pOOWX\">\u2264<\/span><\/span> 22g<\/li>\n<li><strong>Extr\u00e9mn\u00ed teploty<\/strong> Odolnost od -50 \u00b0C do +160 \u00b0C<\/li>\n<li><strong>Odolnost v\u016f\u010di rozpou\u0161t\u011bdl\u016fm, UV a IR z\u00e1\u0159en\u00ed<\/strong> : Maxim\u00e1ln\u00ed ochrana bez ohledu na prost\u0159ed\u00ed.<\/li>\n<\/ul>\n<p>&nbsp;<\/p>\n<p style=\"text-align: center;\"><span style=\"color: #000000;\"><strong>Nenech\u00e1vejte rozd\u00edl na n\u00e1hod\u011b a objednejte si z\u00e1sobn\u00edk nyn\u00ed.<\/strong><\/span><\/p>\n<hr \/>\n<p>K dispozici tak\u00e9:<\/p>\n<ul>\n<li><a href=\"https:\/\/ragwinn.com\/cs\/produit\/magwell-hk-g95-hk-416-a7\/\" target=\"_blank\" rel=\"noopener\">Magwell HK G95<\/a>,<\/li>\n<li><a href=\"https:\/\/ragwinn.com\/cs\/produit\/magwellar15\/\" target=\"_blank\" rel=\"noopener\">Magwell AR15<\/a>.<\/li>\n<\/ul>\n<p>Le magwell 416 est aussi propos\u00e9 en pack Arm\u00e9e Fran\u00e7aise avec le <a href=\"https:\/\/ragwinn.com\/cs\/produit\/magwell-glock-17-45-34-gen-5\/\" target=\"_blank\" rel=\"noopener\">magwell Glock 17<\/a>.<\/p>\n<p>Objevte tak\u00e9 na\u0161e <a href=\"https:\/\/ragwinn.com\/cs\/categorie-produit\/ragwinn-tactics\/\" target=\"_blank\" rel=\"noopener\">autres accessoires HK416 et AR15<\/a>.<\/p>\n<p>Dal\u0161\u00ed informace o tom, co je to z\u00e1sobn\u00edk <a href=\"https:\/\/crealib3d.com\/quest-ce-quun-magwell-et-pourquoi-en-utiliser\" target=\"_blank\" rel=\"noopener\">zde<\/a> (ve francouz\u0161tin\u011b) a <a href=\"https:\/\/www.anrkydexholsters.com\/what-is-a-magwell-why-do-they-matter\/\" target=\"_blank\" rel=\"noopener\">zde<\/a> (v angli\u010dtin\u011b).<\/p>","protected":false},"excerpt":{"rendered":"<p style=\"padding-left: 40px;\">Magwell pour HK416 F et MR223 F.<br \/>\nNavr\u017eeno pro HK416 F-S\/F-C vyd\u00e1van\u00e9 francouzskou arm\u00e1dou.<br \/>\n- P\u0159ihl\u00e1\u0161en\u00fd patent -<\/p>","protected":false},"featured_media":4103,"comment_status":"open","ping_status":"closed","template":"","meta":{"ocean_post_layout":"","ocean_both_sidebars_style":"","ocean_both_sidebars_content_width":0,"ocean_both_sidebars_sidebars_width":0,"ocean_sidebar":"0","ocean_second_sidebar":"0","ocean_disable_margins":"enable","ocean_add_body_class":"","ocean_shortcode_before_top_bar":"","ocean_shortcode_after_top_bar":"","ocean_shortcode_before_header":"","ocean_shortcode_after_header":"","ocean_has_shortcode":"","ocean_shortcode_after_title":"","ocean_shortcode_before_footer_widgets":"","ocean_shortcode_after_footer_widgets":"","ocean_shortcode_before_footer_bottom":"","ocean_shortcode_after_footer_bottom":"","ocean_display_top_bar":"default","ocean_display_header":"default","ocean_header_style":"","ocean_center_header_left_menu":"0","ocean_custom_header_template":"0","ocean_custom_logo":0,"ocean_custom_retina_logo":0,"ocean_custom_logo_max_width":0,"ocean_custom_logo_tablet_max_width":0,"ocean_custom_logo_mobile_max_width":0,"ocean_custom_logo_max_height":0,"ocean_custom_logo_tablet_max_height":0,"ocean_custom_logo_mobile_max_height":0,"ocean_header_custom_menu":"0","ocean_menu_typo_font_family":"0","ocean_menu_typo_font_subset":"","ocean_menu_typo_font_size":0,"ocean_menu_typo_font_size_tablet":0,"ocean_menu_typo_font_size_mobile":0,"ocean_menu_typo_font_size_unit":"px","ocean_menu_typo_font_weight":"","ocean_menu_typo_font_weight_tablet":"","ocean_menu_typo_font_weight_mobile":"","ocean_menu_typo_transform":"","ocean_menu_typo_transform_tablet":"","ocean_menu_typo_transform_mobile":"","ocean_menu_typo_line_height":0,"ocean_menu_typo_line_height_tablet":0,"ocean_menu_typo_line_height_mobile":0,"ocean_menu_typo_line_height_unit":"","ocean_menu_typo_spacing":0,"ocean_menu_typo_spacing_tablet":0,"ocean_menu_typo_spacing_mobile":0,"ocean_menu_typo_spacing_unit":"","ocean_menu_link_color":"","ocean_menu_link_color_hover":"","ocean_menu_link_color_active":"","ocean_menu_link_background":"","ocean_menu_link_hover_background":"","ocean_menu_link_active_background":"","ocean_menu_social_links_bg":"","ocean_menu_social_hover_links_bg":"","ocean_menu_social_links_color":"","ocean_menu_social_hover_links_color":"","ocean_disable_title":"default","ocean_disable_heading":"default","ocean_post_title":"","ocean_post_subheading":"","ocean_post_title_style":"","ocean_post_title_background_color":"","ocean_post_title_background":0,"ocean_post_title_bg_image_position":"","ocean_post_title_bg_image_attachment":"","ocean_post_title_bg_image_repeat":"","ocean_post_title_bg_image_size":"","ocean_post_title_height":0,"ocean_post_title_bg_overlay":0.5,"ocean_post_title_bg_overlay_color":"","ocean_disable_breadcrumbs":"default","ocean_breadcrumbs_color":"","ocean_breadcrumbs_separator_color":"","ocean_breadcrumbs_links_color":"","ocean_breadcrumbs_links_hover_color":"","ocean_display_footer_widgets":"default","ocean_display_footer_bottom":"default","ocean_custom_footer_template":"0"},"product_brand":[],"product_cat":[17,85,43],"product_tag":[132,33,31,44,77,118],"class_list":{"0":"post-904","1":"product","2":"type-product","3":"status-publish","4":"has-post-thumbnail","6":"product_cat-ragwinn-hobby","7":"product_cat-magwell","8":"product_cat-ragwinn-tactics","9":"product_tag-accessoire","10":"product_tag-armee","11":"product_tag-hk416","12":"product_tag-hk416f","13":"product_tag-magwell","14":"product_tag-upgrade","15":"product_shipping_class-produit-leger-500g","17":"entry","18":"has-media","20":"first","21":"instock","22":"sale","23":"featured","24":"taxable","25":"shipping-taxable","26":"purchasable","27":"product-type-simple","28":"has-rating","29":"col","30":"span_1_of_4","31":"owp-content-center","32":"item-entry","33":"owp-thumbs-layout-horizontal","34":"owp-btn-big","35":"owp-tabs-layout-horizontal"},"_links":{"self":[{"href":"https:\/\/ragwinn.com\/cs\/wp-json\/wp\/v2\/product\/904","targetHints":{"allow":["GET"]}}],"collection":[{"href":"https:\/\/ragwinn.com\/cs\/wp-json\/wp\/v2\/product"}],"about":[{"href":"https:\/\/ragwinn.com\/cs\/wp-json\/wp\/v2\/types\/product"}],"replies":[{"embeddable":true,"href":"https:\/\/ragwinn.com\/cs\/wp-json\/wp\/v2\/comments?post=904"}],"version-history":[{"count":11,"href":"https:\/\/ragwinn.com\/cs\/wp-json\/wp\/v2\/product\/904\/revisions"}],"predecessor-version":[{"id":4402,"href":"https:\/\/ragwinn.com\/cs\/wp-json\/wp\/v2\/product\/904\/revisions\/4402"}],"wp:featuredmedia":[{"embeddable":true,"href":"https:\/\/ragwinn.com\/cs\/wp-json\/wp\/v2\/media\/4103"}],"wp:attachment":[{"href":"https:\/\/ragwinn.com\/cs\/wp-json\/wp\/v2\/media?parent=904"}],"wp:term":[{"taxonomy":"product_brand","embeddable":true,"href":"https:\/\/ragwinn.com\/cs\/wp-json\/wp\/v2\/product_brand?post=904"},{"taxonomy":"product_cat","embeddable":true,"href":"https:\/\/ragwinn.com\/cs\/wp-json\/wp\/v2\/product_cat?post=904"},{"taxonomy":"product_tag","embeddable":true,"href":"https:\/\/ragwinn.com\/cs\/wp-json\/wp\/v2\/product_tag?post=904"}],"curies":[{"name":"wp","href":"https:\/\/api.w.org\/{rel}","templated":true}]}}