{"id":736,"date":"2024-04-09T09:57:56","date_gmt":"2024-04-09T07:57:56","guid":{"rendered":"https:\/\/ragwinn.com\/?post_type=product&#038;p=736"},"modified":"2026-05-07T14:39:24","modified_gmt":"2026-05-07T12:39:24","slug":"magwell-ar15","status":"publish","type":"product","link":"https:\/\/ragwinn.com\/cs\/produit\/magwell-ar15","title":{"rendered":"Magwell AR15"},"content":{"rendered":"<h1 style=\"text-align: center;\"><strong>Magwell AR15<\/strong><\/h1>\n<h2 style=\"text-align: center;\"><strong>\u00a0\"\u00a0<u>Zvy\u0161te rychlost na\u010d\u00edt\u00e1n\u00ed<\/u>\u00a0\"\u00a0<\/strong><\/h2>\n<p>Le magwell AR15 con\u00e7u pour votre AR15 Mil-Spec.<\/p>\n<p>D\u00edky speci\u00e1ln\u011b navr\u017een\u00e9mu \u00fahlu lze z\u00e1sobn\u00edk AR15 rychle a efektivn\u011b nab\u00edjet.<br \/>\nAvec son angle d\u2019insertion g\u00e9n\u00e9reux il guidera directement votre chargeur dans le puits de votre arme.<\/p>\n<h2 style=\"text-align: center;\"><strong>Pourquoi choisir notre magwell AR15 ?<\/strong><\/h2>\n<ul>\n<li><strong>Vylep\u0161en\u00e1 rychlost na\u010d\u00edt\u00e1n\u00ed<\/strong>\u00a0D\u00edky \u00fahlu zasunut\u00ed 250 %, kter\u00fd je \u0161ir\u0161\u00ed ne\u017e u z\u00e1sobn\u00edkov\u00fdch \u0161achet MilSpec, a vstupn\u00edmu \u00fahlu 90 stup\u0148\u016f umo\u017e\u0148uje tato z\u00e1sobn\u00edkov\u00e1 \u0161achta rychlej\u0161\u00ed a snadn\u011bj\u0161\u00ed nab\u00edjen\u00ed,<\/li>\n<li><strong>Rozhoduj\u00edc\u00ed \u00faspora \u010dasu<\/strong> Rychl\u00fdm dob\u00edjen\u00edm udr\u017eujte provozuschopnost a co nejd\u0159\u00edve pokra\u010dujte ve st\u0159elb\u011b,<\/li>\n<li><strong>Pln\u011b modul\u00e1rn\u00ed\u00a0<\/strong>: Afin de s\u2019adapter \u00e0 votre AR15, le magwell est fourni avec plusieurs plaquettes. Ces derni\u00e8res vous permettront d\u2019ajuster la longueur du magwell ainsi que sa hauteur au puit de chargeur de votre arme*, L\u2019installation est rapide et ne n\u00e9cessite aucune modification de l\u2019arme<strong>,<\/strong><\/li>\n<li><strong>Optim\u00e1ln\u00ed kompatibilita<\/strong>\u00a0Funguje s nab\u00edje\u010dkami PMAG (Gen 1-2-3), STANAG, AMEND2 a dal\u0161\u00edmi,<\/li>\n<li><strong>Diskr\u00e9tnost<\/strong>\u00a0Tento z\u00e1sobn\u00edk je navr\u017een pro opera\u010dn\u00ed pou\u017eit\u00ed, je vyroben z tmav\u00e9ho materi\u00e1lu, kter\u00fd pohlcuje infra\u010derven\u00e9 z\u00e1\u0159en\u00ed, a zaru\u010duje tak \u00fa\u010dinnost a diskr\u00e9tnost ve dne i v noci, tak\u017ee je ide\u00e1ln\u00ed pro no\u010dn\u00ed mise.<\/li>\n<\/ul>\n<p>&nbsp;<\/p>\n<h3 style=\"text-align: center;\"><strong>Un accessoire AR15 pratique et durable<\/strong><\/h3>\n<ul>\n<li><strong>Rychl\u00e1 a snadn\u00e1 instalace<\/strong>\u00a0Z\u00e1sobn\u00edkov\u00e1 \u0161achta pro AR15 se upev\u0148uje pomoc\u00ed dvou \u0161roub\u016f, kter\u00e9 jsou sou\u010d\u00e1st\u00ed dod\u00e1vky, a nezanech\u00e1v\u00e1 na zbrani \u017e\u00e1dn\u00e9 stopy,<\/li>\n<li><strong>Zjednodu\u0161en\u00e1 \u00fadr\u017eba<\/strong>\u00a0Snadn\u00e1 demont\u00e1\u017e pro \u010di\u0161t\u011bn\u00ed zbran\u011b a jej\u00edch sou\u010d\u00e1st\u00ed,<\/li>\n<li><strong>V\u00fdjime\u010dn\u00e1 robustnost<\/strong> Je vyroben z nylonu vyztu\u017een\u00e9ho uhl\u00edkov\u00fdmi vl\u00e1kny a je odoln\u00fd v\u016f\u010di extr\u00e9mn\u00edm teplot\u00e1m (-50 \u00b0C a\u017e +160 \u00b0C), prudk\u00fdm n\u00e1raz\u016fm, UV z\u00e1\u0159en\u00ed a rozpou\u0161t\u011bdl\u016fm,<\/li>\n<li><strong>Ergonomick\u00e9 a obouru\u010dn\u00ed\u00a0<\/strong>Je navr\u017een pro prav\u00e1ky i lev\u00e1ky a m\u00e1 kompaktn\u00ed a lehk\u00fd profil.<\/li>\n<\/ul>\n<p>&nbsp;<\/p>\n<h3 style=\"text-align: center;\"><strong>Un magwell AR15 personnalisable<\/strong><\/h3>\n<ul>\n<li><strong>V p\u0159\u00edpad\u011b pot\u0159eby maskovateln\u00e9<\/strong>\u00a0Nat\u0159ete si z\u00e1sobn\u00edk podle sv\u00fdch p\u0159edstav,<\/li>\n<li><strong>Personalizovan\u00e1 registrace<\/strong>\u00a0Text, logo nebo jin\u00fd n\u00e1pis na vy\u017e\u00e1d\u00e1n\u00ed. Vytvo\u0159te si jedine\u010dn\u00e9 vybaven\u00ed.<\/li>\n<\/ul>\n<p>&nbsp;<\/p>\n<h3 style=\"text-align: center;\"><strong>Testov\u00e1no a schv\u00e1leno odborn\u00edky<\/strong><\/h3>\n<p>Tento z\u00e1sobn\u00edk byl testov\u00e1n a schv\u00e1len instruktory taktick\u00e9 st\u0159elby, zbroj\u00ed\u0159i a provozovateli specializovan\u00fdch jednotek. Je sou\u010d\u00e1st\u00ed \u0159ady Ragwinn Solutions, kter\u00e1 nab\u00edz\u00ed \u0161pi\u010dkov\u00e9 p\u0159\u00edslu\u0161enstv\u00ed pro nejn\u00e1ro\u010dn\u011bj\u0161\u00ed profesion\u00e1ly.<\/p>\n<p>&nbsp;<\/p>\n<h3 style=\"text-align: center;\"><strong>Caract\u00e9ristiques techniques du mawgell AR15<\/strong><\/h3>\n<ul>\n<li><strong>Hmotnost<\/strong> : <span class=\"NA6bn BxUVEf ILfuVd\" lang=\"en\"><span class=\"hgKElc pOOWX\">\u2264<\/span><\/span> 22g<\/li>\n<li><strong>Extr\u00e9mn\u00ed teploty<\/strong> Odolnost od -50 \u00b0C do +160 \u00b0C<\/li>\n<li><strong>Odolnost v\u016f\u010di rozpou\u0161t\u011bdl\u016fm, UV a IR z\u00e1\u0159en\u00ed<\/strong>\u00a0: Maxim\u00e1ln\u00ed ochrana bez ohledu na prost\u0159ed\u00ed.<\/li>\n<\/ul>\n<p>&nbsp;<\/p>\n<h4 style=\"text-align: center;\"><strong>Optimalizujte si dopl\u0148ov\u00e1n\u00ed z\u00e1sobn\u00edk\u016f t\u00edm, \u017ee si nyn\u00ed objedn\u00e1te z\u00e1sobn\u00edk.<\/strong><\/h4>\n<p>K dispozici tak\u00e9 pro\u00a0<a href=\"https:\/\/ragwinn.com\/cs\/produit\/magwell-hk416-f-mr223-f-prislusenstvi\/\" target=\"_blank\" rel=\"noopener\">HK416 F<\/a>.<\/p>\n<p>Objevte tak\u00e9 na\u0161e\u00a0<a href=\"https:\/\/ragwinn.com\/cs\/categorie-produit\/ragwinn-tactics\/\">dal\u0161\u00ed p\u0159\u00edslu\u0161enstv\u00ed pro AR15 a HK416<\/a> comme le <a href=\"https:\/\/ragwinn.com\/cs\/produit\/heel-5-pmag-ar15\/\" target=\"_blank\" rel=\"noopener\">talon +5 PMAG<\/a>.<\/p>\n<p>Dal\u0161\u00ed informace o tom, co je to z\u00e1sobn\u00edk <a href=\"https:\/\/crealib3d.com\/quest-ce-quun-magwell-et-pourquoi-en-utiliser\" target=\"_blank\" rel=\"noopener\">zde<\/a>\u00a0(ve francouz\u0161tin\u011b) a\u00a0<a href=\"https:\/\/www.anrkydexholsters.com\/what-is-a-magwell-why-do-they-matter\/\" target=\"_blank\" rel=\"noopener\">zde<\/a>\u00a0(v angli\u010dtin\u011b).<\/p>\n<p>* Compatible avec plus de 90% des AR15 (Daniel D\u00e9fense, BCM, Alpen Arms, Aero Precision, etc). Armes et ses accessoires non-vendus.<\/p>","protected":false},"excerpt":{"rendered":"<p>Magwell AR15 MIL-SPEC<br \/>\nSe positionne autour du puits de chargeur d&rsquo;origine pour augmenter fortement l&rsquo;angle d&rsquo;insertion du chargeur.<br \/>\nLivr\u00e9 avec plusieurs plaquettes pour ajuster parfaitement le magwell \u00e0 votre AR15.<br \/>\nFabriqu\u00e9 en France.<\/p>","protected":false},"featured_media":4100,"comment_status":"open","ping_status":"closed","template":"","meta":{"ocean_post_layout":"","ocean_both_sidebars_style":"","ocean_both_sidebars_content_width":0,"ocean_both_sidebars_sidebars_width":0,"ocean_sidebar":"0","ocean_second_sidebar":"0","ocean_disable_margins":"enable","ocean_add_body_class":"","ocean_shortcode_before_top_bar":"","ocean_shortcode_after_top_bar":"","ocean_shortcode_before_header":"","ocean_shortcode_after_header":"","ocean_has_shortcode":"","ocean_shortcode_after_title":"","ocean_shortcode_before_footer_widgets":"","ocean_shortcode_after_footer_widgets":"","ocean_shortcode_before_footer_bottom":"","ocean_shortcode_after_footer_bottom":"","ocean_display_top_bar":"default","ocean_display_header":"default","ocean_header_style":"","ocean_center_header_left_menu":"0","ocean_custom_header_template":"0","ocean_custom_logo":0,"ocean_custom_retina_logo":0,"ocean_custom_logo_max_width":0,"ocean_custom_logo_tablet_max_width":0,"ocean_custom_logo_mobile_max_width":0,"ocean_custom_logo_max_height":0,"ocean_custom_logo_tablet_max_height":0,"ocean_custom_logo_mobile_max_height":0,"ocean_header_custom_menu":"0","ocean_menu_typo_font_family":"0","ocean_menu_typo_font_subset":"","ocean_menu_typo_font_size":0,"ocean_menu_typo_font_size_tablet":0,"ocean_menu_typo_font_size_mobile":0,"ocean_menu_typo_font_size_unit":"px","ocean_menu_typo_font_weight":"","ocean_menu_typo_font_weight_tablet":"","ocean_menu_typo_font_weight_mobile":"","ocean_menu_typo_transform":"","ocean_menu_typo_transform_tablet":"","ocean_menu_typo_transform_mobile":"","ocean_menu_typo_line_height":0,"ocean_menu_typo_line_height_tablet":0,"ocean_menu_typo_line_height_mobile":0,"ocean_menu_typo_line_height_unit":"","ocean_menu_typo_spacing":0,"ocean_menu_typo_spacing_tablet":0,"ocean_menu_typo_spacing_mobile":0,"ocean_menu_typo_spacing_unit":"","ocean_menu_link_color":"","ocean_menu_link_color_hover":"","ocean_menu_link_color_active":"","ocean_menu_link_background":"","ocean_menu_link_hover_background":"","ocean_menu_link_active_background":"","ocean_menu_social_links_bg":"","ocean_menu_social_hover_links_bg":"","ocean_menu_social_links_color":"","ocean_menu_social_hover_links_color":"","ocean_disable_title":"default","ocean_disable_heading":"default","ocean_post_title":"","ocean_post_subheading":"","ocean_post_title_style":"","ocean_post_title_background_color":"","ocean_post_title_background":0,"ocean_post_title_bg_image_position":"","ocean_post_title_bg_image_attachment":"","ocean_post_title_bg_image_repeat":"","ocean_post_title_bg_image_size":"","ocean_post_title_height":0,"ocean_post_title_bg_overlay":0.5,"ocean_post_title_bg_overlay_color":"","ocean_disable_breadcrumbs":"default","ocean_breadcrumbs_color":"","ocean_breadcrumbs_separator_color":"","ocean_breadcrumbs_links_color":"","ocean_breadcrumbs_links_hover_color":"","ocean_display_footer_widgets":"default","ocean_display_footer_bottom":"default","ocean_custom_footer_template":"0"},"product_brand":[],"product_cat":[43,85,17],"product_tag":[20,116,77,117],"class_list":{"0":"post-736","1":"product","2":"type-product","3":"status-publish","4":"has-post-thumbnail","6":"product_cat-ragwinn-tactics","7":"product_cat-magwell","8":"product_cat-ragwinn-hobby","9":"product_tag-ar15","10":"product_tag-custom","11":"product_tag-magwell","12":"product_tag-reloading","13":"product_shipping_class-produit-leger-500g","15":"entry","16":"has-media","18":"first","19":"onbackorder","20":"sale","21":"featured","22":"taxable","23":"shipping-taxable","24":"purchasable","25":"product-type-simple","26":"has-rating","27":"col","28":"span_1_of_4","29":"owp-content-center","30":"item-entry","31":"owp-thumbs-layout-horizontal","32":"owp-btn-big","33":"owp-tabs-layout-horizontal"},"_links":{"self":[{"href":"https:\/\/ragwinn.com\/cs\/wp-json\/wp\/v2\/product\/736","targetHints":{"allow":["GET"]}}],"collection":[{"href":"https:\/\/ragwinn.com\/cs\/wp-json\/wp\/v2\/product"}],"about":[{"href":"https:\/\/ragwinn.com\/cs\/wp-json\/wp\/v2\/types\/product"}],"replies":[{"embeddable":true,"href":"https:\/\/ragwinn.com\/cs\/wp-json\/wp\/v2\/comments?post=736"}],"version-history":[{"count":11,"href":"https:\/\/ragwinn.com\/cs\/wp-json\/wp\/v2\/product\/736\/revisions"}],"predecessor-version":[{"id":4397,"href":"https:\/\/ragwinn.com\/cs\/wp-json\/wp\/v2\/product\/736\/revisions\/4397"}],"wp:featuredmedia":[{"embeddable":true,"href":"https:\/\/ragwinn.com\/cs\/wp-json\/wp\/v2\/media\/4100"}],"wp:attachment":[{"href":"https:\/\/ragwinn.com\/cs\/wp-json\/wp\/v2\/media?parent=736"}],"wp:term":[{"taxonomy":"product_brand","embeddable":true,"href":"https:\/\/ragwinn.com\/cs\/wp-json\/wp\/v2\/product_brand?post=736"},{"taxonomy":"product_cat","embeddable":true,"href":"https:\/\/ragwinn.com\/cs\/wp-json\/wp\/v2\/product_cat?post=736"},{"taxonomy":"product_tag","embeddable":true,"href":"https:\/\/ragwinn.com\/cs\/wp-json\/wp\/v2\/product_tag?post=736"}],"curies":[{"name":"wp","href":"https:\/\/api.w.org\/{rel}","templated":true}]}}