{"id":583,"date":"2024-04-03T13:04:13","date_gmt":"2024-04-03T11:04:13","guid":{"rendered":"https:\/\/ragwinn.com\/?post_type=product&#038;p=583"},"modified":"2026-04-04T00:06:50","modified_gmt":"2026-04-03T22:06:50","slug":"treninkovy-zasobnik-pro-glock","status":"publish","type":"product","link":"https:\/\/ragwinn.com\/cs\/produit\/chargeur-entrainement-pour-glock","title":{"rendered":"Tr\u00e9ninkov\u00fd z\u00e1sobn\u00edk pro Glock 9\u00d719"},"content":{"rendered":"<h2>Tr\u00e9ninkov\u00fd z\u00e1sobn\u00edk pro Glock gen 3 4 5 - 9\u00d719<\/h2>\n<p>V\u00fdcvikov\u00fd z\u00e1sobn\u00edk Glock s vysokou viditelnost\u00ed je nezbytn\u00fdm p\u0159\u00edslu\u0161enstv\u00edm pro profesion\u00e1ly, kte\u0159\u00ed cht\u011bj\u00ed prov\u00e1d\u011bt sv\u016fj v\u00fdcvik v naprost\u00e9m bezpe\u010d\u00ed. Umo\u017en\u00ed v\u00e1m bezpe\u010dn\u011b a efektivn\u011b prov\u00e1d\u011bt cvi\u010den\u00ed na sucho a manipulaci se zbran\u00ed.<\/p>\n<p>Tuto vysoce viditelnou atrapu z\u00e1sobn\u00edku lze pou\u017e\u00edt k nab\u00edjen\u00ed z\u00e1v\u011bru, ani\u017e by byl z\u00e1v\u011br zaseknut\u00fd dozadu, a k uchopen\u00ed, odji\u0161t\u011bn\u00ed a vyp\u00e1\u010den\u00ed, tak\u017ee je ide\u00e1ln\u00ed pro v\u0161echny druhy simulovan\u00fdch situac\u00ed.<\/p>\n<p>Jeho modr\u00e1 barva, kter\u00e1 je v souladu s mezin\u00e1rodn\u00edmi normami a \u00famluvami o zbran\u00edch a v\u00fdcvikov\u00fdch dopl\u0148c\u00edch, umo\u017e\u0148uje jednoduchou vizu\u00e1ln\u00ed kontrolou zjistit, \u017ee zbra\u0148 neobsahuje funk\u010dn\u00ed z\u00e1sobn\u00edk.<\/p>\n<p>Tato figur\u00edna v\u00e1\u017e\u00ed p\u0159ibli\u017en\u011b stejn\u011b jako pr\u00e1zdn\u00fd z\u00e1sobn\u00edk, tak\u017ee se m\u016f\u017eete soust\u0159edit na techniky a pozice. Vyrobeno z vysoce kvalitn\u00edch materi\u00e1l\u016f, kter\u00e9 zaru\u010duj\u00ed optim\u00e1ln\u00ed odolnost a spolehlivost i p\u0159i t\u011bch nejintenzivn\u011bj\u0161\u00edch tr\u00e9ninc\u00edch.<\/p>\n<p>Stru\u010dn\u011b \u0159e\u010deno, tr\u00e9ninkov\u00fd z\u00e1sobn\u00edk Glock High Visibility Dry Drill Training Magazine je nezbytnou v\u00fdcvikovou pom\u016fckou pro policisty a oper\u00e1tory v\u0161ech \u00farovn\u00ed. Jeho vysok\u00e1 viditelnost, odolnost a snadn\u00e9 pou\u017eit\u00ed z n\u011bj \u010din\u00ed ide\u00e1ln\u00ed volbu pro v\u00fdcvik.<\/p>\n<p>&nbsp;<\/p>\n<hr \/>\n<p>&nbsp;<\/p>\n<p>Zbra\u0148 a p\u0159\u00edslu\u0161enstv\u00ed nejsou sou\u010d\u00e1st\u00ed balen\u00ed.<\/p>","protected":false},"excerpt":{"rendered":"<p>Chargeur d&rsquo;entra\u00eenement pour Glock gen 3 4 5 &#8211; 9&#215;19 Le chargeur d&rsquo;entra\u00eenement pour Glock haute visibilit\u00e9 est un accessoire essentiel pour les professionnels qui souhaitent effectuer leurs entrainements en toute s\u00e9curit\u00e9. Il vous permettra d&rsquo;effectuer des exercices de drill \u00e0 sec et manipulation d&rsquo;arme en toute s\u00e9curit\u00e9 et efficacit\u00e9. Ce chargeur factice haute visibilit\u00e9 [&hellip;]<\/p>\n","protected":false},"featured_media":1297,"comment_status":"open","ping_status":"closed","template":"","meta":{"ocean_post_layout":"","ocean_both_sidebars_style":"","ocean_both_sidebars_content_width":0,"ocean_both_sidebars_sidebars_width":0,"ocean_sidebar":"0","ocean_second_sidebar":"0","ocean_disable_margins":"enable","ocean_add_body_class":"","ocean_shortcode_before_top_bar":"","ocean_shortcode_after_top_bar":"","ocean_shortcode_before_header":"","ocean_shortcode_after_header":"","ocean_has_shortcode":"","ocean_shortcode_after_title":"","ocean_shortcode_before_footer_widgets":"","ocean_shortcode_after_footer_widgets":"","ocean_shortcode_before_footer_bottom":"","ocean_shortcode_after_footer_bottom":"","ocean_display_top_bar":"default","ocean_display_header":"default","ocean_header_style":"","ocean_center_header_left_menu":"0","ocean_custom_header_template":"0","ocean_custom_logo":0,"ocean_custom_retina_logo":0,"ocean_custom_logo_max_width":0,"ocean_custom_logo_tablet_max_width":0,"ocean_custom_logo_mobile_max_width":0,"ocean_custom_logo_max_height":0,"ocean_custom_logo_tablet_max_height":0,"ocean_custom_logo_mobile_max_height":0,"ocean_header_custom_menu":"0","ocean_menu_typo_font_family":"0","ocean_menu_typo_font_subset":"","ocean_menu_typo_font_size":0,"ocean_menu_typo_font_size_tablet":0,"ocean_menu_typo_font_size_mobile":0,"ocean_menu_typo_font_size_unit":"px","ocean_menu_typo_font_weight":"","ocean_menu_typo_font_weight_tablet":"","ocean_menu_typo_font_weight_mobile":"","ocean_menu_typo_transform":"","ocean_menu_typo_transform_tablet":"","ocean_menu_typo_transform_mobile":"","ocean_menu_typo_line_height":0,"ocean_menu_typo_line_height_tablet":0,"ocean_menu_typo_line_height_mobile":0,"ocean_menu_typo_line_height_unit":"","ocean_menu_typo_spacing":0,"ocean_menu_typo_spacing_tablet":0,"ocean_menu_typo_spacing_mobile":0,"ocean_menu_typo_spacing_unit":"","ocean_menu_link_color":"","ocean_menu_link_color_hover":"","ocean_menu_link_color_active":"","ocean_menu_link_background":"","ocean_menu_link_hover_background":"","ocean_menu_link_active_background":"","ocean_menu_social_links_bg":"","ocean_menu_social_hover_links_bg":"","ocean_menu_social_links_color":"","ocean_menu_social_hover_links_color":"","ocean_disable_title":"default","ocean_disable_heading":"default","ocean_post_title":"","ocean_post_subheading":"","ocean_post_title_style":"","ocean_post_title_background_color":"","ocean_post_title_background":0,"ocean_post_title_bg_image_position":"","ocean_post_title_bg_image_attachment":"","ocean_post_title_bg_image_repeat":"","ocean_post_title_bg_image_size":"","ocean_post_title_height":0,"ocean_post_title_bg_overlay":0.5,"ocean_post_title_bg_overlay_color":"","ocean_disable_breadcrumbs":"default","ocean_breadcrumbs_color":"","ocean_breadcrumbs_separator_color":"","ocean_breadcrumbs_links_color":"","ocean_breadcrumbs_links_hover_color":"","ocean_display_footer_widgets":"default","ocean_display_footer_bottom":"default","ocean_custom_footer_template":"0"},"product_brand":[],"product_cat":[43],"product_tag":[],"class_list":{"0":"post-583","1":"product","2":"type-product","3":"status-publish","4":"has-post-thumbnail","6":"product_cat-ragwinn-tactics","7":"product_shipping_class-produit-leger-500g","9":"entry","10":"has-media","12":"first","13":"onbackorder","14":"taxable","15":"shipping-taxable","16":"purchasable","17":"product-type-simple","18":"col","19":"span_1_of_4","20":"owp-content-center","21":"item-entry","22":"owp-thumbs-layout-horizontal","23":"owp-btn-big","24":"owp-tabs-layout-horizontal"},"_links":{"self":[{"href":"https:\/\/ragwinn.com\/cs\/wp-json\/wp\/v2\/product\/583","targetHints":{"allow":["GET"]}}],"collection":[{"href":"https:\/\/ragwinn.com\/cs\/wp-json\/wp\/v2\/product"}],"about":[{"href":"https:\/\/ragwinn.com\/cs\/wp-json\/wp\/v2\/types\/product"}],"replies":[{"embeddable":true,"href":"https:\/\/ragwinn.com\/cs\/wp-json\/wp\/v2\/comments?post=583"}],"version-history":[{"count":0,"href":"https:\/\/ragwinn.com\/cs\/wp-json\/wp\/v2\/product\/583\/revisions"}],"wp:featuredmedia":[{"embeddable":true,"href":"https:\/\/ragwinn.com\/cs\/wp-json\/wp\/v2\/media\/1297"}],"wp:attachment":[{"href":"https:\/\/ragwinn.com\/cs\/wp-json\/wp\/v2\/media?parent=583"}],"wp:term":[{"taxonomy":"product_brand","embeddable":true,"href":"https:\/\/ragwinn.com\/cs\/wp-json\/wp\/v2\/product_brand?post=583"},{"taxonomy":"product_cat","embeddable":true,"href":"https:\/\/ragwinn.com\/cs\/wp-json\/wp\/v2\/product_cat?post=583"},{"taxonomy":"product_tag","embeddable":true,"href":"https:\/\/ragwinn.com\/cs\/wp-json\/wp\/v2\/product_tag?post=583"}],"curies":[{"name":"wp","href":"https:\/\/api.w.org\/{rel}","templated":true}]}}