{"id":3757,"date":"2025-12-07T18:15:48","date_gmt":"2025-12-07T17:15:48","guid":{"rendered":"https:\/\/ragwinn.com\/?post_type=product&#038;p=3757"},"modified":"2026-05-04T18:46:21","modified_gmt":"2026-05-04T16:46:21","slug":"talon-5-hk-417","status":"publish","type":"product","link":"https:\/\/ragwinn.com\/cs\/produit\/talon-5-hk-417","title":{"rendered":"Zasobniku +5 HK 417"},"content":{"rendered":"<h1 style=\"text-align: center;\"><strong>Zasobniku +5 <\/strong>HK 417<\/h1>\n<p>Pasuje na m\u00edsto p\u016fvodn\u00edho z\u00e1sobn\u00edku na z\u00e1sobn\u00edku HK 417 a zvy\u0161uje kapacitu z\u00e1sobn\u00edku o 5 n\u00e1boj\u016f.<\/p>\n<h2 style=\"text-align: center;\"><strong>Kl\u00ed\u010dov\u00e9 vlastnosti Zasobniku +5 HK417:<\/strong><\/h2>\n<ul>\n<li><strong>Sofistikovan\u00e9 ovl\u00e1d\u00e1n\u00ed <\/strong>Tvar n\u00e1stavce zlep\u0161uje dr\u017een\u00ed nab\u00edje\u010dky a usnad\u0148uje jej\u00ed vyjmut\u00ed z kapsy.<\/li>\n<li><strong>\u010c\u00edslovan\u00e9 str\u00e1nky<\/strong> \u010c\u00edslov\u00e1n\u00ed nab\u00edje\u010dek: Na spodn\u00ed stran\u011b n\u00e1stavce jsou m\u00edsta pro \u010d\u00edslov\u00e1n\u00ed nab\u00edje\u010dek. To lze prov\u00e9st fixem Posca* nebo mazac\u00ed tu\u017ekou*. O\u010d\u00edslov\u00e1n\u00ed z\u00e1sobn\u00edk\u016f usnad\u0148uje jejich identifikaci v ka\u017ed\u00e9 situaci.<\/li>\n<li><strong>Kvalitn\u00ed v\u00fdroba <\/strong>Pata +5 HK417 je vyrobena ve Francii z polykarbon\u00e1tu vyztu\u017een\u00e9ho uhl\u00edkov\u00fdmi vl\u00e1kny, je odoln\u00e1 proti n\u00e1raz\u016fm a extr\u00e9mn\u00edm teplot\u00e1m (-40\u00b0 +160 \u00b0C).<\/li>\n<li><strong>Barvy<\/strong> Matn\u00e1 \u010dern\u00e1.<\/li>\n<\/ul>\n<p>&nbsp;<\/p>\n<h3 style=\"text-align: center;\"><strong>K dispozici tak\u00e9:<\/strong><\/h3>\n<ul>\n<li><a href=\"https:\/\/ragwinn.com\/cs\/produit\/magwell-hk416-f-mr223-f-prislusenstvi\/\" target=\"_blank\" rel=\"noopener\"><strong>Magwell pro <\/strong><strong>HK416 F<\/strong><\/a>\u00a0: Vylep\u0161en\u00e1 manipulace a rychlost nab\u00edjen\u00ed u AR15 s na\u0161\u00edm <a href=\"https:\/\/crealib3d.com\/quest-ce-quun-magwell-et-pourquoi-en-utiliser\" target=\"_blank\" rel=\"noreferrer noopener\">magwell<\/a>.<\/li>\n<li><a href=\"https:\/\/ragwinn.com\/cs\/produit\/magwellar15\/\" target=\"_blank\" rel=\"noopener\"><strong>Z\u00e1sobn\u00edk pro AR15<\/strong><\/a> Hladk\u00e9 nab\u00edjen\u00ed d\u00edky velk\u00e9 vstupn\u00ed plo\u0161e z\u00e1sobn\u00edku.<\/li>\n<li><a href=\"https:\/\/ragwinn.com\/cs\/produit\/pata-2-zasobniky-glock-9x19\/\" target=\"_blank\" rel=\"noopener\"><strong>Z\u00e1sobn\u00edk Glock zasobniku +2<\/strong><\/a> Objevte n\u00e1\u0161 +2 z\u00e1sobn\u00edk pro Glock 9\u00d719 s dvojit\u00fdm sloupcem.<\/li>\n<\/ul>\n<p>&nbsp;<\/p>\n<p><em>Pozn\u00e1mka: Sou\u010d\u00e1st\u00ed dod\u00e1vky je pouze trn nab\u00edje\u010dky a \u0161rouby.<br \/>\n<\/em><span style=\"text-decoration: underline;\">POZOR<\/span> Vezm\u011bte pros\u00edm na v\u011bdom\u00ed p\u0159edpisy platn\u00e9 ve va\u0161\u00ed zemi\/oblasti v den n\u00e1kupu.<br \/>\nVe Francii v listopadu 2024 platn\u00e9 p\u0159edpisy stanov\u00ed, \u017ee maxim\u00e1ln\u00ed kapacita z\u00e1sobn\u00edku pro zbra\u0148 za\u0159azenou do kategorie B-4 nesm\u00ed p\u0159ekro\u010dit 30 ran. <span data-olk-copy-source=\"MessageBody\"> Pouze st\u0159elci TSV mohou m\u00edt v dr\u017een\u00ed nap\u00e1jec\u00ed syst\u00e9my s v\u011bt\u0161\u00ed kapacitou (<a href=\"https:\/\/www.legifrance.gouv.fr\/codes\/article_lc\/LEGIARTI000045148049\" target=\"_blank\" rel=\"noopener\">R312-45<\/a>).<\/span><\/p>","protected":false},"excerpt":{"rendered":"<p>Zvy\u0161te kapacitu sv\u00fdch z\u00e1sobn\u00edk\u016f HK 417 o 5 n\u00e1boj\u016f pomoc\u00ed t\u00e9to patky +5 HK 417, p\u0159i\u010dem\u017e p\u016fvodn\u00ed pru\u017eina z\u016fstane zachov\u00e1na.<br \/>\nInstalace za m\u00e9n\u011b ne\u017e 20 sekund, v\u010detn\u011b \u0161roub\u016f a vrut\u016f.<\/p>","protected":false},"featured_media":4099,"comment_status":"open","ping_status":"closed","template":"","meta":{"ocean_post_layout":"","ocean_both_sidebars_style":"","ocean_both_sidebars_content_width":0,"ocean_both_sidebars_sidebars_width":0,"ocean_sidebar":"0","ocean_second_sidebar":"0","ocean_disable_margins":"enable","ocean_add_body_class":"","ocean_shortcode_before_top_bar":"","ocean_shortcode_after_top_bar":"","ocean_shortcode_before_header":"","ocean_shortcode_after_header":"","ocean_has_shortcode":"","ocean_shortcode_after_title":"","ocean_shortcode_before_footer_widgets":"","ocean_shortcode_after_footer_widgets":"","ocean_shortcode_before_footer_bottom":"","ocean_shortcode_after_footer_bottom":"","ocean_display_top_bar":"default","ocean_display_header":"default","ocean_header_style":"","ocean_center_header_left_menu":"0","ocean_custom_header_template":"0","ocean_custom_logo":0,"ocean_custom_retina_logo":0,"ocean_custom_logo_max_width":0,"ocean_custom_logo_tablet_max_width":0,"ocean_custom_logo_mobile_max_width":0,"ocean_custom_logo_max_height":0,"ocean_custom_logo_tablet_max_height":0,"ocean_custom_logo_mobile_max_height":0,"ocean_header_custom_menu":"0","ocean_menu_typo_font_family":"0","ocean_menu_typo_font_subset":"","ocean_menu_typo_font_size":0,"ocean_menu_typo_font_size_tablet":0,"ocean_menu_typo_font_size_mobile":0,"ocean_menu_typo_font_size_unit":"px","ocean_menu_typo_font_weight":"","ocean_menu_typo_font_weight_tablet":"","ocean_menu_typo_font_weight_mobile":"","ocean_menu_typo_transform":"","ocean_menu_typo_transform_tablet":"","ocean_menu_typo_transform_mobile":"","ocean_menu_typo_line_height":0,"ocean_menu_typo_line_height_tablet":0,"ocean_menu_typo_line_height_mobile":0,"ocean_menu_typo_line_height_unit":"","ocean_menu_typo_spacing":0,"ocean_menu_typo_spacing_tablet":0,"ocean_menu_typo_spacing_mobile":0,"ocean_menu_typo_spacing_unit":"","ocean_menu_link_color":"","ocean_menu_link_color_hover":"","ocean_menu_link_color_active":"","ocean_menu_link_background":"","ocean_menu_link_hover_background":"","ocean_menu_link_active_background":"","ocean_menu_social_links_bg":"","ocean_menu_social_hover_links_bg":"","ocean_menu_social_links_color":"","ocean_menu_social_hover_links_color":"","ocean_disable_title":"default","ocean_disable_heading":"default","ocean_post_title":"","ocean_post_subheading":"","ocean_post_title_style":"","ocean_post_title_background_color":"","ocean_post_title_background":0,"ocean_post_title_bg_image_position":"","ocean_post_title_bg_image_attachment":"","ocean_post_title_bg_image_repeat":"","ocean_post_title_bg_image_size":"","ocean_post_title_height":0,"ocean_post_title_bg_overlay":0.5,"ocean_post_title_bg_overlay_color":"","ocean_disable_breadcrumbs":"default","ocean_breadcrumbs_color":"","ocean_breadcrumbs_separator_color":"","ocean_breadcrumbs_links_color":"","ocean_breadcrumbs_links_hover_color":"","ocean_display_footer_widgets":"default","ocean_display_footer_bottom":"default","ocean_custom_footer_template":"0"},"product_brand":[],"product_cat":[104,17,43],"product_tag":[24,23,119,120,121,118],"class_list":{"0":"post-3757","1":"product","2":"type-product","3":"status-publish","4":"has-post-thumbnail","6":"product_cat-extension-chargeur","7":"product_cat-ragwinn-hobby","8":"product_cat-ragwinn-tactics","9":"product_tag-chargeur","10":"product_tag-extension","11":"product_tag-hecklerkoch","12":"product_tag-thp","13":"product_tag-tireur-delite","14":"product_tag-upgrade","15":"product_shipping_class-produit-leger-500g","17":"entry","18":"has-media","20":"first","21":"instock","22":"taxable","23":"shipping-taxable","24":"purchasable","25":"product-type-simple","26":"col","27":"span_1_of_4","28":"owp-content-center","29":"item-entry","30":"owp-thumbs-layout-horizontal","31":"owp-btn-big","32":"owp-tabs-layout-horizontal"},"_links":{"self":[{"href":"https:\/\/ragwinn.com\/cs\/wp-json\/wp\/v2\/product\/3757","targetHints":{"allow":["GET"]}}],"collection":[{"href":"https:\/\/ragwinn.com\/cs\/wp-json\/wp\/v2\/product"}],"about":[{"href":"https:\/\/ragwinn.com\/cs\/wp-json\/wp\/v2\/types\/product"}],"replies":[{"embeddable":true,"href":"https:\/\/ragwinn.com\/cs\/wp-json\/wp\/v2\/comments?post=3757"}],"version-history":[{"count":7,"href":"https:\/\/ragwinn.com\/cs\/wp-json\/wp\/v2\/product\/3757\/revisions"}],"predecessor-version":[{"id":4352,"href":"https:\/\/ragwinn.com\/cs\/wp-json\/wp\/v2\/product\/3757\/revisions\/4352"}],"wp:featuredmedia":[{"embeddable":true,"href":"https:\/\/ragwinn.com\/cs\/wp-json\/wp\/v2\/media\/4099"}],"wp:attachment":[{"href":"https:\/\/ragwinn.com\/cs\/wp-json\/wp\/v2\/media?parent=3757"}],"wp:term":[{"taxonomy":"product_brand","embeddable":true,"href":"https:\/\/ragwinn.com\/cs\/wp-json\/wp\/v2\/product_brand?post=3757"},{"taxonomy":"product_cat","embeddable":true,"href":"https:\/\/ragwinn.com\/cs\/wp-json\/wp\/v2\/product_cat?post=3757"},{"taxonomy":"product_tag","embeddable":true,"href":"https:\/\/ragwinn.com\/cs\/wp-json\/wp\/v2\/product_tag?post=3757"}],"curies":[{"name":"wp","href":"https:\/\/api.w.org\/{rel}","templated":true}]}}