{"id":3742,"date":"2025-12-06T13:30:13","date_gmt":"2025-12-06T12:30:13","guid":{"rendered":"https:\/\/ragwinn.com\/?post_type=product&#038;p=3742"},"modified":"2026-05-04T18:45:53","modified_gmt":"2026-05-04T16:45:53","slug":"magwell-scar-h","status":"publish","type":"product","link":"https:\/\/ragwinn.com\/cs\/produit\/magwell-scar-h","title":{"rendered":"Magwell SCAR H"},"content":{"rendered":"<h1 style=\"text-align: center;\"><strong data-start=\"299\" data-end=\"322\">Magwell SCAR H<\/strong><\/h1>\n<h2 style=\"text-align: center;\"><strong>\" <\/strong><em data-start=\"329\" data-end=\"399\">Rechargement rapide dans toutes les situations <\/em><strong>\"<\/strong><\/h2>\n<p data-start=\"401\" data-end=\"702\">Con\u00e7u sp\u00e9cialement pour la plateforme Scar H, le magwell est parfaitement compatible avec les variantes du SCAR H, notamment le SCAR H PR, en dotation des tireurs d&rsquo;\u00e9lite de l&rsquo;Arm\u00e9e Fran\u00e7aise.<br \/>\nVstupn\u00ed plocha a \u00fahel z\u00e1sobn\u00edku byly navr\u017eeny tak, aby :<br \/>\n&#8211; Optimiser le rechargement de l&rsquo;arme en position couch\u00e9e &#8211; o\u00f9 l\u2019angle d\u2019insertion peut devenir critique,<br \/>\n- Optimalizujte nab\u00edjen\u00ed zbran\u011b ve stoje, kdy rychlost n\u00e1vratu do bojov\u00e9ho stavu m\u016f\u017ee m\u00edt z\u00e1sadn\u00ed v\u00fdznam,<br \/>\n- Poskytuje st\u0159elc\u016fm z\u00e1sadn\u00ed v\u00fdhodu p\u0159ed jejich c\u00edli a zaji\u0161\u0165uje klid a efektivitu na zemi.<\/p>\n<p data-start=\"401\" data-end=\"702\">Gr\u00e2ce \u00e0 son architecture \u00e9tudi\u00e9e pour les chargeurs 7,62 mm SCAR H FN HERSTAL, ce magwell vous garantit une insertion fluide et imm\u00e9diate, m\u00eame dans les conditions les plus exigeantes.<\/p>\n<h2 style=\"text-align: center;\" data-start=\"880\" data-end=\"931\"><strong data-start=\"883\" data-end=\"931\">Pourquoi utiliser le magwell SCAR H ?<\/strong><\/h2>\n<h3 data-start=\"933\" data-end=\"980\">\ud83d\udd39 <strong data-start=\"940\" data-end=\"978\">Opravdu rychl\u00e9 dob\u00edjen\u00ed<\/strong><\/h3>\n<p data-start=\"981\" data-end=\"1229\">Gr\u00e2ce \u00e0 une surface d&rsquo;entr\u00e9e de plus de 90 degr\u00e9s et un angle d\u2019insertion \u00e9largi, le magwell guide naturellement le chargeur dans le puits, r\u00e9duisant le temps de rechargement.<\/p>\n<h3 data-start=\"1231\" data-end=\"1270\">\ud83d\udd39 <strong data-start=\"1238\" data-end=\"1268\">\u00daspora provozn\u00edho \u010dasu<\/strong><\/h3>\n<p data-start=\"1271\" data-end=\"1440\">Rychl\u00e9 nab\u00edjen\u00ed znamen\u00e1 rychl\u00fd n\u00e1vrat do bojov\u00e9ho stavu: to je u zbran\u011b ur\u010den\u00e9 pro p\u0159esnou st\u0159elbu i boj zbl\u00edzka nutnost.<\/p>\n<h3 data-start=\"1442\" data-end=\"1476\">\ud83d\udd39 <strong data-start=\"1449\" data-end=\"1474\">Roz\u0161\u00ed\u0159en\u00e1 kompatibilita<\/strong><\/h3>\n<p data-start=\"1477\" data-end=\"1606\">SCAR H, SCAR H PR, SCAR H TPR, MK17, SCAR 17S et SCAR 20S, ce magwell prendra naturellement place sur votre fusil de pr\u00e9cision.<\/p>\n<h3 data-start=\"1608\" data-end=\"1640\">\ud83d\udd39 <strong data-start=\"1615\" data-end=\"1638\">Maxim\u00e1ln\u00ed diskr\u00e9tnost<\/strong><\/h3>\n<p data-start=\"1641\" data-end=\"1829\">Fabriqu\u00e9 dans un mat\u00e9riau sombre absorbant les rayons infrarouges (IR), il est discret, l\u00e9ger (26 g), ce qui le rend id\u00e9al pour les op\u00e9rations de nuit et dans les environnements o\u00f9 votre signature infrarouge doit \u00eatre dissimul\u00e9e.<\/p>\n<h3 style=\"text-align: center;\" data-start=\"1836\" data-end=\"1882\"><strong data-start=\"1839\" data-end=\"1882\">Vyrobeno pro dlouhou \u017eivotnost, navr\u017eeno pro pou\u017eit\u00ed v ter\u00e9nu<\/strong><\/h3>\n<h3 data-start=\"1884\" data-end=\"1929\">\ud83d\udd39 <strong data-start=\"1891\" data-end=\"1927\">Rychl\u00e1 a bezpe\u010dn\u00e1 instalace<\/strong><\/h3>\n<p data-start=\"1930\" data-end=\"2049\">Spolehliv\u00e1 mont\u00e1\u017e d\u00edky dv\u011bma \u0161roub\u016fm (sou\u010d\u00e1st dod\u00e1vky), kter\u00e9 zaru\u010duj\u00ed dokonal\u00e9 uchycen\u00ed bez rizika naru\u0161en\u00ed h\u0159\u00eddele nab\u00edje\u010dky.<\/p>\n<h3 data-start=\"2051\" data-end=\"2082\">\ud83d\udd39 <strong data-start=\"2058\" data-end=\"2080\">Studovan\u00e1 robustnost<\/strong><\/h3>\n<p data-start=\"2083\" data-end=\"2140\">Fabriqu\u00e9 en France dans un nylon renforc\u00e9 en fibres de carbone, il r\u00e9siste :<br \/>\n- na prudk\u00e9 a opakovan\u00e9 n\u00e1razy,<br \/>\n- extr\u00e9mn\u00ed teploty od -40 \u00b0C do +160 \u00b0C,<br \/>\n- v\u016f\u010di rozpou\u0161t\u011bdl\u016fm a UV z\u00e1\u0159en\u00ed.<\/p>\n<p data-start=\"2249\" data-end=\"2361\">Parfait pour les environnements op\u00e9rationnels vari\u00e9s.<\/p>\n<h3 data-start=\"2363\" data-end=\"2400\">\ud83d\udd39 <strong data-start=\"2370\" data-end=\"2398\">Ergonomick\u00e9 a obouru\u010dn\u00ed<\/strong><\/h3>\n<p data-start=\"2401\" data-end=\"2566\">Kompaktn\u00ed profil, kontrolovan\u00e1 hmotnost a snadn\u00e9 pou\u017eit\u00ed pro prav\u00e1ky i lev\u00e1ky. Ide\u00e1ln\u00ed pro st\u0159elce s oporou i pro st\u0159elce s p\u0159\u00edm\u00fdm kontaktem.<\/p>\n<hr data-start=\"2568\" data-end=\"2571\" \/>\n<h3 data-start=\"2363\" data-end=\"2400\">\ud83d\udd39 <strong data-start=\"2370\" data-end=\"2398\">P\u0159izp\u016fsobiteln\u00e9<\/strong><\/h3>\n<p data-start=\"2610\" data-end=\"2728\">Le magwell SCAR H peut parfaitement \u00eatre peint afin de l&rsquo;int\u00e9grer au camouflage de l&rsquo;armement et de l&rsquo;op\u00e9rateur.<\/p>\n<hr data-start=\"2819\" data-end=\"2822\" \/>\n<h2 style=\"text-align: center;\" data-start=\"2824\" data-end=\"2871\"><strong data-start=\"2827\" data-end=\"2871\">Testov\u00e1no a schv\u00e1leno odborn\u00edky<\/strong><\/h2>\n<p data-start=\"2873\" data-end=\"3117\">Con\u00e7u et \u00e9valu\u00e9 avec des militaires d&rsquo;actives, tireurs de pr\u00e9cision et tireurs d&rsquo;\u00e9lite, utilisant la plateforme SCAR.<br \/>\nJe sou\u010d\u00e1st\u00ed \u0159ady Ragwinn Solutions, kter\u00e1 je navr\u017eena tak, aby spl\u0148ovala po\u017eadavky modern\u00edho provozn\u00edho pole.<\/p>\n<hr data-start=\"3119\" data-end=\"3122\" \/>\n<h2 style=\"text-align: center;\" data-start=\"3124\" data-end=\"3158\"><strong data-start=\"3127\" data-end=\"3158\">Technick\u00e9 specifikace<\/strong><\/h2>\n<ul data-start=\"3160\" data-end=\"3343\">\n<li data-start=\"3160\" data-end=\"3182\">\n<p data-start=\"3162\" data-end=\"3182\"><strong data-start=\"3162\" data-end=\"3173\">Hmotnost :<\/strong> 49 g<\/p>\n<\/li>\n<li data-start=\"3183\" data-end=\"3228\">\n<p data-start=\"3185\" data-end=\"3228\"><strong data-start=\"3185\" data-end=\"3211\">Tepeln\u00e1 odolnost :<\/strong> -40 \u00b0C a\u017e +160 \u00b0C<\/p>\n<\/li>\n<li data-start=\"3229\" data-end=\"3291\">\n<p data-start=\"3231\" data-end=\"3291\"><strong data-start=\"3231\" data-end=\"3289\">R\u00e9sistance aux solvants, aux UV et aux rayonnements IR<\/strong><\/p>\n<\/li>\n<li data-start=\"3292\" data-end=\"3343\">\n<p data-start=\"3294\" data-end=\"3343\"><strong data-start=\"3294\" data-end=\"3308\">Materi\u00e1l :<\/strong> Polym\u00e8re renforc\u00e9 fibres de carbone<\/p>\n<\/li>\n<\/ul>\n<p style=\"text-align: center;\"><strong data-start=\"3350\" data-end=\"3461\">Faites la diff\u00e9rence, optimisez votre SCAR : commandez votre magwell SCAR H PR d\u00e8s maintenant.<\/strong><\/p>\n<p data-start=\"3463\" data-end=\"3492\">K dispozici tak\u00e9:<\/p>\n<ul data-start=\"3493\" data-end=\"3567\">\n<li data-start=\"3493\" data-end=\"3521\"><a href=\"https:\/\/ragwinn.com\/cs\/produit\/magwell-hk416-f-mr223-f-prislusenstvi\/\" target=\"_blank\" rel=\"noopener\">Magwell HK 416 F<\/a><\/li>\n<li data-start=\"3493\" data-end=\"3521\"><a href=\"https:\/\/: https:\/\/ragwinn.com\/produit\/magwell-hk417\" target=\"_blank\" rel=\"noopener\">Magwell HK 417<\/a><\/li>\n<li data-start=\"3493\" data-end=\"3521\"><a href=\"https:\/\/ragwinn.com\/cs\/produit\/magwellar15\/\" target=\"_blank\" rel=\"noopener\">Magwell AR15<\/a><\/li>\n<\/ul>\n<p>Zjist\u011bte v\u00edce o magwells <a href=\"https:\/\/crealib3d.com\/quest-ce-quun-magwell-et-pourquoi-en-utiliser\" target=\"_blank\" rel=\"noopener\">zde<\/a> (ve francouz\u0161tin\u011b) a <a href=\"https:\/\/www.anrkydexholsters.com\/what-is-a-magwell-why-do-they-matter\/\" target=\"_blank\" rel=\"noopener\">zde<\/a> (v angli\u010dtin\u011b).<\/p>","protected":false},"excerpt":{"rendered":"<p>Magwell SCAR H : optimisez vos rechargements en appui ou au contact.<br \/>\nCompatible avec les diff\u00e9rentes variantes de SCAR H dont le SCAR H PR.<br \/>\nRychl\u00e9, robustn\u00ed, diskr\u00e9tn\u00ed: navr\u017een\u00e9 pro pr\u00e1ci v ter\u00e9nu.<\/p>","protected":false},"featured_media":4246,"comment_status":"open","ping_status":"closed","template":"","meta":{"ocean_post_layout":"","ocean_both_sidebars_style":"","ocean_both_sidebars_content_width":0,"ocean_both_sidebars_sidebars_width":0,"ocean_sidebar":"0","ocean_second_sidebar":"0","ocean_disable_margins":"enable","ocean_add_body_class":"","ocean_shortcode_before_top_bar":"","ocean_shortcode_after_top_bar":"","ocean_shortcode_before_header":"","ocean_shortcode_after_header":"","ocean_has_shortcode":"","ocean_shortcode_after_title":"","ocean_shortcode_before_footer_widgets":"","ocean_shortcode_after_footer_widgets":"","ocean_shortcode_before_footer_bottom":"","ocean_shortcode_after_footer_bottom":"","ocean_display_top_bar":"default","ocean_display_header":"default","ocean_header_style":"","ocean_center_header_left_menu":"0","ocean_custom_header_template":"0","ocean_custom_logo":0,"ocean_custom_retina_logo":0,"ocean_custom_logo_max_width":0,"ocean_custom_logo_tablet_max_width":0,"ocean_custom_logo_mobile_max_width":0,"ocean_custom_logo_max_height":0,"ocean_custom_logo_tablet_max_height":0,"ocean_custom_logo_mobile_max_height":0,"ocean_header_custom_menu":"0","ocean_menu_typo_font_family":"0","ocean_menu_typo_font_subset":"","ocean_menu_typo_font_size":0,"ocean_menu_typo_font_size_tablet":0,"ocean_menu_typo_font_size_mobile":0,"ocean_menu_typo_font_size_unit":"px","ocean_menu_typo_font_weight":"","ocean_menu_typo_font_weight_tablet":"","ocean_menu_typo_font_weight_mobile":"","ocean_menu_typo_transform":"","ocean_menu_typo_transform_tablet":"","ocean_menu_typo_transform_mobile":"","ocean_menu_typo_line_height":0,"ocean_menu_typo_line_height_tablet":0,"ocean_menu_typo_line_height_mobile":0,"ocean_menu_typo_line_height_unit":"","ocean_menu_typo_spacing":0,"ocean_menu_typo_spacing_tablet":0,"ocean_menu_typo_spacing_mobile":0,"ocean_menu_typo_spacing_unit":"","ocean_menu_link_color":"","ocean_menu_link_color_hover":"","ocean_menu_link_color_active":"","ocean_menu_link_background":"","ocean_menu_link_hover_background":"","ocean_menu_link_active_background":"","ocean_menu_social_links_bg":"","ocean_menu_social_hover_links_bg":"","ocean_menu_social_links_color":"","ocean_menu_social_hover_links_color":"","ocean_disable_title":"default","ocean_disable_heading":"default","ocean_post_title":"","ocean_post_subheading":"","ocean_post_title_style":"","ocean_post_title_background_color":"","ocean_post_title_background":0,"ocean_post_title_bg_image_position":"","ocean_post_title_bg_image_attachment":"","ocean_post_title_bg_image_repeat":"","ocean_post_title_bg_image_size":"","ocean_post_title_height":0,"ocean_post_title_bg_overlay":0.5,"ocean_post_title_bg_overlay_color":"","ocean_disable_breadcrumbs":"default","ocean_breadcrumbs_color":"","ocean_breadcrumbs_separator_color":"","ocean_breadcrumbs_links_color":"","ocean_breadcrumbs_links_hover_color":"","ocean_display_footer_widgets":"default","ocean_display_footer_bottom":"default","ocean_custom_footer_template":"0"},"product_brand":[],"product_cat":[85,43],"product_tag":[],"class_list":{"0":"post-3742","1":"product","2":"type-product","3":"status-publish","4":"has-post-thumbnail","6":"product_cat-magwell","7":"product_cat-ragwinn-tactics","8":"product_shipping_class-produit-leger-500g","10":"entry","11":"has-media","13":"first","14":"instock","15":"taxable","16":"shipping-taxable","17":"purchasable","18":"product-type-simple","19":"col","20":"span_1_of_4","21":"owp-content-center","22":"item-entry","23":"owp-thumbs-layout-horizontal","24":"owp-btn-big","25":"owp-tabs-layout-horizontal"},"_links":{"self":[{"href":"https:\/\/ragwinn.com\/cs\/wp-json\/wp\/v2\/product\/3742","targetHints":{"allow":["GET"]}}],"collection":[{"href":"https:\/\/ragwinn.com\/cs\/wp-json\/wp\/v2\/product"}],"about":[{"href":"https:\/\/ragwinn.com\/cs\/wp-json\/wp\/v2\/types\/product"}],"replies":[{"embeddable":true,"href":"https:\/\/ragwinn.com\/cs\/wp-json\/wp\/v2\/comments?post=3742"}],"version-history":[{"count":9,"href":"https:\/\/ragwinn.com\/cs\/wp-json\/wp\/v2\/product\/3742\/revisions"}],"predecessor-version":[{"id":4249,"href":"https:\/\/ragwinn.com\/cs\/wp-json\/wp\/v2\/product\/3742\/revisions\/4249"}],"wp:featuredmedia":[{"embeddable":true,"href":"https:\/\/ragwinn.com\/cs\/wp-json\/wp\/v2\/media\/4246"}],"wp:attachment":[{"href":"https:\/\/ragwinn.com\/cs\/wp-json\/wp\/v2\/media?parent=3742"}],"wp:term":[{"taxonomy":"product_brand","embeddable":true,"href":"https:\/\/ragwinn.com\/cs\/wp-json\/wp\/v2\/product_brand?post=3742"},{"taxonomy":"product_cat","embeddable":true,"href":"https:\/\/ragwinn.com\/cs\/wp-json\/wp\/v2\/product_cat?post=3742"},{"taxonomy":"product_tag","embeddable":true,"href":"https:\/\/ragwinn.com\/cs\/wp-json\/wp\/v2\/product_tag?post=3742"}],"curies":[{"name":"wp","href":"https:\/\/api.w.org\/{rel}","templated":true}]}}