{"id":3651,"date":"2025-12-18T16:32:11","date_gmt":"2025-12-18T15:32:11","guid":{"rendered":"https:\/\/ragwinn.com\/?post_type=product&#038;p=3651"},"modified":"2026-05-07T15:40:18","modified_gmt":"2026-05-07T13:40:18","slug":"magwell-hk417","status":"publish","type":"product","link":"https:\/\/ragwinn.com\/cs\/produit\/magwell-hk417","title":{"rendered":"Magwell HK417"},"content":{"rendered":"<h1 style=\"text-align: center;\"><strong data-start=\"299\" data-end=\"322\">Magwell HK417<\/strong><\/h1>\n<h3 style=\"text-align: center;\"><strong>\" <\/strong><em data-start=\"329\" data-end=\"399\">Plynul\u00e9 nab\u00edjen\u00ed s podporou a kontaktem <\/em><strong>\"<\/strong><\/h3>\n<p data-start=\"401\" data-end=\"702\">Z\u00e1sobn\u00edk je navr\u017een speci\u00e1ln\u011b pro platformu HK417 a je dokonale kompatibiln\u00ed s p\u0159esn\u00fdmi pu\u0161kami HK 417, HK G28 a MR308.<br \/>\nVstupn\u00ed plocha a \u00fahel z\u00e1sobn\u00edku byly navr\u017eeny tak, aby :<br \/>\n- Optimalizuje nab\u00edjen\u00ed zbran\u011b v poloze vle\u017ee na z\u00e1dech, kdy m\u016f\u017ee b\u00fdt \u00fahel zasunut\u00ed pro odst\u0159elova\u010de kritick\u00fd,<br \/>\n- Optimalizujte nab\u00edjen\u00ed zbran\u011b ve stoje, kdy rychlost n\u00e1vratu do bojov\u00e9ho stavu m\u016f\u017ee m\u00edt z\u00e1sadn\u00ed v\u00fdznam,<br \/>\n- Poskytuje st\u0159elc\u016fm z\u00e1sadn\u00ed v\u00fdhodu p\u0159ed jejich c\u00edli a zaji\u0161\u0165uje klid a efektivitu na zemi.<\/p>\n<p data-start=\"401\" data-end=\"702\">D\u00edky sv\u00e9 architektu\u0159e ur\u010den\u00e9 pro z\u00e1sobn\u00edky HK417 r\u00e1\u017ee 7,62 mm zaru\u010duje tento z\u00e1sobn\u00edk hladk\u00e9 a okam\u017eit\u00e9 zasunut\u00ed i v t\u011bch nejn\u00e1ro\u010dn\u011bj\u0161\u00edch podm\u00ednk\u00e1ch.<\/p>\n<h2 style=\"text-align: center;\" data-start=\"880\" data-end=\"931\"><strong data-start=\"883\" data-end=\"931\">Pro\u010d si vybrat na\u0161e pouzdro na z\u00e1sobn\u00edk HK417 \/ G28?<\/strong><\/h2>\n<p data-start=\"933\" data-end=\"980\"><strong data-start=\"940\" data-end=\"978\">Opravdu rychl\u00e9 dob\u00edjen\u00ed<\/strong> : Gr\u00e2ce \u00e0 une surface d&rsquo;entr\u00e9e de plus de 90 degr\u00e9s et un angle d\u2019insertion \u00e9largi (250% par rapport au puits de chargeur d&rsquo;origine), le magwell guide naturellement le chargeur dans le puits.<\/p>\n<p data-start=\"1231\" data-end=\"1270\"><strong data-start=\"1238\" data-end=\"1268\">\u00daspora provozn\u00edho \u010dasu<\/strong> : Qui dit rechargement rapide dit retour en ordre de bataille rapide : un indispensable pour une arme destin\u00e9e autant \u00e0 la pr\u00e9cision qu\u2019au tir de combat rapproch\u00e9.<\/p>\n<p data-start=\"1442\" data-end=\"1476\"><strong data-start=\"1449\" data-end=\"1474\">Roz\u0161\u00ed\u0159en\u00e1 kompatibilita<\/strong> : HK 417, HK G28 ou HK MR308, ce magwell 417 prendra naturellement place sur votre fusil de pr\u00e9cision.<\/p>\n<p data-start=\"1608\" data-end=\"1640\"><strong data-start=\"1615\" data-end=\"1638\">Maxim\u00e1ln\u00ed diskr\u00e9tnost<\/strong> : Fabriqu\u00e9 dans un mat\u00e9riau sombre absorbant les rayons infrarouges (IR), il est discret, l\u00e9ger, ce qui le rend id\u00e9al pour les op\u00e9rations de nuit et dans les environnements o\u00f9 votre signature infrarouge doit \u00eatre dissimul\u00e9e.<\/p>\n<h2 style=\"text-align: center;\" data-start=\"1836\" data-end=\"1882\"><strong data-start=\"1839\" data-end=\"1882\">Vyrobeno pro dlouhou \u017eivotnost, navr\u017eeno pro pou\u017eit\u00ed v ter\u00e9nu<\/strong><\/h2>\n<p data-start=\"1884\" data-end=\"1929\"><strong data-start=\"1891\" data-end=\"1927\">Rychl\u00e1 a bezpe\u010dn\u00e1 instalace<\/strong> : Montage fiable gr\u00e2ce \u00e0 deux vis (fournies), garantissant une parfaite tenue sans risque de perturbation du puits de chargeur.<\/p>\n<p data-start=\"2051\" data-end=\"2082\"><strong data-start=\"2058\" data-end=\"2080\">Studovan\u00e1 robustnost<\/strong> : Fabriqu\u00e9 en France dans un nylon renforc\u00e9 en fibres de carbone, le magwell HK417 r\u00e9siste aux chocs violents et r\u00e9p\u00eat\u00e9s, aux temp\u00e9ratures extr\u00eames de -40\u00b0C \u00e0 +160\u00b0C, aux solvants et UV. Il est parfaitement adapt\u00e9 aux environnements vari\u00e9s.<\/p>\n<p data-start=\"2363\" data-end=\"2400\"><strong data-start=\"2370\" data-end=\"2398\">Ergonomick\u00e9 a obouru\u010dn\u00ed<\/strong> : Profil compact, poids ma\u00eetris\u00e9 et utilisation fluide pour droitiers comme gauchers. Id\u00e9al aussi bien pour un tireur en appui que pour un aller au contact direct. Augmentez \u00e9galement la capacit\u00e9 de votre chargeur gr\u00e2ce au <a href=\"https:\/\/ragwinn.com\/cs\/produit\/talon-5-hk-417\/\" target=\"_blank\" rel=\"noopener\">talon +5 HK417<\/a>.<\/p>\n<p data-start=\"2363\" data-end=\"2400\"><strong data-start=\"2370\" data-end=\"2398\">P\u0159izp\u016fsobiteln\u00e9<\/strong> : Le magwell HK417 peut parfaitement \u00eatre peint afin de l&rsquo;int\u00e9grer au camouflage de l&rsquo;armement et de l&rsquo;op\u00e9rateur.<\/p>\n<h2 style=\"text-align: center;\" data-start=\"2824\" data-end=\"2871\"><strong data-start=\"2827\" data-end=\"2871\">Testov\u00e1no a schv\u00e1leno odborn\u00edky<\/strong><\/h2>\n<p data-start=\"2873\" data-end=\"3117\">Testov\u00e1no st\u0159elci na dlouh\u00e9 vzd\u00e1lenosti, aktivn\u00edmi st\u0159elci a st\u0159elci v z\u00e1loze pou\u017e\u00edvaj\u00edc\u00edmi platformu HK 417.<br \/>\nJe sou\u010d\u00e1st\u00ed \u0159ady Ragwinn Solutions, kter\u00e1 je navr\u017eena tak, aby spl\u0148ovala po\u017eadavky modern\u00edho provozn\u00edho pole.<\/p>\n<h2 style=\"text-align: center;\" data-start=\"3124\" data-end=\"3158\"><strong data-start=\"3127\" data-end=\"3158\">Technick\u00e9 specifikace<\/strong><\/h2>\n<ul data-start=\"3160\" data-end=\"3343\">\n<li data-start=\"3160\" data-end=\"3182\">\n<p data-start=\"3162\" data-end=\"3182\"><strong data-start=\"3162\" data-end=\"3173\">Hmotnost :<\/strong> <span class=\"NA6bn BxUVEf ILfuVd\" lang=\"en\"><span class=\"hgKElc pOOWX\">\u2264<\/span><\/span> 28 g<\/p>\n<\/li>\n<li data-start=\"3183\" data-end=\"3228\">\n<p data-start=\"3185\" data-end=\"3228\"><strong data-start=\"3185\" data-end=\"3211\">Tepeln\u00e1 odolnost :<\/strong> -40 \u00b0C a\u017e +160 \u00b0C<\/p>\n<\/li>\n<li data-start=\"3229\" data-end=\"3291\">\n<p data-start=\"3231\" data-end=\"3291\"><strong data-start=\"3231\" data-end=\"3289\">Odolnost v\u016f\u010di \u017eivl\u016fm : <\/strong>Odolnost v\u016f\u010di rozpou\u0161t\u011bdl\u016fm, UV a IR z\u00e1\u0159en\u00ed<\/p>\n<\/li>\n<li data-start=\"3292\" data-end=\"3343\">\n<p data-start=\"3294\" data-end=\"3343\"><strong data-start=\"3294\" data-end=\"3308\">Materi\u00e1l :<\/strong> Nylon vyztu\u017een\u00fd uhl\u00edkov\u00fdmi vl\u00e1kny<\/p>\n<\/li>\n<\/ul>\n<h4 style=\"text-align: center;\" data-start=\"3350\" data-end=\"3461\"><strong data-start=\"3350\" data-end=\"3461\">Ud\u011blejte rozd\u00edl a optimalizujte svou zbra\u0148: objednejte si z\u00e1sobn\u00edk HK417 nyn\u00ed.<\/strong><\/h4>\n<p data-start=\"3463\" data-end=\"3492\">K dispozici tak\u00e9 pro :<\/p>\n<ul data-start=\"3493\" data-end=\"3567\">\n<li data-start=\"3493\" data-end=\"3521\"><a href=\"https:\/\/ragwinn.com\/cs\/produit\/magwell-hk416-f-mr223-f-prislusenstvi\/\" target=\"_blank\" rel=\"noopener\">Magwell HK416 F<\/a><\/li>\n<li data-start=\"3493\" data-end=\"3521\"><a href=\"https:\/\/ragwinn.com\/cs\/produit\/magwellar15\/\" target=\"_blank\" rel=\"noopener\">Magwell AR15<\/a><\/li>\n<\/ul>\n<p>Zjist\u011bte v\u00edce o magwells <a href=\"https:\/\/crealib3d.com\/quest-ce-quun-magwell-et-pourquoi-en-utiliser\" target=\"_blank\" rel=\"noopener\">zde<\/a> (ve francouz\u0161tin\u011b) nebo <a href=\"https:\/\/www.anrkydexholsters.com\/what-is-a-magwell-why-do-they-matter\/\" target=\"_blank\" rel=\"noopener\">zde<\/a> (v angli\u010dtin\u011b).<\/p>","protected":false},"excerpt":{"rendered":"<p>Magwell HK417: optimalizujte nab\u00edjen\u00ed stisknut\u00edm nebo dotykem.<br \/>\nKompatibiln\u00ed s HK417, G28, MR308.<br \/>\nRychl\u00e9, robustn\u00ed, diskr\u00e9tn\u00ed: navr\u017een\u00e9 pro pr\u00e1ci v ter\u00e9nu.<\/p>","protected":false},"featured_media":4142,"comment_status":"open","ping_status":"closed","template":"","meta":{"ocean_post_layout":"","ocean_both_sidebars_style":"","ocean_both_sidebars_content_width":0,"ocean_both_sidebars_sidebars_width":0,"ocean_sidebar":"0","ocean_second_sidebar":"0","ocean_disable_margins":"enable","ocean_add_body_class":"","ocean_shortcode_before_top_bar":"","ocean_shortcode_after_top_bar":"","ocean_shortcode_before_header":"","ocean_shortcode_after_header":"","ocean_has_shortcode":"","ocean_shortcode_after_title":"","ocean_shortcode_before_footer_widgets":"","ocean_shortcode_after_footer_widgets":"","ocean_shortcode_before_footer_bottom":"","ocean_shortcode_after_footer_bottom":"","ocean_display_top_bar":"default","ocean_display_header":"default","ocean_header_style":"","ocean_center_header_left_menu":"0","ocean_custom_header_template":"0","ocean_custom_logo":0,"ocean_custom_retina_logo":0,"ocean_custom_logo_max_width":0,"ocean_custom_logo_tablet_max_width":0,"ocean_custom_logo_mobile_max_width":0,"ocean_custom_logo_max_height":0,"ocean_custom_logo_tablet_max_height":0,"ocean_custom_logo_mobile_max_height":0,"ocean_header_custom_menu":"0","ocean_menu_typo_font_family":"0","ocean_menu_typo_font_subset":"","ocean_menu_typo_font_size":0,"ocean_menu_typo_font_size_tablet":0,"ocean_menu_typo_font_size_mobile":0,"ocean_menu_typo_font_size_unit":"px","ocean_menu_typo_font_weight":"","ocean_menu_typo_font_weight_tablet":"","ocean_menu_typo_font_weight_mobile":"","ocean_menu_typo_transform":"","ocean_menu_typo_transform_tablet":"","ocean_menu_typo_transform_mobile":"","ocean_menu_typo_line_height":0,"ocean_menu_typo_line_height_tablet":0,"ocean_menu_typo_line_height_mobile":0,"ocean_menu_typo_line_height_unit":"","ocean_menu_typo_spacing":0,"ocean_menu_typo_spacing_tablet":0,"ocean_menu_typo_spacing_mobile":0,"ocean_menu_typo_spacing_unit":"","ocean_menu_link_color":"","ocean_menu_link_color_hover":"","ocean_menu_link_color_active":"","ocean_menu_link_background":"","ocean_menu_link_hover_background":"","ocean_menu_link_active_background":"","ocean_menu_social_links_bg":"","ocean_menu_social_hover_links_bg":"","ocean_menu_social_links_color":"","ocean_menu_social_hover_links_color":"","ocean_disable_title":"default","ocean_disable_heading":"default","ocean_post_title":"","ocean_post_subheading":"","ocean_post_title_style":"","ocean_post_title_background_color":"","ocean_post_title_background":0,"ocean_post_title_bg_image_position":"","ocean_post_title_bg_image_attachment":"","ocean_post_title_bg_image_repeat":"","ocean_post_title_bg_image_size":"","ocean_post_title_height":0,"ocean_post_title_bg_overlay":0.5,"ocean_post_title_bg_overlay_color":"","ocean_disable_breadcrumbs":"default","ocean_breadcrumbs_color":"","ocean_breadcrumbs_separator_color":"","ocean_breadcrumbs_links_color":"","ocean_breadcrumbs_links_hover_color":"","ocean_display_footer_widgets":"default","ocean_display_footer_bottom":"default","ocean_custom_footer_template":"0"},"product_brand":[],"product_cat":[85,43],"product_tag":[],"class_list":{"0":"post-3651","1":"product","2":"type-product","3":"status-publish","4":"has-post-thumbnail","6":"product_cat-magwell","7":"product_cat-ragwinn-tactics","8":"product_shipping_class-produit-leger-500g","10":"entry","11":"has-media","13":"first","14":"instock","15":"taxable","16":"shipping-taxable","17":"purchasable","18":"product-type-simple","19":"col","20":"span_1_of_4","21":"owp-content-center","22":"item-entry","23":"owp-thumbs-layout-horizontal","24":"owp-btn-big","25":"owp-tabs-layout-horizontal"},"_links":{"self":[{"href":"https:\/\/ragwinn.com\/cs\/wp-json\/wp\/v2\/product\/3651","targetHints":{"allow":["GET"]}}],"collection":[{"href":"https:\/\/ragwinn.com\/cs\/wp-json\/wp\/v2\/product"}],"about":[{"href":"https:\/\/ragwinn.com\/cs\/wp-json\/wp\/v2\/types\/product"}],"replies":[{"embeddable":true,"href":"https:\/\/ragwinn.com\/cs\/wp-json\/wp\/v2\/comments?post=3651"}],"version-history":[{"count":13,"href":"https:\/\/ragwinn.com\/cs\/wp-json\/wp\/v2\/product\/3651\/revisions"}],"predecessor-version":[{"id":4401,"href":"https:\/\/ragwinn.com\/cs\/wp-json\/wp\/v2\/product\/3651\/revisions\/4401"}],"wp:featuredmedia":[{"embeddable":true,"href":"https:\/\/ragwinn.com\/cs\/wp-json\/wp\/v2\/media\/4142"}],"wp:attachment":[{"href":"https:\/\/ragwinn.com\/cs\/wp-json\/wp\/v2\/media?parent=3651"}],"wp:term":[{"taxonomy":"product_brand","embeddable":true,"href":"https:\/\/ragwinn.com\/cs\/wp-json\/wp\/v2\/product_brand?post=3651"},{"taxonomy":"product_cat","embeddable":true,"href":"https:\/\/ragwinn.com\/cs\/wp-json\/wp\/v2\/product_cat?post=3651"},{"taxonomy":"product_tag","embeddable":true,"href":"https:\/\/ragwinn.com\/cs\/wp-json\/wp\/v2\/product_tag?post=3651"}],"curies":[{"name":"wp","href":"https:\/\/api.w.org\/{rel}","templated":true}]}}