{"id":357,"date":"2024-01-09T15:48:58","date_gmt":"2024-01-09T14:48:58","guid":{"rendered":"https:\/\/ragwinn.com\/?post_type=product&#038;p=357"},"modified":"2026-05-04T18:47:36","modified_gmt":"2026-05-04T16:47:36","slug":"pouzdro-pro-ozbrojeny-trezor","status":"publish","type":"product","link":"https:\/\/ragwinn.com\/cs\/produit\/holster-armedepoing-coffre-fort","title":{"rendered":"Magnetick\u00e9 pouzdro na pistoli"},"content":{"rendered":"<h2>Magnetick\u00e9 pouzdro na pistoli, kter\u00e9 \u0161et\u0159\u00ed m\u00edsto v trezoru<\/h2>\n<p>Toto pouzdro na pistoli je nezbytn\u00fdm dopl\u0148kem pro sportovn\u00ed st\u0159elce, kte\u0159\u00ed cht\u011bj\u00ed m\u00edt svou zbra\u0148 v bezpe\u010d\u00ed a maxim\u00e1ln\u011b vyu\u017e\u00edt dostupn\u00fd prostor! Navr\u017eeno pro pistole:<\/p>\n<ul>\n<li>Glock 9\u00d719 double column (17, 19, 19X, 45 atd.),<\/li>\n<li>FNS-9,<\/li>\n<li>Sig P226,<\/li>\n<li>a dal\u0161\u00ed modely pistol\u00ed...<\/li>\n<\/ul>\n<p>Model, kter\u00fd v\u00e1m nejv\u00edce vyhovuje, si m\u016f\u017eete vybrat ze 3 verz\u00ed:<\/p>\n<p>- Rovn\u00e1 magnetick\u00e1 strana, ide\u00e1ln\u00ed pro bou\u0159kov\u00e9 dve\u0159e,<\/p>\n<p>- Magnetizovan\u00e1 lev\u00e1 strana pro organizovan\u00e9 ukl\u00e1d\u00e1n\u00ed,<\/p>\n<p>- Magnetick\u00e1 horn\u00ed \u010d\u00e1st, ide\u00e1ln\u00ed pro optimalizaci zavazadlov\u00e9ho prostoru a optim\u00e1ln\u00ed ochranu va\u0161\u00ed zbran\u011b.<\/p>\n<h2>Dokonal\u00fd dopln\u011bk pro uspo\u0159\u00e1d\u00e1n\u00ed kufru<\/h2>\n<p>Neodymov\u00e9 magnety maj\u00ed dokonalou p\u0159ilnavost ke kovov\u00e9mu povrchu. Vysoce kvalitn\u00ed materi\u00e1l trezorov\u00e9ho pouzdra byl navr\u017een tak, aby chr\u00e1nil va\u0161i zbra\u0148 a z\u00e1rove\u0148 ji uchr\u00e1nil p\u0159ed n\u00e1razy: va\u0161e zbra\u0148 bude pe\u010dliv\u011b ulo\u017eena a chr\u00e1n\u011bna.<\/p>\n<p>Toto p\u0159\u00edslu\u0161enstv\u00ed v\u00e1m u\u0161et\u0159\u00ed zna\u010dn\u00e9 mno\u017estv\u00ed m\u00edsta v zavazadlov\u00e9m prostoru.<\/p>","protected":false},"excerpt":{"rendered":"<p>Pokud nen\u00ed uspo\u0159\u00e1d\u00e1n\u00ed trezor\u016f v\u017edy optim\u00e1ln\u00ed, toto pouzdro na pistoli v\u00e1m umo\u017en\u00ed bezpe\u010dn\u011b ulo\u017eit zbra\u0148 do trezoru.<\/p>\n<p>K dispozici v r\u016fzn\u00fdch verz\u00edch:<\/p>\n<ul>\n<li>Magnetick\u00e1 prav\u00e1 strana, ide\u00e1ln\u00ed pro ulo\u017een\u00ed dve\u0159\u00ed zavazadlov\u00e9ho prostoru,<\/li>\n<li>Magnetizovan\u00e1 lev\u00e1 strana pro p\u0159ehledn\u00fd kufr,<\/li>\n<li>Magnetick\u00e1 horn\u00ed \u010d\u00e1st pro ulo\u017een\u00ed zbran\u011b ve v\u00fd\u0161ce.<\/li>\n<\/ul>","protected":false},"featured_media":1313,"comment_status":"open","ping_status":"closed","template":"","meta":{"ocean_post_layout":"","ocean_both_sidebars_style":"","ocean_both_sidebars_content_width":0,"ocean_both_sidebars_sidebars_width":0,"ocean_sidebar":"0","ocean_second_sidebar":"0","ocean_disable_margins":"enable","ocean_add_body_class":"","ocean_shortcode_before_top_bar":"","ocean_shortcode_after_top_bar":"","ocean_shortcode_before_header":"","ocean_shortcode_after_header":"","ocean_has_shortcode":"","ocean_shortcode_after_title":"","ocean_shortcode_before_footer_widgets":"","ocean_shortcode_after_footer_widgets":"","ocean_shortcode_before_footer_bottom":"","ocean_shortcode_after_footer_bottom":"","ocean_display_top_bar":"default","ocean_display_header":"default","ocean_header_style":"","ocean_center_header_left_menu":"0","ocean_custom_header_template":"0","ocean_custom_logo":0,"ocean_custom_retina_logo":0,"ocean_custom_logo_max_width":0,"ocean_custom_logo_tablet_max_width":0,"ocean_custom_logo_mobile_max_width":0,"ocean_custom_logo_max_height":0,"ocean_custom_logo_tablet_max_height":0,"ocean_custom_logo_mobile_max_height":0,"ocean_header_custom_menu":"0","ocean_menu_typo_font_family":"0","ocean_menu_typo_font_subset":"","ocean_menu_typo_font_size":0,"ocean_menu_typo_font_size_tablet":0,"ocean_menu_typo_font_size_mobile":0,"ocean_menu_typo_font_size_unit":"px","ocean_menu_typo_font_weight":"","ocean_menu_typo_font_weight_tablet":"","ocean_menu_typo_font_weight_mobile":"","ocean_menu_typo_transform":"","ocean_menu_typo_transform_tablet":"","ocean_menu_typo_transform_mobile":"","ocean_menu_typo_line_height":0,"ocean_menu_typo_line_height_tablet":0,"ocean_menu_typo_line_height_mobile":0,"ocean_menu_typo_line_height_unit":"","ocean_menu_typo_spacing":0,"ocean_menu_typo_spacing_tablet":0,"ocean_menu_typo_spacing_mobile":0,"ocean_menu_typo_spacing_unit":"","ocean_menu_link_color":"","ocean_menu_link_color_hover":"","ocean_menu_link_color_active":"","ocean_menu_link_background":"","ocean_menu_link_hover_background":"","ocean_menu_link_active_background":"","ocean_menu_social_links_bg":"","ocean_menu_social_hover_links_bg":"","ocean_menu_social_links_color":"","ocean_menu_social_hover_links_color":"","ocean_disable_title":"default","ocean_disable_heading":"default","ocean_post_title":"","ocean_post_subheading":"","ocean_post_title_style":"","ocean_post_title_background_color":"","ocean_post_title_background":0,"ocean_post_title_bg_image_position":"","ocean_post_title_bg_image_attachment":"","ocean_post_title_bg_image_repeat":"","ocean_post_title_bg_image_size":"","ocean_post_title_height":0,"ocean_post_title_bg_overlay":0.5,"ocean_post_title_bg_overlay_color":"","ocean_disable_breadcrumbs":"default","ocean_breadcrumbs_color":"","ocean_breadcrumbs_separator_color":"","ocean_breadcrumbs_links_color":"","ocean_breadcrumbs_links_hover_color":"","ocean_display_footer_widgets":"default","ocean_display_footer_bottom":"default","ocean_custom_footer_template":"0"},"product_brand":[],"product_cat":[17],"product_tag":[28,22,29,30],"class_list":{"0":"post-357","1":"product","2":"type-product","3":"status-publish","4":"has-post-thumbnail","6":"product_cat-ragwinn-hobby","7":"product_tag-coffre-fort","8":"product_tag-glock","9":"product_tag-rangement","10":"product_tag-stockage","11":"product_shipping_class-produit-leger-500g","13":"entry","14":"has-media","16":"first","17":"instock","18":"taxable","19":"shipping-taxable","20":"purchasable","21":"product-type-variable","22":"has-rating","23":"col","24":"span_1_of_4","25":"owp-content-center","26":"item-entry","27":"owp-thumbs-layout-horizontal","28":"owp-btn-big","29":"owp-tabs-layout-horizontal"},"_links":{"self":[{"href":"https:\/\/ragwinn.com\/cs\/wp-json\/wp\/v2\/product\/357","targetHints":{"allow":["GET"]}}],"collection":[{"href":"https:\/\/ragwinn.com\/cs\/wp-json\/wp\/v2\/product"}],"about":[{"href":"https:\/\/ragwinn.com\/cs\/wp-json\/wp\/v2\/types\/product"}],"replies":[{"embeddable":true,"href":"https:\/\/ragwinn.com\/cs\/wp-json\/wp\/v2\/comments?post=357"}],"version-history":[{"count":2,"href":"https:\/\/ragwinn.com\/cs\/wp-json\/wp\/v2\/product\/357\/revisions"}],"predecessor-version":[{"id":3644,"href":"https:\/\/ragwinn.com\/cs\/wp-json\/wp\/v2\/product\/357\/revisions\/3644"}],"wp:featuredmedia":[{"embeddable":true,"href":"https:\/\/ragwinn.com\/cs\/wp-json\/wp\/v2\/media\/1313"}],"wp:attachment":[{"href":"https:\/\/ragwinn.com\/cs\/wp-json\/wp\/v2\/media?parent=357"}],"wp:term":[{"taxonomy":"product_brand","embeddable":true,"href":"https:\/\/ragwinn.com\/cs\/wp-json\/wp\/v2\/product_brand?post=357"},{"taxonomy":"product_cat","embeddable":true,"href":"https:\/\/ragwinn.com\/cs\/wp-json\/wp\/v2\/product_cat?post=357"},{"taxonomy":"product_tag","embeddable":true,"href":"https:\/\/ragwinn.com\/cs\/wp-json\/wp\/v2\/product_tag?post=357"}],"curies":[{"name":"wp","href":"https:\/\/api.w.org\/{rel}","templated":true}]}}