{"id":342,"date":"2024-01-09T15:01:40","date_gmt":"2024-01-09T14:01:40","guid":{"rendered":"https:\/\/ragwinn.com\/?post_type=product&#038;p=342"},"modified":"2026-05-04T18:46:54","modified_gmt":"2026-05-04T16:46:54","slug":"support-pour-ar15-m4-nettoyage-et-exposition","status":"publish","type":"product","link":"https:\/\/ragwinn.com\/cs\/produit\/support-pour-ar15-m4-nettoyage-et-exposition","title":{"rendered":"Podpora pro AR15 \/ MR - \u00dadr\u017eba a zobrazen\u00ed"},"content":{"rendered":"<h2>Support d&rsquo;entretien pour AR15 et MR223<\/h2>\n<p>Notre support d&rsquo;entretien est sp\u00e9cialement con\u00e7u pour faciliter la maintenance et le nettoyage des pi\u00e8ces internes de votre AR15, HK416 ou MR223. Fabriqu\u00e9 avec des mat\u00e9riaux de haute qualit\u00e9, ce pr\u00e9sentoir offre une solution pratique et efficace pour effectuer l&rsquo;entretien r\u00e9gulier de votre arme.<\/p>\n<h2>Organisation et facilit\u00e9 d&rsquo;utilisation<\/h2>\n<p>Dot\u00e9 d&rsquo;une conception ergonomique et stable qui facilite la manipulation et l&rsquo;acc\u00e8s aux pi\u00e8ces, placez le pr\u00e9sentoir de sorte que le garde main et le canon puissent basculer \u00e0 90\u00b0 et vous pourrez imm\u00e9diatement retirer et remettre en place l&rsquo;ensemble des \u00e9l\u00e9ments avec facilit\u00e9. Ce pr\u00e9sentoir rend l&rsquo;entretien de votre arme* plus efficace et plus agr\u00e9able que jamais, un r\u00e9el gain de temps !<\/p>\n<h2>Durabilit\u00e9 et fiabilit\u00e9<\/h2>\n<p>Sensible \u00e0 l&rsquo;ac\u00e9tone, ce pr\u00e9sentoir r\u00e9siste aux graisses, huiles et solvant de composition type WD40. Vous pouvez simplement le laver \u00e0 l&rsquo;eau savonneuse pour le maintenir propre et en bon \u00e9tat, pr\u00eat \u00e0 \u00eatre utilis\u00e9 \u00e0 tout moment.<\/p>\n<p>En r\u00e9sum\u00e9, ce support est l&rsquo;accessoire id\u00e9al pour entretenir et r\u00e9installer les pi\u00e8ces internes de votre arme. Sa conception pratique, sa durabilit\u00e9 et sa facilit\u00e9 d&rsquo;utilisation en font un outil essentiel pour tous les propri\u00e9taires d&rsquo;armes m\u00e9ticuleux.<\/p>\n<p>&nbsp;<\/p>\n<p>Egalement disponible pour AR10\/M110.<\/p>\n<p>*non-fournie.<\/p>","protected":false},"excerpt":{"rendered":"<p>Support con\u00e7u pour l&rsquo;entretien de votre arme.<br \/>\nPermet un acc\u00e8s rapide et simple \u00e0 l&rsquo;int\u00e9rieur de l&rsquo;arme ainsi que d&rsquo;une r\u00e9plique d&rsquo;airsoft.<\/p>\n<p>Pour un mod\u00e8le personnalis\u00e9 avec logo\/marque\/nom ou pour une quantit\u00e9 sup\u00e9rieure \u00e0 10 articles merci de nous contacter.<\/p>","protected":false},"featured_media":1349,"comment_status":"open","ping_status":"closed","template":"","meta":{"ocean_post_layout":"","ocean_both_sidebars_style":"","ocean_both_sidebars_content_width":0,"ocean_both_sidebars_sidebars_width":0,"ocean_sidebar":"0","ocean_second_sidebar":"0","ocean_disable_margins":"enable","ocean_add_body_class":"","ocean_shortcode_before_top_bar":"","ocean_shortcode_after_top_bar":"","ocean_shortcode_before_header":"","ocean_shortcode_after_header":"","ocean_has_shortcode":"","ocean_shortcode_after_title":"","ocean_shortcode_before_footer_widgets":"","ocean_shortcode_after_footer_widgets":"","ocean_shortcode_before_footer_bottom":"","ocean_shortcode_after_footer_bottom":"","ocean_display_top_bar":"default","ocean_display_header":"default","ocean_header_style":"","ocean_center_header_left_menu":"0","ocean_custom_header_template":"0","ocean_custom_logo":0,"ocean_custom_retina_logo":0,"ocean_custom_logo_max_width":0,"ocean_custom_logo_tablet_max_width":0,"ocean_custom_logo_mobile_max_width":0,"ocean_custom_logo_max_height":0,"ocean_custom_logo_tablet_max_height":0,"ocean_custom_logo_mobile_max_height":0,"ocean_header_custom_menu":"0","ocean_menu_typo_font_family":"0","ocean_menu_typo_font_subset":"","ocean_menu_typo_font_size":0,"ocean_menu_typo_font_size_tablet":0,"ocean_menu_typo_font_size_mobile":0,"ocean_menu_typo_font_size_unit":"px","ocean_menu_typo_font_weight":"","ocean_menu_typo_font_weight_tablet":"","ocean_menu_typo_font_weight_mobile":"","ocean_menu_typo_transform":"","ocean_menu_typo_transform_tablet":"","ocean_menu_typo_transform_mobile":"","ocean_menu_typo_line_height":0,"ocean_menu_typo_line_height_tablet":0,"ocean_menu_typo_line_height_mobile":0,"ocean_menu_typo_line_height_unit":"","ocean_menu_typo_spacing":0,"ocean_menu_typo_spacing_tablet":0,"ocean_menu_typo_spacing_mobile":0,"ocean_menu_typo_spacing_unit":"","ocean_menu_link_color":"","ocean_menu_link_color_hover":"","ocean_menu_link_color_active":"","ocean_menu_link_background":"","ocean_menu_link_hover_background":"","ocean_menu_link_active_background":"","ocean_menu_social_links_bg":"","ocean_menu_social_hover_links_bg":"","ocean_menu_social_links_color":"","ocean_menu_social_hover_links_color":"","ocean_disable_title":"default","ocean_disable_heading":"default","ocean_post_title":"","ocean_post_subheading":"","ocean_post_title_style":"","ocean_post_title_background_color":"","ocean_post_title_background":0,"ocean_post_title_bg_image_position":"","ocean_post_title_bg_image_attachment":"","ocean_post_title_bg_image_repeat":"","ocean_post_title_bg_image_size":"","ocean_post_title_height":0,"ocean_post_title_bg_overlay":0.5,"ocean_post_title_bg_overlay_color":"","ocean_disable_breadcrumbs":"default","ocean_breadcrumbs_color":"","ocean_breadcrumbs_separator_color":"","ocean_breadcrumbs_links_color":"","ocean_breadcrumbs_links_hover_color":"","ocean_display_footer_widgets":"default","ocean_display_footer_bottom":"default","ocean_custom_footer_template":"0"},"product_brand":[],"product_cat":[17],"product_tag":[20,21,18,19],"class_list":{"0":"post-342","1":"product","2":"type-product","3":"status-publish","4":"has-post-thumbnail","6":"product_cat-ragwinn-hobby","7":"product_tag-ar15","8":"product_tag-entretien","9":"product_tag-presentoir","10":"product_tag-stand","11":"product_shipping_class-produit-leger-500g","13":"entry","14":"has-media","16":"first","17":"onbackorder","18":"taxable","19":"shipping-taxable","20":"purchasable","21":"product-type-simple","22":"col","23":"span_1_of_4","24":"owp-content-center","25":"item-entry","26":"owp-thumbs-layout-horizontal","27":"owp-btn-big","28":"owp-tabs-layout-horizontal"},"_links":{"self":[{"href":"https:\/\/ragwinn.com\/cs\/wp-json\/wp\/v2\/product\/342","targetHints":{"allow":["GET"]}}],"collection":[{"href":"https:\/\/ragwinn.com\/cs\/wp-json\/wp\/v2\/product"}],"about":[{"href":"https:\/\/ragwinn.com\/cs\/wp-json\/wp\/v2\/types\/product"}],"replies":[{"embeddable":true,"href":"https:\/\/ragwinn.com\/cs\/wp-json\/wp\/v2\/comments?post=342"}],"version-history":[{"count":1,"href":"https:\/\/ragwinn.com\/cs\/wp-json\/wp\/v2\/product\/342\/revisions"}],"predecessor-version":[{"id":4356,"href":"https:\/\/ragwinn.com\/cs\/wp-json\/wp\/v2\/product\/342\/revisions\/4356"}],"wp:featuredmedia":[{"embeddable":true,"href":"https:\/\/ragwinn.com\/cs\/wp-json\/wp\/v2\/media\/1349"}],"wp:attachment":[{"href":"https:\/\/ragwinn.com\/cs\/wp-json\/wp\/v2\/media?parent=342"}],"wp:term":[{"taxonomy":"product_brand","embeddable":true,"href":"https:\/\/ragwinn.com\/cs\/wp-json\/wp\/v2\/product_brand?post=342"},{"taxonomy":"product_cat","embeddable":true,"href":"https:\/\/ragwinn.com\/cs\/wp-json\/wp\/v2\/product_cat?post=342"},{"taxonomy":"product_tag","embeddable":true,"href":"https:\/\/ragwinn.com\/cs\/wp-json\/wp\/v2\/product_tag?post=342"}],"curies":[{"name":"wp","href":"https:\/\/api.w.org\/{rel}","templated":true}]}}