{"id":3220,"date":"2025-09-17T13:45:58","date_gmt":"2025-09-17T11:45:58","guid":{"rendered":"https:\/\/ragwinn.com\/?post_type=product&#038;p=3220"},"modified":"2026-05-04T18:44:15","modified_gmt":"2026-05-04T16:44:15","slug":"magwell-g36","status":"publish","type":"product","link":"https:\/\/ragwinn.com\/cs\/produit\/magwell-g36","title":{"rendered":"Magwell G36"},"content":{"rendered":"<h1 style=\"text-align: center;\">Magwell G36<\/h1>\n<h2 style=\"text-align: center;\">\u00a0\"Zrychlete dob\u00edjen\u00ed\u00a0<\/h2>\n<p>Z\u00e1sobn\u00edk HK G36 je ide\u00e1ln\u00edm p\u0159\u00edslu\u0161enstv\u00edm pro optimalizaci nab\u00edjen\u00ed a z\u00e1rove\u0148 pro soust\u0159ed\u011bn\u00ed se na misi.<br \/>\nVelk\u00fd \u00fahel zasunut\u00ed usnad\u0148uje zasunut\u00ed naklada\u010de za v\u0161ech podm\u00ednek.<\/p>\n<h2 style=\"text-align: center;\">V\u00fdhody z\u00e1sobn\u00edku G36<\/h2>\n<ul>\n<li><strong>Rychl\u00e1 instalace<\/strong> Mont\u00e1\u017e za m\u00e9n\u011b ne\u017e 10 sekund bez pou\u017eit\u00ed n\u00e1\u0159ad\u00ed.<\/li>\n<li><strong>Obouru\u010dn\u00ed proveden\u00ed<\/strong> Kompatibiln\u00ed pro prav\u00e1ky i lev\u00e1ky, p\u0159\u00edm\u00fd p\u0159\u00edstup k odemykac\u00edmu tla\u010d\u00edtku.<\/li>\n<li><strong>Maxim\u00e1ln\u00ed robustnost<\/strong> Nylon vyztu\u017een\u00fd uhl\u00edkov\u00fdmi vl\u00e1kny, odoln\u00fd proti n\u00e1razu, UV z\u00e1\u0159en\u00ed, chemik\u00e1li\u00edm a extr\u00e9mn\u00edm teplot\u00e1m (-50 \u00b0C a\u017e +160 \u00b0C).<\/li>\n<li><strong>Kompatibiln\u00ed <\/strong>Ur\u010deno pro v\u0161echny verze \u00fato\u010dn\u00e9 pu\u0161ky HK G36, v\u010detn\u011b G36 K, G36 KP2, G36 C, G36 KE, G36 KA4 a MR243 S.<\/li>\n<li><strong>Sv\u011btlo<\/strong> Pouze 34 g (p\u016fvodn\u00ed nab\u00edje\u010dka = 46 g).<\/li>\n<\/ul>\n<h2 style=\"text-align: center;\">\u0160pi\u010dkov\u00e9 profesion\u00e1ln\u00ed p\u0159\u00edslu\u0161enstv\u00ed<\/h2>\n<p>Tento z\u00e1sobn\u00edk pro G36, kter\u00fd je sou\u010d\u00e1st\u00ed kategorie Ragwinn Solutions, je ur\u010den pro p\u0159\u00edslu\u0161n\u00edky po\u0159\u00e1dkov\u00fdch sil a voj\u00e1ky, kte\u0159\u00ed cht\u011bj\u00ed zlep\u0161it v\u00fdkon sv\u00e9 slu\u017eebn\u00ed zbran\u011b.<\/p>\n<h3 style=\"text-align: center;\">Dopl\u0148kov\u00e9 produkty<\/h3>\n<ul>\n<li><a href=\"https:\/\/ragwinn.com\/cs\/produit\/porte-munitions-cartouchiere-lbd-40\/\" target=\"_blank\" rel=\"noopener\">Dr\u017e\u00e1k n\u00e1boj\u016f LBD 40 na opasek - 3 n\u00e1boje 40 mm s rychl\u00fdm p\u0159\u00edstupem<\/a><\/li>\n<li><a href=\"https:\/\/ragwinn.com\/cs\/produit\/magwell-ump9-hk\/\" target=\"_blank\" rel=\"noopener\">Magwell HK UMP9 - velmi hladk\u00e9 dob\u00edjen\u00ed<\/a><\/li>\n<\/ul>\n<p>Zjist\u011bte, co je to z\u00e1sobn\u00edk <a href=\"https:\/\/crealib3d.com\/quest-ce-quun-magwell-et-pourquoi-en-utiliser\" target=\"_blank\" rel=\"noopener\">zde<\/a>\u00a0(ve francouz\u0161tin\u011b) a\u00a0<a href=\"https:\/\/www.anrkydexholsters.com\/what-is-a-magwell-why-do-they-matter\/\" target=\"_blank\" rel=\"noopener\">zde<\/a>\u00a0(v angli\u010dtin\u011b).<\/p>\n<p>\u26a0\ufe0f P\u0159ed zakoupen\u00edm nebo instalac\u00ed tohoto p\u0159\u00edslu\u0161enstv\u00ed se seznamte s pr\u00e1vn\u00edmi p\u0159edpisy platn\u00fdmi ve va\u0161\u00ed zemi. Ve Francii je od \u010dervna 2025 obecn\u011b zak\u00e1z\u00e1na \u00faprava administrativn\u00ed st\u0159eln\u00e9 zbran\u011b.<\/p>\n<p>P\u0159ihl\u00e1\u0161eno k patentov\u00e1n\u00ed<\/p>","protected":false},"excerpt":{"rendered":"<p>Magwell G36 - HK<br \/>\nRychl\u00e1 instalace za m\u00e9n\u011b ne\u017e 10 sekund bez pou\u017eit\u00ed n\u00e1\u0159ad\u00ed.<br \/>\nVe srovn\u00e1n\u00ed s p\u016fvodn\u00edm z\u00e1sobn\u00edkem nab\u00edz\u00ed mnohem lep\u0161\u00ed \u00fahel zasunut\u00ed z\u00e1sobn\u00edku.<br \/>\nV sou\u010dasn\u00e9 dob\u011b pou\u017e\u00edvaj\u00ed oper\u00e1to\u0159i BIS.<\/p>","protected":false},"featured_media":4134,"comment_status":"open","ping_status":"closed","template":"","meta":{"ocean_post_layout":"","ocean_both_sidebars_style":"","ocean_both_sidebars_content_width":0,"ocean_both_sidebars_sidebars_width":0,"ocean_sidebar":"0","ocean_second_sidebar":"0","ocean_disable_margins":"enable","ocean_add_body_class":"","ocean_shortcode_before_top_bar":"","ocean_shortcode_after_top_bar":"","ocean_shortcode_before_header":"","ocean_shortcode_after_header":"","ocean_has_shortcode":"","ocean_shortcode_after_title":"","ocean_shortcode_before_footer_widgets":"","ocean_shortcode_after_footer_widgets":"","ocean_shortcode_before_footer_bottom":"","ocean_shortcode_after_footer_bottom":"","ocean_display_top_bar":"default","ocean_display_header":"default","ocean_header_style":"","ocean_center_header_left_menu":"0","ocean_custom_header_template":"0","ocean_custom_logo":0,"ocean_custom_retina_logo":0,"ocean_custom_logo_max_width":0,"ocean_custom_logo_tablet_max_width":0,"ocean_custom_logo_mobile_max_width":0,"ocean_custom_logo_max_height":0,"ocean_custom_logo_tablet_max_height":0,"ocean_custom_logo_mobile_max_height":0,"ocean_header_custom_menu":"0","ocean_menu_typo_font_family":"0","ocean_menu_typo_font_subset":"","ocean_menu_typo_font_size":0,"ocean_menu_typo_font_size_tablet":0,"ocean_menu_typo_font_size_mobile":0,"ocean_menu_typo_font_size_unit":"px","ocean_menu_typo_font_weight":"","ocean_menu_typo_font_weight_tablet":"","ocean_menu_typo_font_weight_mobile":"","ocean_menu_typo_transform":"","ocean_menu_typo_transform_tablet":"","ocean_menu_typo_transform_mobile":"","ocean_menu_typo_line_height":0,"ocean_menu_typo_line_height_tablet":0,"ocean_menu_typo_line_height_mobile":0,"ocean_menu_typo_line_height_unit":"","ocean_menu_typo_spacing":0,"ocean_menu_typo_spacing_tablet":0,"ocean_menu_typo_spacing_mobile":0,"ocean_menu_typo_spacing_unit":"","ocean_menu_link_color":"","ocean_menu_link_color_hover":"","ocean_menu_link_color_active":"","ocean_menu_link_background":"","ocean_menu_link_hover_background":"","ocean_menu_link_active_background":"","ocean_menu_social_links_bg":"","ocean_menu_social_hover_links_bg":"","ocean_menu_social_links_color":"","ocean_menu_social_hover_links_color":"","ocean_disable_title":"default","ocean_disable_heading":"default","ocean_post_title":"","ocean_post_subheading":"","ocean_post_title_style":"","ocean_post_title_background_color":"","ocean_post_title_background":0,"ocean_post_title_bg_image_position":"","ocean_post_title_bg_image_attachment":"","ocean_post_title_bg_image_repeat":"","ocean_post_title_bg_image_size":"","ocean_post_title_height":0,"ocean_post_title_bg_overlay":0.5,"ocean_post_title_bg_overlay_color":"","ocean_disable_breadcrumbs":"default","ocean_breadcrumbs_color":"","ocean_breadcrumbs_separator_color":"","ocean_breadcrumbs_links_color":"","ocean_breadcrumbs_links_hover_color":"","ocean_display_footer_widgets":"default","ocean_display_footer_bottom":"default","ocean_custom_footer_template":"0"},"product_brand":[],"product_cat":[85,43],"product_tag":[33,77,86,117,122],"class_list":{"0":"post-3220","1":"product","2":"type-product","3":"status-publish","4":"has-post-thumbnail","6":"product_cat-magwell","7":"product_cat-ragwinn-tactics","8":"product_tag-armee","9":"product_tag-magwell","10":"product_tag-police","11":"product_tag-reloading","12":"product_tag-ugrade","13":"product_shipping_class-produit-leger-500g","15":"entry","16":"has-media","18":"first","19":"instock","20":"sale","21":"taxable","22":"shipping-taxable","23":"purchasable","24":"product-type-simple","25":"col","26":"span_1_of_4","27":"owp-content-center","28":"item-entry","29":"owp-thumbs-layout-horizontal","30":"owp-btn-big","31":"owp-tabs-layout-horizontal"},"_links":{"self":[{"href":"https:\/\/ragwinn.com\/cs\/wp-json\/wp\/v2\/product\/3220","targetHints":{"allow":["GET"]}}],"collection":[{"href":"https:\/\/ragwinn.com\/cs\/wp-json\/wp\/v2\/product"}],"about":[{"href":"https:\/\/ragwinn.com\/cs\/wp-json\/wp\/v2\/types\/product"}],"replies":[{"embeddable":true,"href":"https:\/\/ragwinn.com\/cs\/wp-json\/wp\/v2\/comments?post=3220"}],"version-history":[{"count":14,"href":"https:\/\/ragwinn.com\/cs\/wp-json\/wp\/v2\/product\/3220\/revisions"}],"predecessor-version":[{"id":4135,"href":"https:\/\/ragwinn.com\/cs\/wp-json\/wp\/v2\/product\/3220\/revisions\/4135"}],"wp:featuredmedia":[{"embeddable":true,"href":"https:\/\/ragwinn.com\/cs\/wp-json\/wp\/v2\/media\/4134"}],"wp:attachment":[{"href":"https:\/\/ragwinn.com\/cs\/wp-json\/wp\/v2\/media?parent=3220"}],"wp:term":[{"taxonomy":"product_brand","embeddable":true,"href":"https:\/\/ragwinn.com\/cs\/wp-json\/wp\/v2\/product_brand?post=3220"},{"taxonomy":"product_cat","embeddable":true,"href":"https:\/\/ragwinn.com\/cs\/wp-json\/wp\/v2\/product_cat?post=3220"},{"taxonomy":"product_tag","embeddable":true,"href":"https:\/\/ragwinn.com\/cs\/wp-json\/wp\/v2\/product_tag?post=3220"}],"curies":[{"name":"wp","href":"https:\/\/api.w.org\/{rel}","templated":true}]}}