{"id":3177,"date":"2026-02-04T12:01:10","date_gmt":"2026-02-04T11:01:10","guid":{"rendered":"https:\/\/ragwinn.com\/?post_type=product&#038;p=3177"},"modified":"2026-05-04T18:47:49","modified_gmt":"2026-05-04T16:47:49","slug":"talon-3-magpul-glock-pmag-gl9","status":"publish","type":"product","link":"https:\/\/ragwinn.com\/cs\/produit\/talon-3-magpul-glock-pmag-gl9","title":{"rendered":"Zasobniku +3 Magpul Glock PMAG GL9"},"content":{"rendered":"<h1 style=\"text-align: center;\"><strong>Zasobniku +3 Magpul<\/strong> Glock PMAG GL9<\/h1>\r\nThis base pad allows you to add 3 extra rounds to your Magpul PMAG 17 GL9 magazine while retaining the original spring.\nIts shape is designed for a comfortable, ergonomic grip, with or without gloves.\nThe underside of the extension allows you to number your magazines to differentiate them during shooting sessions.\r\n<h2 style=\"text-align: center;\"><strong>Hlavn\u00ed funkce:<\/strong><\/h2>\r\n<ul>\r\n \t<li><strong>Zlep\u0161en\u00e1 p\u0159ilnavost<\/strong> Rukoje\u0165 na p\u0159edn\u00ed stran\u011b a prohlubn\u011b po stran\u00e1ch zaji\u0161\u0165uj\u00ed ergonomick\u00e9 dr\u017een\u00ed,<\/li>\r\n \t<li><strong>Roz\u0161\u00ed\u0159en\u00e1 kompatibilita<\/strong> Kompatibiln\u00ed se z\u00e1sobn\u00edky Magpul PMAG GL9 pro modely Glock gen5 17, 19, 19X, 26, 34, 45 v r\u00e1\u017ei 9x19 mm. Nen\u00ed kompatibiln\u00ed se z\u00e1sobn\u00edky slimline,<\/li>\r\n \t<li><strong>Snadn\u00e1 instalace<\/strong> : Retirez simplement le talon d\u2019origine, comprimez le ressort et installez le nouveau talon. Vous disposez d\u00e9sormais d&rsquo;un chargeur accueillant 3 munitions suppl\u00e9mentaires,<\/li>\r\n \t<li><strong>Kvalitn\u00ed v\u00fdroba <\/strong>Tento podpatek je vyroben ve Francii v na\u0161\u00ed d\u00edln\u011b a je vyroben z polymeru vyztu\u017een\u00e9ho uhl\u00edkov\u00fdmi vl\u00e1kny. D\u00edky sv\u00e9mu slo\u017een\u00ed je lehk\u00fd a odoln\u00fd proti n\u00e1raz\u016fm a\u017e do 160 \u00b0C.<\/li>\r\n<\/ul>\r\n<h2 style=\"text-align: center;\"><strong>P\u0159izp\u016fsoben\u00ed nab\u00edje\u010dky :<\/strong><\/h2>\r\n<ul>\r\n \t<li><strong>\u010c\u00edslovan\u00e9 str\u00e1nky<\/strong> : L\u2019extension +3 vous offre la possibilit\u00e9 de num\u00e9roter vos chargeurs. Utilisez un feutre \u00ab posca \u00bb ou un crayon gras dans les emplacements pr\u00e9vus pour identifier facilement chaque chargeur,<\/li>\r\n \t<li><strong>Lakov\u00e1n\u00ed na zak\u00e1zku<\/strong> Chcete-li si \u010dasopis je\u0161t\u011b v\u00edce p\u0159izp\u016fsobit, m\u016f\u017eete jej pomalovat \u0161t\u011btcem nebo sprejem. T\u00edmto zp\u016fsobem m\u016f\u017eete patku sladit s barvou sv\u00e9 zbran\u011b.<\/li>\r\n<\/ul>\r\n&nbsp;\r\n<h3><strong>K dispozici tak\u00e9:<\/strong><\/h3>\r\n<ul>\r\n \t<li><a href=\"https:\/\/ragwinn.com\/cs\/produit\/magwell-glock-17-45-34-gen-5\/\" target=\"_blank\" rel=\"noopener\"><strong>Z\u00e1sobn\u00edkov\u00e1 \u0161achta pro Glock 17, 45 a 34 Gen5<\/strong><\/a> Objevte na\u0161e pouzdro na z\u00e1sobn\u00edk pro Glock 17, 34 a 45 (gen5) s optimalizovan\u00fdm \u00fahlem zasunut\u00ed pro velmi hladk\u00e9 nab\u00edjen\u00ed,<\/li>\r\n \t<li><a href=\"https:\/\/ragwinn.com\/cs\/produit\/magwell-pour-glock-43x\/\" target=\"_blank\" rel=\"noopener\"><strong>Z\u00e1sobn\u00edkov\u00e1 \u0161achta pro Glock 43X<\/strong><\/a> : Zlep\u0161ete \u00fachop a rychlost nab\u00edjen\u00ed va\u0161eho Glocku slimline pomoc\u00ed na\u0161eho <a href=\"https:\/\/crealib3d.com\/quest-ce-quun-magwell-et-pourquoi-en-utiliser\" target=\"_blank\" rel=\"noopener\">magwell<\/a>.<\/li>\r\n<\/ul>\r\n&nbsp;\r\n\r\n<em>Pozn\u00e1mka: Sou\u010d\u00e1st\u00ed dod\u00e1vky je pouze trn nab\u00edje\u010dky a \u0161rouby.<\/em>\r\n\r\n&nbsp;\r\n\r\nVarov\u00e1n\u00ed:\r\nP\u0159ed objedn\u00e1n\u00edm si pros\u00edm ov\u011b\u0159te p\u0159edpisy platn\u00e9 ve va\u0161\u00ed zemi\/oblasti.\r\nVe Francii nesm\u00ed v listopadu 2024 maxim\u00e1ln\u00ed kapacita z\u00e1sobn\u00edku pro ru\u010dn\u00ed zbran\u011b za\u0159azen\u00e9 do kategorie B-1 p\u0159ekro\u010dit 20 n\u00e1boj\u016f. Nad tento limit bude z\u00e1sobn\u00edk p\u0159e\u0159azen do kategorie A1 8, kter\u00e1 je vyhrazena pro st\u0159elce TSV (<a href=\"https:\/\/www.legifrance.gouv.fr\/codes\/article_lc\/LEGIARTI000037144152\" target=\"_blank\" rel=\"noopener\">R312-45-1<\/a>).\r\n\r\n<!-- \/wp:post-content -->","protected":false},"excerpt":{"rendered":"<p>Tento zasobniku v\u00fdstupek umo\u017e\u0148uje p\u0159idat do z\u00e1sobn\u00edku Magpul PMAG 17 GL9 2 n\u00e1boje nav\u00edc p\u0159i zachov\u00e1n\u00ed p\u016fvodn\u00ed pru\u017einy.<\/p>\n<p>Rukoje\u0165 je dokonale navr\u017eena pro pou\u017eit\u00ed v rukavic\u00edch i bez nich.<\/p>\n<p>Na spodn\u00ed stran\u011b lze z\u00e1sobn\u00edky o\u010d\u00edslovat fixem Posca nebo mastnou tu\u017ekou.<\/p>","protected":false},"featured_media":4153,"comment_status":"open","ping_status":"closed","template":"","meta":{"ocean_post_layout":"","ocean_both_sidebars_style":"","ocean_both_sidebars_content_width":0,"ocean_both_sidebars_sidebars_width":0,"ocean_sidebar":"0","ocean_second_sidebar":"0","ocean_disable_margins":"enable","ocean_add_body_class":"","ocean_shortcode_before_top_bar":"","ocean_shortcode_after_top_bar":"","ocean_shortcode_before_header":"","ocean_shortcode_after_header":"","ocean_has_shortcode":"","ocean_shortcode_after_title":"","ocean_shortcode_before_footer_widgets":"","ocean_shortcode_after_footer_widgets":"","ocean_shortcode_before_footer_bottom":"","ocean_shortcode_after_footer_bottom":"","ocean_display_top_bar":"default","ocean_display_header":"default","ocean_header_style":"","ocean_center_header_left_menu":"0","ocean_custom_header_template":"0","ocean_custom_logo":0,"ocean_custom_retina_logo":0,"ocean_custom_logo_max_width":0,"ocean_custom_logo_tablet_max_width":0,"ocean_custom_logo_mobile_max_width":0,"ocean_custom_logo_max_height":0,"ocean_custom_logo_tablet_max_height":0,"ocean_custom_logo_mobile_max_height":0,"ocean_header_custom_menu":"0","ocean_menu_typo_font_family":"0","ocean_menu_typo_font_subset":"","ocean_menu_typo_font_size":0,"ocean_menu_typo_font_size_tablet":0,"ocean_menu_typo_font_size_mobile":0,"ocean_menu_typo_font_size_unit":"px","ocean_menu_typo_font_weight":"","ocean_menu_typo_font_weight_tablet":"","ocean_menu_typo_font_weight_mobile":"","ocean_menu_typo_transform":"","ocean_menu_typo_transform_tablet":"","ocean_menu_typo_transform_mobile":"","ocean_menu_typo_line_height":0,"ocean_menu_typo_line_height_tablet":0,"ocean_menu_typo_line_height_mobile":0,"ocean_menu_typo_line_height_unit":"","ocean_menu_typo_spacing":0,"ocean_menu_typo_spacing_tablet":0,"ocean_menu_typo_spacing_mobile":0,"ocean_menu_typo_spacing_unit":"","ocean_menu_link_color":"","ocean_menu_link_color_hover":"","ocean_menu_link_color_active":"","ocean_menu_link_background":"","ocean_menu_link_hover_background":"","ocean_menu_link_active_background":"","ocean_menu_social_links_bg":"","ocean_menu_social_hover_links_bg":"","ocean_menu_social_links_color":"","ocean_menu_social_hover_links_color":"","ocean_disable_title":"default","ocean_disable_heading":"default","ocean_post_title":"","ocean_post_subheading":"","ocean_post_title_style":"","ocean_post_title_background_color":"","ocean_post_title_background":0,"ocean_post_title_bg_image_position":"","ocean_post_title_bg_image_attachment":"","ocean_post_title_bg_image_repeat":"","ocean_post_title_bg_image_size":"","ocean_post_title_height":0,"ocean_post_title_bg_overlay":0.5,"ocean_post_title_bg_overlay_color":"","ocean_disable_breadcrumbs":"default","ocean_breadcrumbs_color":"","ocean_breadcrumbs_separator_color":"","ocean_breadcrumbs_links_color":"","ocean_breadcrumbs_links_hover_color":"","ocean_display_footer_widgets":"default","ocean_display_footer_bottom":"default","ocean_custom_footer_template":"0"},"product_brand":[],"product_cat":[104,17,43],"product_tag":[24,25,23,22],"class_list":{"0":"post-3177","1":"product","2":"type-product","3":"status-publish","4":"has-post-thumbnail","6":"product_cat-extension-chargeur","7":"product_cat-ragwinn-hobby","8":"product_cat-ragwinn-tactics","9":"product_tag-chargeur","10":"product_tag-chargeur-2","11":"product_tag-extension","12":"product_tag-glock","13":"product_shipping_class-produit-leger-500g","15":"entry","16":"has-media","18":"first","19":"instock","20":"featured","21":"taxable","22":"shipping-taxable","23":"purchasable","24":"product-type-simple","25":"col","26":"span_1_of_4","27":"owp-content-center","28":"item-entry","29":"owp-thumbs-layout-horizontal","30":"owp-btn-big","31":"owp-tabs-layout-horizontal"},"_links":{"self":[{"href":"https:\/\/ragwinn.com\/cs\/wp-json\/wp\/v2\/product\/3177","targetHints":{"allow":["GET"]}}],"collection":[{"href":"https:\/\/ragwinn.com\/cs\/wp-json\/wp\/v2\/product"}],"about":[{"href":"https:\/\/ragwinn.com\/cs\/wp-json\/wp\/v2\/types\/product"}],"replies":[{"embeddable":true,"href":"https:\/\/ragwinn.com\/cs\/wp-json\/wp\/v2\/comments?post=3177"}],"version-history":[{"count":3,"href":"https:\/\/ragwinn.com\/cs\/wp-json\/wp\/v2\/product\/3177\/revisions"}],"predecessor-version":[{"id":4157,"href":"https:\/\/ragwinn.com\/cs\/wp-json\/wp\/v2\/product\/3177\/revisions\/4157"}],"wp:featuredmedia":[{"embeddable":true,"href":"https:\/\/ragwinn.com\/cs\/wp-json\/wp\/v2\/media\/4153"}],"wp:attachment":[{"href":"https:\/\/ragwinn.com\/cs\/wp-json\/wp\/v2\/media?parent=3177"}],"wp:term":[{"taxonomy":"product_brand","embeddable":true,"href":"https:\/\/ragwinn.com\/cs\/wp-json\/wp\/v2\/product_brand?post=3177"},{"taxonomy":"product_cat","embeddable":true,"href":"https:\/\/ragwinn.com\/cs\/wp-json\/wp\/v2\/product_cat?post=3177"},{"taxonomy":"product_tag","embeddable":true,"href":"https:\/\/ragwinn.com\/cs\/wp-json\/wp\/v2\/product_tag?post=3177"}],"curies":[{"name":"wp","href":"https:\/\/api.w.org\/{rel}","templated":true}]}}