{"id":3147,"date":"2025-08-26T20:03:13","date_gmt":"2025-08-26T18:03:13","guid":{"rendered":"https:\/\/ragwinn.com\/?post_type=product&#038;p=3147"},"modified":"2026-05-04T18:44:42","modified_gmt":"2026-05-04T16:44:42","slug":"cartouchiere-lbd-40-bt-gl06-porte-munitions","status":"publish","type":"product","link":"https:\/\/ragwinn.com\/cs\/produit\/cartouchiere-lbd-40-bt-gl06-porte-munitions","title":{"rendered":"Cartouchi\u00e8re LBD 40 &#8211; B&#038;T GL06 &#8211; porte-munitions"},"content":{"rendered":"<h1 style=\"text-align: center;\" data-start=\"287\" data-end=\"351\">N\u00e1bojov\u00fd p\u00e1s LBD 40 mm pro odpalovac\u00ed za\u0159\u00edzen\u00ed B&amp;T GL06<\/h1>\n<p data-start=\"353\" data-end=\"689\">Tento 40mm n\u00e1bojov\u00fd p\u00e1s byl navr\u017een tak, aby \u0161et\u0159il \u010das policist\u016f a zvy\u0161oval efektivitu v ter\u00e9nu.<br data-start=\"517\" data-end=\"520\" \/>A\u0165 u\u017e jste policista, \u010detn\u00edk nebo soukrom\u00e1 bezpe\u010dnostn\u00ed slu\u017eba, toto p\u0159\u00edslu\u0161enstv\u00ed v\u00e1m umo\u017en\u00ed nosit u sebe<strong data-start=\"547\" data-end=\"576\"> 3 n\u00e1boje r\u00e1\u017ee 40 mm<\/strong> na rukojeti zbran\u011b a z\u00e1rove\u0148 zaji\u0161\u0165uje rychl\u00fd p\u0159\u00edstup b\u011bhem operac\u00ed.<\/p>\n<p data-start=\"691\" data-end=\"949\">Verze \"lev\u00e9ho\" n\u00e1bojov\u00e9ho p\u00e1su umo\u017e\u0148uje sklopit pa\u017ebu LBD bez nutnosti demont\u00e1\u017ee a p\u0159izp\u016fsobit ji va\u0161\u00ed provozn\u00ed konfiguraci.<br data-start=\"789\" data-end=\"792\" \/>Vyrobeno v <strong data-start=\"805\" data-end=\"830\">ultra odoln\u00fd nylon<\/strong>tento kazetov\u00fd p\u00e1s je <strong data-start=\"855\" data-end=\"899\">kompletn\u011b navr\u017een\u00e9 a vyroben\u00e9 ve Francii<\/strong>zaru\u010duje kvalitu, trvanlivost a sledovatelnost.<\/p>\n<hr data-start=\"951\" data-end=\"954\" \/>\n<h2 style=\"text-align: center;\" data-start=\"956\" data-end=\"1017\">Technick\u00e9 specifikace n\u00e1bojov\u00e9ho p\u00e1su LBD 40 mm<\/h2>\n<ul data-start=\"1018\" data-end=\"1524\">\n<li data-start=\"1018\" data-end=\"1107\">\n<p data-start=\"1020\" data-end=\"1107\"><strong data-start=\"1020\" data-end=\"1034\">Kapacita :<\/strong> 3 n\u00e1boje r\u00e1\u017ee 40 mm pro odpalovac\u00ed za\u0159\u00edzen\u00ed <a href=\"https:\/\/bt-ag.ch\/en\/produkt\/bt-launcher-gl06-black-cal-40-mm\/\" target=\"_blank\" rel=\"noopener\">GL06<\/a><\/p>\n<\/li>\n<li data-start=\"1108\" data-end=\"1155\">\n<p data-start=\"1110\" data-end=\"1155\"><strong data-start=\"1110\" data-end=\"1136\">V\u0161estrannost :<\/strong> Umo\u017e\u0148uje sklopen\u00ed pa\u017eby LBD bez pou\u017eit\u00ed n\u00e1\u0159ad\u00ed.<\/p>\n<\/li>\n<li data-start=\"1156\" data-end=\"1219\">\n<p data-start=\"1158\" data-end=\"1219\"><strong data-start=\"1158\" data-end=\"1172\">Mont\u00e1\u017e :<\/strong> Dod\u00e1vaj\u00ed se 3 \u0161rouby<\/p>\n<\/li>\n<li data-start=\"1220\" data-end=\"1280\">\n<p data-start=\"1222\" data-end=\"1280\"><strong data-start=\"1222\" data-end=\"1237\">Zadr\u017een\u00ed :<\/strong> Pasivn\u00ed<\/p>\n<\/li>\n<li data-start=\"1281\" data-end=\"1364\">\n<p data-start=\"1283\" data-end=\"1364\"><strong data-start=\"1283\" data-end=\"1297\">Materi\u00e1l :<\/strong> Nylon vyztu\u017een\u00fd uhl\u00edkov\u00fdmi vl\u00e1kny, odoln\u00fd proti n\u00e1razu, rozpou\u0161t\u011bdl\u016fm a extr\u00e9mn\u00edm teplot\u00e1m (-40\u00b0 \/ 160\u00b0C).<\/p>\n<\/li>\n<li data-start=\"1365\" data-end=\"1410\">\n<p data-start=\"1367\" data-end=\"1410\"><strong data-start=\"1367\" data-end=\"1384\">V\u00fdroba :<\/strong> 100 % made in France<\/p>\n<\/li>\n<li data-start=\"1411\" data-end=\"1449\">\n<p data-start=\"1413\" data-end=\"1449\"><strong data-start=\"1413\" data-end=\"1437\">Hmotnost :<\/strong> <span class=\"NA6bn BxUVEf ILfuVd\" lang=\"en\"><span class=\"hgKElc pOOWX\">\u2264<\/span><\/span> 170 g<\/p>\n<\/li>\n<li data-start=\"1450\" data-end=\"1524\">\n<p data-start=\"1452\" data-end=\"1524\"><strong data-start=\"1452\" data-end=\"1465\">Barvy :<\/strong> \u010cern\u00e1<\/p>\n<\/li>\n<\/ul>\n<hr data-start=\"1526\" data-end=\"1529\" \/>\n<h3 style=\"text-align: center;\" data-start=\"1531\" data-end=\"1554\">Hlavn\u00ed v\u00fdhody :<\/h3>\n<ul data-start=\"1555\" data-end=\"1953\">\n<li data-start=\"1555\" data-end=\"1622\">\n<p data-start=\"1557\" data-end=\"1622\">\u2705 Bezpe\u010dn\u00e1 p\u0159eprava va\u0161eho <strong data-start=\"1585\" data-end=\"1604\">40 mm munice<\/strong> p\u0159i cestov\u00e1n\u00ed<\/p>\n<\/li>\n<li data-start=\"1623\" data-end=\"1681\">\n<p data-start=\"1625\" data-end=\"1681\">\u2705 Rychl\u00fd p\u0159\u00edstup pro efektivn\u00ed dob\u00edjen\u00ed p\u0159i z\u00e1t\u011b\u017ei<\/p>\n<\/li>\n<li data-start=\"1682\" data-end=\"1799\">\n<p data-start=\"1684\" data-end=\"1799\">\u2705 V\u00fdrobek <strong data-start=\"1694\" data-end=\"1715\">robustn\u00ed a spolehliv\u00e9<\/strong>p\u0159izp\u016fsoben\u00e9 n\u00e1ro\u010dn\u00e9mu prost\u0159ed\u00ed (m\u011bsto, donucovac\u00ed org\u00e1ny, citliv\u00e9 oblasti).<\/p>\n<\/li>\n<li data-start=\"1800\" data-end=\"1873\">\n<p data-start=\"1802\" data-end=\"1873\">\u2705 Verze <strong data-start=\"1812\" data-end=\"1835\">lev\u00e1k nebo prav\u00e1k<\/strong> dokonal\u00e1 ergonomie pro st\u0159elce<\/p>\n<\/li>\n<li data-start=\"1874\" data-end=\"1953\">\n<p data-start=\"1876\" data-end=\"1953\">\u2705 Design 100 % Francouz\u0161tina: podpora inovac\u00ed ve Francii a kvalita<\/p>\n<\/li>\n<\/ul>\n<hr data-start=\"1955\" data-end=\"1958\" \/>\n<h3 style=\"text-align: center;\" data-start=\"1960\" data-end=\"1991\">Dot\u010den\u00ed u\u017eivatel\u00e9:<\/h3>\n<ul data-start=\"1992\" data-end=\"2171\">\n<li data-start=\"1992\" data-end=\"2036\">\n<p data-start=\"1994\" data-end=\"2036\">Org\u00e1ny \u010dinn\u00e9 v trestn\u00edm \u0159\u00edzen\u00ed - n\u00e1rodn\u00ed policie (BAC, CRS atd.) a m\u011bstsk\u00e1 policie, n\u00e1rodn\u00ed \u010detnictvo (PSIG, PI2G, GM atd.).<\/p>\n<\/li>\n<li data-start=\"2076\" data-end=\"2119\">\n<p data-start=\"2078\" data-end=\"2119\">Specializovan\u00e9 z\u00e1sahov\u00e9 jednotky (BRI, GIGN, RAID atd.).<\/p>\n<\/li>\n<\/ul>\n<hr \/>\n<p>Objevte tak\u00e9 na\u0161e <a href=\"https:\/\/ragwinn.com\/cs\/produit\/pata-3-sig-sauer-sp2022\/\" target=\"_blank\" rel=\"noopener\">pata +3 pro Sig Pro 2022<\/a> a p\u0159idat do z\u00e1sobn\u00edku 3 n\u00e1boje nav\u00edc p\u0159i zachov\u00e1n\u00ed p\u016fvodn\u00ed pru\u017einy.<\/p>","protected":false},"excerpt":{"rendered":"<p>40mm dr\u017e\u00e1k kazety pro LBD GL06.<br \/>\nK dispozici ve 3 verz\u00edch:<br \/>\n- Vlevo od pa\u017eby (3 n\u00e1boje + sklopn\u00e1 pa\u017eba).<br \/>\n- Vpravo od pa\u017eby (3 snadno p\u0159\u00edstupn\u00e9 n\u00e1boje).<br \/>\n- Ob\u011b strany pa\u017eby (6 n\u00e1boj\u016f na dosah pro v\u011bt\u0161\u00ed efektivitu operace).<\/p>","protected":false},"featured_media":3208,"comment_status":"open","ping_status":"closed","template":"","meta":{"ocean_post_layout":"","ocean_both_sidebars_style":"","ocean_both_sidebars_content_width":0,"ocean_both_sidebars_sidebars_width":0,"ocean_sidebar":"0","ocean_second_sidebar":"0","ocean_disable_margins":"enable","ocean_add_body_class":"","ocean_shortcode_before_top_bar":"","ocean_shortcode_after_top_bar":"","ocean_shortcode_before_header":"","ocean_shortcode_after_header":"","ocean_has_shortcode":"","ocean_shortcode_after_title":"","ocean_shortcode_before_footer_widgets":"","ocean_shortcode_after_footer_widgets":"","ocean_shortcode_before_footer_bottom":"","ocean_shortcode_after_footer_bottom":"","ocean_display_top_bar":"default","ocean_display_header":"default","ocean_header_style":"","ocean_center_header_left_menu":"0","ocean_custom_header_template":"0","ocean_custom_logo":0,"ocean_custom_retina_logo":0,"ocean_custom_logo_max_width":0,"ocean_custom_logo_tablet_max_width":0,"ocean_custom_logo_mobile_max_width":0,"ocean_custom_logo_max_height":0,"ocean_custom_logo_tablet_max_height":0,"ocean_custom_logo_mobile_max_height":0,"ocean_header_custom_menu":"0","ocean_menu_typo_font_family":"0","ocean_menu_typo_font_subset":"","ocean_menu_typo_font_size":0,"ocean_menu_typo_font_size_tablet":0,"ocean_menu_typo_font_size_mobile":0,"ocean_menu_typo_font_size_unit":"px","ocean_menu_typo_font_weight":"","ocean_menu_typo_font_weight_tablet":"","ocean_menu_typo_font_weight_mobile":"","ocean_menu_typo_transform":"","ocean_menu_typo_transform_tablet":"","ocean_menu_typo_transform_mobile":"","ocean_menu_typo_line_height":0,"ocean_menu_typo_line_height_tablet":0,"ocean_menu_typo_line_height_mobile":0,"ocean_menu_typo_line_height_unit":"","ocean_menu_typo_spacing":0,"ocean_menu_typo_spacing_tablet":0,"ocean_menu_typo_spacing_mobile":0,"ocean_menu_typo_spacing_unit":"","ocean_menu_link_color":"","ocean_menu_link_color_hover":"","ocean_menu_link_color_active":"","ocean_menu_link_background":"","ocean_menu_link_hover_background":"","ocean_menu_link_active_background":"","ocean_menu_social_links_bg":"","ocean_menu_social_hover_links_bg":"","ocean_menu_social_links_color":"","ocean_menu_social_hover_links_color":"","ocean_disable_title":"default","ocean_disable_heading":"default","ocean_post_title":"","ocean_post_subheading":"","ocean_post_title_style":"","ocean_post_title_background_color":"","ocean_post_title_background":0,"ocean_post_title_bg_image_position":"","ocean_post_title_bg_image_attachment":"","ocean_post_title_bg_image_repeat":"","ocean_post_title_bg_image_size":"","ocean_post_title_height":0,"ocean_post_title_bg_overlay":0.5,"ocean_post_title_bg_overlay_color":"","ocean_disable_breadcrumbs":"default","ocean_breadcrumbs_color":"","ocean_breadcrumbs_separator_color":"","ocean_breadcrumbs_links_color":"","ocean_breadcrumbs_links_hover_color":"","ocean_display_footer_widgets":"default","ocean_display_footer_bottom":"default","ocean_custom_footer_template":"0"},"product_brand":[],"product_cat":[104,43],"product_tag":[95,125,123,86,124],"class_list":{"0":"post-3147","1":"product","2":"type-product","3":"status-publish","4":"has-post-thumbnail","6":"product_cat-extension-chargeur","7":"product_cat-ragwinn-tactics","8":"product_tag-gendarmerie","9":"product_tag-maintien-de-lordre","10":"product_tag-munitions","11":"product_tag-police","12":"product_tag-rechargement","13":"product_shipping_class-produit-leger-500g","15":"entry","16":"has-media","18":"first","19":"instock","20":"taxable","21":"shipping-taxable","22":"purchasable","23":"product-type-variable","24":"has-default-attributes","25":"col","26":"span_1_of_4","27":"owp-content-center","28":"item-entry","29":"owp-thumbs-layout-horizontal","30":"owp-btn-big","31":"owp-tabs-layout-horizontal"},"_links":{"self":[{"href":"https:\/\/ragwinn.com\/cs\/wp-json\/wp\/v2\/product\/3147","targetHints":{"allow":["GET"]}}],"collection":[{"href":"https:\/\/ragwinn.com\/cs\/wp-json\/wp\/v2\/product"}],"about":[{"href":"https:\/\/ragwinn.com\/cs\/wp-json\/wp\/v2\/types\/product"}],"replies":[{"embeddable":true,"href":"https:\/\/ragwinn.com\/cs\/wp-json\/wp\/v2\/comments?post=3147"}],"version-history":[{"count":4,"href":"https:\/\/ragwinn.com\/cs\/wp-json\/wp\/v2\/product\/3147\/revisions"}],"predecessor-version":[{"id":4262,"href":"https:\/\/ragwinn.com\/cs\/wp-json\/wp\/v2\/product\/3147\/revisions\/4262"}],"wp:featuredmedia":[{"embeddable":true,"href":"https:\/\/ragwinn.com\/cs\/wp-json\/wp\/v2\/media\/3208"}],"wp:attachment":[{"href":"https:\/\/ragwinn.com\/cs\/wp-json\/wp\/v2\/media?parent=3147"}],"wp:term":[{"taxonomy":"product_brand","embeddable":true,"href":"https:\/\/ragwinn.com\/cs\/wp-json\/wp\/v2\/product_brand?post=3147"},{"taxonomy":"product_cat","embeddable":true,"href":"https:\/\/ragwinn.com\/cs\/wp-json\/wp\/v2\/product_cat?post=3147"},{"taxonomy":"product_tag","embeddable":true,"href":"https:\/\/ragwinn.com\/cs\/wp-json\/wp\/v2\/product_tag?post=3147"}],"curies":[{"name":"wp","href":"https:\/\/api.w.org\/{rel}","templated":true}]}}