{"id":3144,"date":"2025-06-28T21:02:42","date_gmt":"2025-06-28T19:02:42","guid":{"rendered":"https:\/\/ragwinn.com\/?post_type=product&#038;p=3144"},"modified":"2026-05-04T18:47:12","modified_gmt":"2026-05-04T16:47:12","slug":"magwell-ump9-hk","status":"publish","type":"product","link":"https:\/\/ragwinn.com\/cs\/produit\/magwell-ump9-hk","title":{"rendered":"Magwell UMP9"},"content":{"rendered":"<h1 style=\"text-align: center;\"><strong>Magwell UMP9<\/strong><\/h1>\n<h2 style=\"text-align: center;\"><strong>\u00a0\u00bb Un rechargement de HK UMP9 fluide \u00ab\u00a0<\/strong><\/h2>\n<ul>\n<li><strong data-start=\"59\" data-end=\"95\">Installation rapide et intuitive<\/strong> : Le magwell se fixe moins de 5 secondes autour du puits de chargeur du HK UMP9, sans aucun outil.<\/li>\n<li><strong data-start=\"310\" data-end=\"338\">Solidit\u00e9 \u00e0 toute \u00e9preuve<\/strong> : Con\u00e7u en nylon charg\u00e9 en fibres de carbone, il offre une r\u00e9sistance remarquable aux chocs, aux temp\u00e9ratures extr\u00eames (-50\u00b0C \u00e0 +160\u00b0C), aux rayons UV et aux produits chimiques.<\/li>\n<li><strong data-start=\"519\" data-end=\"555\" data-is-only-node=\"\">Design ambidextre et ergonomique<\/strong> : Adapt\u00e9 aussi bien aux droitiers qu\u2019aux gauchers et lib\u00e9rant l&rsquo;acc\u00e8s au bouton de d\u00e9verrouillage du chargeur, tout en pr\u00e9sentant une forme compacte et un poids l\u00e9ger (\u223c 16 g).<\/li>\n<\/ul>\n<p>&nbsp;<\/p>\n<h3 style=\"text-align: center;\"><strong>Le magwell UMP9 con\u00e7u pour le terrain<\/strong><\/h3>\n<p>Ce magwell fait partie de la gamme Ragwinn Solutions, offrant des accessoires haut de gamme pour les professionnels exigeants.<\/p>\n<p>&nbsp;<\/p>\n<hr \/>\n<p>D\u00e9couvrez notre magwell <a href=\"https:\/\/ragwinn.com\/cs\/produit\/magwellar15\/\" target=\"_blank\" rel=\"noopener\">AR15 Mil-Spec<\/a> pour votre arme de cat\u00e9gorie B et son\u00a0<a href=\"https:\/\/ragwinn.com\/cs\/produit\/magwell-glock-17-45-34-gen-5\/\" target=\"_blank\" rel=\"noopener\">z\u00e1sobn\u00edk pro Glock 17<\/a>.<\/p>\n<p>Rendez-vous <a href=\"https:\/\/crealib3d.com\/quest-ce-quun-magwell-et-pourquoi-en-utiliser\" target=\"_blank\" rel=\"noopener\">zde<\/a> pour d\u00e9couvrir ce qu&rsquo;est un magwell (en fran\u00e7ais) ou <a href=\"https:\/\/www.anrkydexholsters.com\/what-is-a-magwell-why-do-they-matter\/\" target=\"_blank\" rel=\"noopener\">zde<\/a> si vous \u00eates anglophone.<\/p>\n<p>&nbsp;<\/p>\n<p>Upozorn\u011bn\u00ed:<br \/>\nVeuillez consulter la r\u00e9glementation en vigueur dans votre pays\/r\u00e9gion avant de commander et d&rsquo;installer cet accessoire. En juin 2025, l&rsquo;administration fran\u00e7aise proscrit, mani\u00e8re g\u00e9n\u00e9rale, toute modification de l&rsquo;arme administrative.<\/p>","protected":false},"excerpt":{"rendered":"<p>Magwell HK UMP9<br \/>\nInstallation sans outils<br \/>\nOffre un angle d&rsquo;insertion du chargeur g\u00e9n\u00e9reux<\/p>","protected":false},"featured_media":4115,"comment_status":"open","ping_status":"closed","template":"","meta":{"ocean_post_layout":"","ocean_both_sidebars_style":"","ocean_both_sidebars_content_width":0,"ocean_both_sidebars_sidebars_width":0,"ocean_sidebar":"0","ocean_second_sidebar":"0","ocean_disable_margins":"enable","ocean_add_body_class":"","ocean_shortcode_before_top_bar":"","ocean_shortcode_after_top_bar":"","ocean_shortcode_before_header":"","ocean_shortcode_after_header":"","ocean_has_shortcode":"","ocean_shortcode_after_title":"","ocean_shortcode_before_footer_widgets":"","ocean_shortcode_after_footer_widgets":"","ocean_shortcode_before_footer_bottom":"","ocean_shortcode_after_footer_bottom":"","ocean_display_top_bar":"default","ocean_display_header":"default","ocean_header_style":"","ocean_center_header_left_menu":"0","ocean_custom_header_template":"0","ocean_custom_logo":0,"ocean_custom_retina_logo":0,"ocean_custom_logo_max_width":0,"ocean_custom_logo_tablet_max_width":0,"ocean_custom_logo_mobile_max_width":0,"ocean_custom_logo_max_height":0,"ocean_custom_logo_tablet_max_height":0,"ocean_custom_logo_mobile_max_height":0,"ocean_header_custom_menu":"0","ocean_menu_typo_font_family":"0","ocean_menu_typo_font_subset":"","ocean_menu_typo_font_size":0,"ocean_menu_typo_font_size_tablet":0,"ocean_menu_typo_font_size_mobile":0,"ocean_menu_typo_font_size_unit":"px","ocean_menu_typo_font_weight":"","ocean_menu_typo_font_weight_tablet":"","ocean_menu_typo_font_weight_mobile":"","ocean_menu_typo_transform":"","ocean_menu_typo_transform_tablet":"","ocean_menu_typo_transform_mobile":"","ocean_menu_typo_line_height":0,"ocean_menu_typo_line_height_tablet":0,"ocean_menu_typo_line_height_mobile":0,"ocean_menu_typo_line_height_unit":"","ocean_menu_typo_spacing":0,"ocean_menu_typo_spacing_tablet":0,"ocean_menu_typo_spacing_mobile":0,"ocean_menu_typo_spacing_unit":"","ocean_menu_link_color":"","ocean_menu_link_color_hover":"","ocean_menu_link_color_active":"","ocean_menu_link_background":"","ocean_menu_link_hover_background":"","ocean_menu_link_active_background":"","ocean_menu_social_links_bg":"","ocean_menu_social_hover_links_bg":"","ocean_menu_social_links_color":"","ocean_menu_social_hover_links_color":"","ocean_disable_title":"default","ocean_disable_heading":"default","ocean_post_title":"","ocean_post_subheading":"","ocean_post_title_style":"","ocean_post_title_background_color":"","ocean_post_title_background":0,"ocean_post_title_bg_image_position":"","ocean_post_title_bg_image_attachment":"","ocean_post_title_bg_image_repeat":"","ocean_post_title_bg_image_size":"","ocean_post_title_height":0,"ocean_post_title_bg_overlay":0.5,"ocean_post_title_bg_overlay_color":"","ocean_disable_breadcrumbs":"default","ocean_breadcrumbs_color":"","ocean_breadcrumbs_separator_color":"","ocean_breadcrumbs_links_color":"","ocean_breadcrumbs_links_hover_color":"","ocean_display_footer_widgets":"default","ocean_display_footer_bottom":"default","ocean_custom_footer_template":"0"},"product_brand":[],"product_cat":[85],"product_tag":[77,86],"class_list":{"0":"post-3144","1":"product","2":"type-product","3":"status-publish","4":"has-post-thumbnail","6":"product_cat-magwell","7":"product_tag-magwell","8":"product_tag-police","9":"product_shipping_class-produit-leger-500g","11":"entry","12":"has-media","14":"first","15":"instock","16":"taxable","17":"shipping-taxable","18":"purchasable","19":"product-type-simple","20":"col","21":"span_1_of_4","22":"owp-content-center","23":"item-entry","24":"owp-thumbs-layout-horizontal","25":"owp-btn-big","26":"owp-tabs-layout-horizontal"},"_links":{"self":[{"href":"https:\/\/ragwinn.com\/cs\/wp-json\/wp\/v2\/product\/3144","targetHints":{"allow":["GET"]}}],"collection":[{"href":"https:\/\/ragwinn.com\/cs\/wp-json\/wp\/v2\/product"}],"about":[{"href":"https:\/\/ragwinn.com\/cs\/wp-json\/wp\/v2\/types\/product"}],"replies":[{"embeddable":true,"href":"https:\/\/ragwinn.com\/cs\/wp-json\/wp\/v2\/comments?post=3144"}],"version-history":[{"count":2,"href":"https:\/\/ragwinn.com\/cs\/wp-json\/wp\/v2\/product\/3144\/revisions"}],"predecessor-version":[{"id":4114,"href":"https:\/\/ragwinn.com\/cs\/wp-json\/wp\/v2\/product\/3144\/revisions\/4114"}],"wp:featuredmedia":[{"embeddable":true,"href":"https:\/\/ragwinn.com\/cs\/wp-json\/wp\/v2\/media\/4115"}],"wp:attachment":[{"href":"https:\/\/ragwinn.com\/cs\/wp-json\/wp\/v2\/media?parent=3144"}],"wp:term":[{"taxonomy":"product_brand","embeddable":true,"href":"https:\/\/ragwinn.com\/cs\/wp-json\/wp\/v2\/product_brand?post=3144"},{"taxonomy":"product_cat","embeddable":true,"href":"https:\/\/ragwinn.com\/cs\/wp-json\/wp\/v2\/product_cat?post=3144"},{"taxonomy":"product_tag","embeddable":true,"href":"https:\/\/ragwinn.com\/cs\/wp-json\/wp\/v2\/product_tag?post=3144"}],"curies":[{"name":"wp","href":"https:\/\/api.w.org\/{rel}","templated":true}]}}