{"id":2420,"date":"2025-02-19T11:28:17","date_gmt":"2025-02-19T10:28:17","guid":{"rendered":"https:\/\/ragwinn.com\/?post_type=product&#038;p=2420"},"modified":"2026-05-04T18:47:07","modified_gmt":"2026-05-04T16:47:07","slug":"talon-3-sp2022","status":"publish","type":"product","link":"https:\/\/ragwinn.com\/cs\/produit\/talon-3-sp2022","title":{"rendered":"Zasobniku +3 SP2022"},"content":{"rendered":"<h1 style=\"text-align: center;\"><strong>Talon\u00a0+3 SP2022<\/strong><\/h1>\n<p data-start=\"232\" data-end=\"522\">Maximalizujte kapacitu z\u00e1sobn\u00edku p\u0159id\u00e1n\u00edm 3 n\u00e1boj\u016f nav\u00edc p\u0159i zachov\u00e1n\u00ed p\u016fvodn\u00ed pru\u017einy.<br \/>\nToto p\u0159\u00edslu\u0161enstv\u00ed je navr\u017eeno pro optim\u00e1ln\u00ed ergonomii, zlep\u0161uje \u00fachop a usnad\u0148uje vyjmut\u00ed nab\u00edje\u010dky.<br \/>\nJeho texturovan\u00e9 pozad\u00ed tak\u00e9 umo\u017e\u0148uje napsat na n\u011bj \u010d\u00edslo pro rychlou identifikaci.<\/p>\n<h2 style=\"text-align: center;\" data-start=\"746\" data-end=\"816\"><strong data-start=\"750\" data-end=\"814\">Pro\u010d si vybrat na\u0161e roz\u0161\u00ed\u0159en\u00ed nab\u00edje\u010dky pro SP2022?<\/strong><\/h2>\n<ul>\n<li><strong data-start=\"507\" data-end=\"529\">Zv\u00fd\u0161en\u00e1 kapacita<\/strong> : Ajoutez 3 munitions \u00e0 votre chargeur, un atout en comp\u00e9tition comme en situation d\u00e9licate.<\/li>\n<li><strong data-start=\"627\" data-end=\"650\">Optimalizovan\u00e1 ergonomie<\/strong> Jeho bo\u010dn\u00ed konstrukce usnad\u0148uje manipulaci a vytahov\u00e1n\u00ed.<\/li>\n<li><strong data-start=\"718\" data-end=\"741\">Robustn\u00ed konstrukce<\/strong> Navr\u017eeno ve Francii s vyztu\u017een\u00fdm polymerem, kter\u00fd je odoln\u00fd proti n\u00e1razu a opot\u0159eben\u00ed.<\/li>\n<li><strong data-start=\"825\" data-end=\"844\">P\u0159izp\u016fsobiteln\u00e9<\/strong> O\u010d\u00edslujte \u010dasopisy fixem Posca nebo mastnou tu\u017ekou.<\/li>\n<li><strong data-start=\"919\" data-end=\"942\">Rychl\u00e1 instalace<\/strong> Snadn\u00e1 mont\u00e1\u017e pomoc\u00ed \u0161roubu bez nutnosti \u00fapravy p\u016fvodn\u00ed nab\u00edje\u010dky.<\/li>\n<\/ul>\n<p><em>Pozn\u00e1mka: Sou\u010d\u00e1st\u00ed dod\u00e1vky je pouze trn nab\u00edje\u010dky a \u0161rouby.<\/em><\/p>\n<p>D\u00e9couvrez aussi nos <a href=\"https:\/\/ragwinn.com\/cs\/etiquette-produit\/extension\/\" target=\"_blank\" rel=\"noopener\">n\u00e1stavce z\u00e1sobn\u00edk\u016f pro Glock.<\/a><\/p>\n<p>Upozorn\u011bn\u00ed:<br \/>\nP\u0159ed objedn\u00e1n\u00edm se pros\u00edm seznamte s p\u0159edpisy platn\u00fdmi ve va\u0161\u00ed zemi\/oblasti.<br \/>\nVe Francii nesm\u00ed v listopadu 2024 maxim\u00e1ln\u00ed kapacita z\u00e1sobn\u00edku ru\u010dn\u00ed zbran\u011b za\u0159azen\u00e9 do kategorie B-1 p\u0159ekro\u010dit 20 n\u00e1boj\u016f. Po p\u0159ekro\u010den\u00ed t\u00e9to hranice bude z\u00e1sobn\u00edk p\u0159e\u0159azen do kategorie A1 8, kter\u00e1 je vyhrazena pro st\u0159elce TSV (<a href=\"https:\/\/www.legifrance.gouv.fr\/codes\/article_lc\/LEGIARTI000037144152\" target=\"_blank\" rel=\"noreferrer noopener\">R312-45-1<\/a>).<br \/>\nProduit destin\u00e9 \u00e0 un usage en stand type FFT.<br \/>\nPolicier, gendarme, militaire ou douanier, v\u00e9rifiez les r\u00e9glementations concernant les modifications de l&rsquo;arme administrative avant l&rsquo;ajout d&rsquo;un talon +3 SP2022.<br \/>\n<strong>Produit uniquement destin\u00e9 \u00e0 un usage en stand de tir type FFT<\/strong>.<\/p>","protected":false},"excerpt":{"rendered":"<div class=\"woocommerce-product-details__short-description\">\n<p data-start=\"0\" data-end=\"92\">Ce talon augmente la capacit\u00e9 de votre chargeur SP2022 de 3 cartouches suppl\u00e9mentaires.<\/p>\n<p data-start=\"194\" data-end=\"358\">Z\u00e1kladna podpatku je speci\u00e1ln\u011b navr\u017eena tak, aby umo\u017e\u0148ovala \u010d\u00edslov\u00e1n\u00ed z\u00e1sobn\u00edk\u016f.<\/p>\n<\/div>","protected":false},"featured_media":2727,"comment_status":"open","ping_status":"closed","template":"","meta":{"ocean_post_layout":"","ocean_both_sidebars_style":"","ocean_both_sidebars_content_width":0,"ocean_both_sidebars_sidebars_width":0,"ocean_sidebar":"0","ocean_second_sidebar":"0","ocean_disable_margins":"enable","ocean_add_body_class":"","ocean_shortcode_before_top_bar":"","ocean_shortcode_after_top_bar":"","ocean_shortcode_before_header":"","ocean_shortcode_after_header":"","ocean_has_shortcode":"","ocean_shortcode_after_title":"","ocean_shortcode_before_footer_widgets":"","ocean_shortcode_after_footer_widgets":"","ocean_shortcode_before_footer_bottom":"","ocean_shortcode_after_footer_bottom":"","ocean_display_top_bar":"default","ocean_display_header":"default","ocean_header_style":"","ocean_center_header_left_menu":"0","ocean_custom_header_template":"0","ocean_custom_logo":0,"ocean_custom_retina_logo":0,"ocean_custom_logo_max_width":0,"ocean_custom_logo_tablet_max_width":0,"ocean_custom_logo_mobile_max_width":0,"ocean_custom_logo_max_height":0,"ocean_custom_logo_tablet_max_height":0,"ocean_custom_logo_mobile_max_height":0,"ocean_header_custom_menu":"0","ocean_menu_typo_font_family":"0","ocean_menu_typo_font_subset":"","ocean_menu_typo_font_size":0,"ocean_menu_typo_font_size_tablet":0,"ocean_menu_typo_font_size_mobile":0,"ocean_menu_typo_font_size_unit":"px","ocean_menu_typo_font_weight":"","ocean_menu_typo_font_weight_tablet":"","ocean_menu_typo_font_weight_mobile":"","ocean_menu_typo_transform":"","ocean_menu_typo_transform_tablet":"","ocean_menu_typo_transform_mobile":"","ocean_menu_typo_line_height":0,"ocean_menu_typo_line_height_tablet":0,"ocean_menu_typo_line_height_mobile":0,"ocean_menu_typo_line_height_unit":"","ocean_menu_typo_spacing":0,"ocean_menu_typo_spacing_tablet":0,"ocean_menu_typo_spacing_mobile":0,"ocean_menu_typo_spacing_unit":"","ocean_menu_link_color":"","ocean_menu_link_color_hover":"","ocean_menu_link_color_active":"","ocean_menu_link_background":"","ocean_menu_link_hover_background":"","ocean_menu_link_active_background":"","ocean_menu_social_links_bg":"","ocean_menu_social_hover_links_bg":"","ocean_menu_social_links_color":"","ocean_menu_social_hover_links_color":"","ocean_disable_title":"default","ocean_disable_heading":"default","ocean_post_title":"","ocean_post_subheading":"","ocean_post_title_style":"","ocean_post_title_background_color":"","ocean_post_title_background":0,"ocean_post_title_bg_image_position":"","ocean_post_title_bg_image_attachment":"","ocean_post_title_bg_image_repeat":"","ocean_post_title_bg_image_size":"","ocean_post_title_height":0,"ocean_post_title_bg_overlay":0.5,"ocean_post_title_bg_overlay_color":"","ocean_disable_breadcrumbs":"default","ocean_breadcrumbs_color":"","ocean_breadcrumbs_separator_color":"","ocean_breadcrumbs_links_color":"","ocean_breadcrumbs_links_hover_color":"","ocean_display_footer_widgets":"default","ocean_display_footer_bottom":"default","ocean_custom_footer_template":"0"},"product_brand":[],"product_cat":[17],"product_tag":[],"class_list":{"0":"post-2420","1":"product","2":"type-product","3":"status-publish","4":"has-post-thumbnail","6":"product_cat-ragwinn-hobby","7":"product_shipping_class-produit-leger-500g","9":"entry","10":"has-media","12":"first","13":"instock","14":"sale","15":"taxable","16":"shipping-taxable","17":"purchasable","18":"product-type-simple","19":"has-rating","20":"col","21":"span_1_of_4","22":"owp-content-center","23":"item-entry","24":"owp-thumbs-layout-horizontal","25":"owp-btn-big","26":"owp-tabs-layout-horizontal"},"_links":{"self":[{"href":"https:\/\/ragwinn.com\/cs\/wp-json\/wp\/v2\/product\/2420","targetHints":{"allow":["GET"]}}],"collection":[{"href":"https:\/\/ragwinn.com\/cs\/wp-json\/wp\/v2\/product"}],"about":[{"href":"https:\/\/ragwinn.com\/cs\/wp-json\/wp\/v2\/types\/product"}],"replies":[{"embeddable":true,"href":"https:\/\/ragwinn.com\/cs\/wp-json\/wp\/v2\/comments?post=2420"}],"version-history":[{"count":8,"href":"https:\/\/ragwinn.com\/cs\/wp-json\/wp\/v2\/product\/2420\/revisions"}],"predecessor-version":[{"id":4230,"href":"https:\/\/ragwinn.com\/cs\/wp-json\/wp\/v2\/product\/2420\/revisions\/4230"}],"wp:featuredmedia":[{"embeddable":true,"href":"https:\/\/ragwinn.com\/cs\/wp-json\/wp\/v2\/media\/2727"}],"wp:attachment":[{"href":"https:\/\/ragwinn.com\/cs\/wp-json\/wp\/v2\/media?parent=2420"}],"wp:term":[{"taxonomy":"product_brand","embeddable":true,"href":"https:\/\/ragwinn.com\/cs\/wp-json\/wp\/v2\/product_brand?post=2420"},{"taxonomy":"product_cat","embeddable":true,"href":"https:\/\/ragwinn.com\/cs\/wp-json\/wp\/v2\/product_cat?post=2420"},{"taxonomy":"product_tag","embeddable":true,"href":"https:\/\/ragwinn.com\/cs\/wp-json\/wp\/v2\/product_tag?post=2420"}],"curies":[{"name":"wp","href":"https:\/\/api.w.org\/{rel}","templated":true}]}}