{"id":2324,"date":"2025-02-14T10:24:24","date_gmt":"2025-02-14T09:24:24","guid":{"rendered":"https:\/\/ragwinn.com\/?post_type=product&#038;p=2324"},"modified":"2026-05-04T18:46:38","modified_gmt":"2026-05-04T16:46:38","slug":"magwell-glock-17-45-34-gen-5","status":"publish","type":"product","link":"https:\/\/ragwinn.com\/cs\/produit\/magwell-glock-17-45-34-gen-5","title":{"rendered":"Magwell Glock 17"},"content":{"rendered":"<h1 style=\"text-align: center;\"><strong>Magwell Glock 17<\/strong><\/h1>\n<h3 style=\"text-align: center;\"><strong>\" <\/strong>Optimalizujte sv\u016fj v\u00fdkon s pouzdrem na z\u00e1sobn\u00edk navr\u017een\u00fdm pro provozn\u00ed pou\u017eit\u00ed <strong>\"<\/strong><\/h3>\n<p>Zlep\u0161ete rychlost a plynulost nab\u00edjen\u00ed pomoc\u00ed tohoto z\u00e1sobn\u00edku pro Glock 17.<br \/>\nJeho optimalizovan\u00fd trycht\u00fd\u0159ovit\u00fd design vede z\u00e1sobn\u00edk p\u0159irozen\u011b do \u0161achty zbran\u011b, co\u017e umo\u017e\u0148uje rychl\u00e9 a p\u0159esn\u00e9 nab\u00edjen\u00ed.<br \/>\nJe kompatibiln\u00ed se zadn\u00edm popruhem a ru\u010dn\u00edm popruhem a rychle se instaluje bez nutnosti \u00faprav.<\/p>\n<h2 style=\"text-align: center;\"><strong>Pro\u010d si vybrat na\u0161e pouzdro na z\u00e1sobn\u00edk pro v\u00e1\u0161 Glock?<\/strong><\/h2>\n<ul>\n<li><strong>Rychl\u00e9 na\u010d\u00edt\u00e1n\u00ed<\/strong> Plynul\u00e9 veden\u00ed naklada\u010de pro bezpe\u010dnou a instinktivn\u00ed v\u00fdm\u011bnu n\u00e1kladu.<\/li>\n<li><strong>Roz\u0161\u00ed\u0159en\u00e1 kompatibilita<\/strong> Funguje se z\u00e1sobn\u00edky Glock, Magpul GL9 PMAG, Fab Defense a dal\u0161\u00edmi.<\/li>\n<li><strong>Optimalizovan\u00e1 ergonomie<\/strong> P\u0159izp\u016fsoben\u00e9 pro zadn\u00ed popruhy pro maxim\u00e1ln\u00ed pohodl\u00ed v z\u00e1vislosti na va\u0161em \u00fachopu.<\/li>\n<li><strong>Bezpe\u010dn\u00e9 upevn\u011bn\u00ed<\/strong> \u0160roubovac\u00ed, s otvorem na \u0159emen pro pou\u017eit\u00ed s pouzdry s \u00farovn\u00ed zadr\u017een\u00ed 1 a\u017e 4.<\/li>\n<li><strong>Robustnost a lehkost<\/strong> Je vyroben ve Francii ze zes\u00edlen\u00e9ho polymeru, odol\u00e1v\u00e1 n\u00e1raz\u016fm, extr\u00e9mn\u00edm teplot\u00e1m (-40 \u00b0C a\u017e +160 \u00b0C), rozpou\u0161t\u011bdl\u016fm a UV z\u00e1\u0159en\u00ed a v\u00e1\u017e\u00ed m\u00e9n\u011b ne\u017e 9 g.<\/li>\n<li><strong>Testov\u00e1no a schv\u00e1leno<\/strong> Ov\u011b\u0159eno specializovan\u00fdmi jednotkami a instruktory bojov\u00e9 st\u0159elby.<\/li>\n<\/ul>\n<h2><\/h2>\n<h2 style=\"text-align: center;\"><strong>Rychl\u00e1, neupraven\u00e1 instalace pistole Glock 17<\/strong><\/h2>\n<p>Rychl\u00e1 instalace ve 4 kroc\u00edch:<\/p>\n<ol>\n<li>Vlo\u017ete vlo\u017eku do pa\u017eby zbran\u011b,<\/li>\n<li>Um\u00edst\u011bte z\u00e1sobn\u00edk kolem nab\u00edjec\u00ed \u0161achty,<\/li>\n<li>Zatla\u010dte ji dozadu, dokud nezapadne do vlo\u017eky,<\/li>\n<li>Ru\u010dn\u011b dot\u00e1hn\u011bte zadn\u00ed \u010d\u00e1st a \u0161roub, dokud nen\u00ed dosa\u017eeno mechanick\u00e9 pevnosti.<\/li>\n<\/ol>\n<p>Nyn\u00ed je z\u00e1sobn\u00edk p\u0159ipraven k pou\u017eit\u00ed.<\/p>\n<p>Kompatibiln\u00ed s modely Glock 17, 45 a 34 Gen5.<br \/>\n<a href=\"https:\/\/ragwinn.com\/cs\/produit\/magwell-glock-19-gen-5\/\" target=\"_blank\" rel=\"noopener\">Magwell Glock 19 a 23 gen 5 k dispozici zde<\/a>a pro <a href=\"https:\/\/ragwinn.com\/cs\/produit\/zasobnik-glock-43x\/\" target=\"_blank\" rel=\"noopener\">Glock 43x zde<\/a>.<\/p>\n<h2 style=\"text-align: center;\"><strong>Spolehliv\u00e9 p\u0159\u00edslu\u0161enstv\u00ed pro n\u00e1ro\u010dn\u00e9 st\u0159elce<\/strong><\/h2>\n<p>Tento z\u00e1sobn\u00edk je navr\u017een pro intenzivn\u00ed pou\u017e\u00edv\u00e1n\u00ed a kombinuje lehkost, odolnost a \u00fa\u010dinnost.<br \/>\nJeho materi\u00e1l pohlcuje infra\u010derven\u00e9 (IR) z\u00e1\u0159en\u00ed, tak\u017ee je ide\u00e1ln\u00ed pro no\u010dn\u00ed mise.<br \/>\nA\u0165 u\u017e jste profesion\u00e1l, nebo nad\u0161enec, zlep\u0161\u00ed v\u00e1\u0161 v\u00fdkon a podpo\u0159\u00ed v\u00e1s za v\u0161ech okolnost\u00ed.<\/p>\n<hr \/>\n<p>Objevte tak\u00e9 na\u0161e <a href=\"https:\/\/ragwinn.com\/cs\/produit\/talon-2-4-chargeur-glock-9x19\/\" target=\"_blank\" rel=\"noopener\">prodlou\u017een\u00ed z\u00e1sobn\u00edku pro Glock<\/a>a na\u0161e <a href=\"https:\/\/ragwinn.com\/cs\/categorie-produit\/ragwinn-tactics\/\">Prodlou\u017een\u00ed nab\u00edje\u010dky Magpul PMAG 17 GL9<\/a>.<\/p>\n<p>Dal\u0161\u00ed informace o tom, co je to z\u00e1sobn\u00edk\u00a0<a href=\"https:\/\/crealib3d.com\/quest-ce-quun-magwell-et-pourquoi-en-utiliser\" target=\"_blank\" rel=\"noopener\">zde<\/a>\u00a0(ve francouz\u0161tin\u011b) a\u00a0<a href=\"https:\/\/www.anrkydexholsters.com\/what-is-a-magwell-why-do-they-matter\/\" target=\"_blank\" rel=\"noopener\">zde<\/a>\u00a0(v angli\u010dtin\u011b).<\/p>\n<p>Kompatibilita: Nen\u00ed kompatibiln\u00ed s Glockem 19\/19X\/23, Glockem r\u00e1\u017ee .45 a Glockem generace 1 a\u017e 4.<br \/>\n<em>P\u0159ihl\u00e1\u0161eno k patentov\u00e1n\u00ed<\/em><\/p>","protected":false},"excerpt":{"rendered":"<p>Magwell Glock 17 navr\u017een\u00fd tak, aby optimalizoval va\u0161e p\u0159eb\u00edjen\u00ed d\u00edky roz\u0161\u00ed\u0159en\u00e9mu designu.<br \/>\nKompatibiln\u00ed s Glock 17, 45 a 34 Gen 5.<br \/>\nKompatibiln\u00ed se z\u00e1dov\u00fdm a ru\u010dn\u00edm popruhem, pro v\u0161echny situace.<\/p>","protected":false},"featured_media":4120,"comment_status":"open","ping_status":"closed","template":"","meta":{"ocean_post_layout":"","ocean_both_sidebars_style":"","ocean_both_sidebars_content_width":0,"ocean_both_sidebars_sidebars_width":0,"ocean_sidebar":"0","ocean_second_sidebar":"0","ocean_disable_margins":"enable","ocean_add_body_class":"","ocean_shortcode_before_top_bar":"","ocean_shortcode_after_top_bar":"","ocean_shortcode_before_header":"","ocean_shortcode_after_header":"","ocean_has_shortcode":"","ocean_shortcode_after_title":"","ocean_shortcode_before_footer_widgets":"","ocean_shortcode_after_footer_widgets":"","ocean_shortcode_before_footer_bottom":"","ocean_shortcode_after_footer_bottom":"","ocean_display_top_bar":"default","ocean_display_header":"default","ocean_header_style":"","ocean_center_header_left_menu":"0","ocean_custom_header_template":"0","ocean_custom_logo":0,"ocean_custom_retina_logo":0,"ocean_custom_logo_max_width":0,"ocean_custom_logo_tablet_max_width":0,"ocean_custom_logo_mobile_max_width":0,"ocean_custom_logo_max_height":0,"ocean_custom_logo_tablet_max_height":0,"ocean_custom_logo_mobile_max_height":0,"ocean_header_custom_menu":"0","ocean_menu_typo_font_family":"0","ocean_menu_typo_font_subset":"","ocean_menu_typo_font_size":0,"ocean_menu_typo_font_size_tablet":0,"ocean_menu_typo_font_size_mobile":0,"ocean_menu_typo_font_size_unit":"px","ocean_menu_typo_font_weight":"","ocean_menu_typo_font_weight_tablet":"","ocean_menu_typo_font_weight_mobile":"","ocean_menu_typo_transform":"","ocean_menu_typo_transform_tablet":"","ocean_menu_typo_transform_mobile":"","ocean_menu_typo_line_height":0,"ocean_menu_typo_line_height_tablet":0,"ocean_menu_typo_line_height_mobile":0,"ocean_menu_typo_line_height_unit":"","ocean_menu_typo_spacing":0,"ocean_menu_typo_spacing_tablet":0,"ocean_menu_typo_spacing_mobile":0,"ocean_menu_typo_spacing_unit":"","ocean_menu_link_color":"","ocean_menu_link_color_hover":"","ocean_menu_link_color_active":"","ocean_menu_link_background":"","ocean_menu_link_hover_background":"","ocean_menu_link_active_background":"","ocean_menu_social_links_bg":"","ocean_menu_social_hover_links_bg":"","ocean_menu_social_links_color":"","ocean_menu_social_hover_links_color":"","ocean_disable_title":"default","ocean_disable_heading":"default","ocean_post_title":"","ocean_post_subheading":"","ocean_post_title_style":"","ocean_post_title_background_color":"","ocean_post_title_background":0,"ocean_post_title_bg_image_position":"","ocean_post_title_bg_image_attachment":"","ocean_post_title_bg_image_repeat":"","ocean_post_title_bg_image_size":"","ocean_post_title_height":0,"ocean_post_title_bg_overlay":0.5,"ocean_post_title_bg_overlay_color":"","ocean_disable_breadcrumbs":"default","ocean_breadcrumbs_color":"","ocean_breadcrumbs_separator_color":"","ocean_breadcrumbs_links_color":"","ocean_breadcrumbs_links_hover_color":"","ocean_display_footer_widgets":"default","ocean_display_footer_bottom":"default","ocean_custom_footer_template":"0"},"product_brand":[],"product_cat":[85,43],"product_tag":[33,77,86],"class_list":{"0":"post-2324","1":"product","2":"type-product","3":"status-publish","4":"has-post-thumbnail","6":"product_cat-magwell","7":"product_cat-ragwinn-tactics","8":"product_tag-armee","9":"product_tag-magwell","10":"product_tag-police","11":"product_shipping_class-produit-leger-500g","13":"entry","14":"has-media","16":"first","17":"onbackorder","18":"taxable","19":"shipping-taxable","20":"purchasable","21":"product-type-simple","22":"col","23":"span_1_of_4","24":"owp-content-center","25":"item-entry","26":"owp-thumbs-layout-horizontal","27":"owp-btn-big","28":"owp-tabs-layout-horizontal"},"_links":{"self":[{"href":"https:\/\/ragwinn.com\/cs\/wp-json\/wp\/v2\/product\/2324","targetHints":{"allow":["GET"]}}],"collection":[{"href":"https:\/\/ragwinn.com\/cs\/wp-json\/wp\/v2\/product"}],"about":[{"href":"https:\/\/ragwinn.com\/cs\/wp-json\/wp\/v2\/types\/product"}],"replies":[{"embeddable":true,"href":"https:\/\/ragwinn.com\/cs\/wp-json\/wp\/v2\/comments?post=2324"}],"version-history":[{"count":1,"href":"https:\/\/ragwinn.com\/cs\/wp-json\/wp\/v2\/product\/2324\/revisions"}],"predecessor-version":[{"id":3514,"href":"https:\/\/ragwinn.com\/cs\/wp-json\/wp\/v2\/product\/2324\/revisions\/3514"}],"wp:featuredmedia":[{"embeddable":true,"href":"https:\/\/ragwinn.com\/cs\/wp-json\/wp\/v2\/media\/4120"}],"wp:attachment":[{"href":"https:\/\/ragwinn.com\/cs\/wp-json\/wp\/v2\/media?parent=2324"}],"wp:term":[{"taxonomy":"product_brand","embeddable":true,"href":"https:\/\/ragwinn.com\/cs\/wp-json\/wp\/v2\/product_brand?post=2324"},{"taxonomy":"product_cat","embeddable":true,"href":"https:\/\/ragwinn.com\/cs\/wp-json\/wp\/v2\/product_cat?post=2324"},{"taxonomy":"product_tag","embeddable":true,"href":"https:\/\/ragwinn.com\/cs\/wp-json\/wp\/v2\/product_tag?post=2324"}],"curies":[{"name":"wp","href":"https:\/\/api.w.org\/{rel}","templated":true}]}}