{"id":1652,"date":"2024-12-02T12:09:08","date_gmt":"2024-12-02T11:09:08","guid":{"rendered":"https:\/\/ragwinn.com\/?post_type=product&#038;p=1652"},"modified":"2026-05-04T18:47:22","modified_gmt":"2026-05-04T16:47:22","slug":"pata-4-zasobniky-glock-17-19-26-45","status":"publish","type":"product","link":"https:\/\/ragwinn.com\/cs\/produit\/talon-4-chargeur-glock-17-19-26-45","title":{"rendered":"Zasobniku +4 z\u00e1sobn\u00edky Glock 17, 19, 26, 45"},"content":{"rendered":"<h1 style=\"text-align: center;\"><strong>Zasobniku\u00a0<\/strong><strong>+4 z\u00e1sobn\u00edky pro Glock<\/strong><\/h1>\n<p data-start=\"232\" data-end=\"522\">Toto p\u0159\u00edslu\u0161enstv\u00ed umo\u017e\u0148uje zv\u00fd\u0161it kapacitu z\u00e1sobn\u00edku o dal\u0161\u00ed 4 n\u00e1boje p\u0159i zachov\u00e1n\u00ed p\u016fvodn\u00ed pru\u017einy.<br \/>\nJej\u00ed tvar je navr\u017een tak, abyste ji mohli ergonomicky uchopit.<br \/>\nNab\u00edje\u010dky m\u016f\u017eete o\u010d\u00edslovat na spodn\u00ed stran\u011b n\u00e1stavce.<\/p>\n<h2 style=\"text-align: center;\" data-start=\"746\" data-end=\"816\"><strong data-start=\"750\" data-end=\"814\">Pro\u010d si vybrat na\u0161e prodlou\u017een\u00ed z\u00e1sobn\u00edku +4 pro Glock?<\/strong><\/h2>\n<ul>\n<li><strong data-start=\"819\" data-end=\"841\">Zv\u00fd\u0161en\u00ed kapacity <\/strong>P\u0159idejte ke sv\u00e9mu st\u00e1vaj\u00edc\u00edmu z\u00e1sobn\u00edku 4 n\u00e1boje nav\u00edc, co\u017e je ide\u00e1ln\u00ed pro sout\u011b\u017ee a re\u00e1ln\u00e9 situace,<\/li>\n<li><strong data-start=\"937\" data-end=\"964\">Zlep\u0161en\u00e1 p\u0159ilnavost<\/strong> Konstrukce stran n\u00e1stavce usnad\u0148uje vyjmut\u00ed nab\u00edje\u010dky,<\/li>\n<li><strong>Kvalitn\u00ed v\u00fdroba <\/strong>Vyrobeno ve Francii ze zes\u00edlen\u00e9ho polymeru, kter\u00fd odol\u00e1v\u00e1 n\u00e1raz\u016fm a opot\u0159eben\u00ed,<\/li>\n<li><strong>\u010c\u00edslovan\u00e9 str\u00e1nky<\/strong> Na spodn\u00ed stran\u011b paty m\u016f\u017eete z\u00e1sobn\u00edk o\u010d\u00edslovat pomoc\u00ed \"posca\" fixu nebo mastn\u00e9 tu\u017eky,<\/li>\n<li><strong data-start=\"1147\" data-end=\"1170\">Snadn\u00e1 instalace<\/strong> Rychl\u00e1 instalace, nen\u00ed t\u0159eba upravovat nab\u00edje\u010dku.<\/li>\n<\/ul>\n<p><em>Pozn\u00e1mka: Dod\u00e1v\u00e1 se pouze pata nab\u00edje\u010dky a vlo\u017eka.<\/em><\/p>\n<p>Compatible avec Glock 17, Glock 19, Glock 22, Glock 34, Glock 45 &#8211; gen4, 5 et 6 &#8211; et autres mod\u00e8les avec chargeurs double-colonne.<br data-start=\"2132\" data-end=\"2135\" \/>Nen\u00ed kompatibiln\u00ed s modely Glock 43, Glock 48 a dal\u0161\u00edmi modely s jednosloupcov\u00fdmi z\u00e1sobn\u00edky.<\/p>\n<p>Upozorn\u011bn\u00ed:<br \/>\nP\u0159ed objedn\u00e1n\u00edm se pros\u00edm seznamte s p\u0159edpisy platn\u00fdmi ve va\u0161\u00ed zemi\/oblasti.<br \/>\nVe Francii nesm\u00ed v listopadu 2024 maxim\u00e1ln\u00ed kapacita z\u00e1sobn\u00edku ru\u010dn\u00ed zbran\u011b za\u0159azen\u00e9 do kategorie B-1 p\u0159ekro\u010dit 20 n\u00e1boj\u016f. Po p\u0159ekro\u010den\u00ed t\u00e9to hranice bude z\u00e1sobn\u00edk p\u0159e\u0159azen do kategorie A1 8, kter\u00e1 je vyhrazena pro st\u0159elce TSV (<a href=\"https:\/\/www.legifrance.gouv.fr\/codes\/article_lc\/LEGIARTI000037144152\" target=\"_blank\" rel=\"noopener\">R312-45-1<\/a>).<\/p>","protected":false},"excerpt":{"rendered":"<p data-start=\"0\" data-end=\"92\">Tato pata zvy\u0161uje kapacitu z\u00e1sobn\u00edku pro Glock o dal\u0161\u00ed 4 n\u00e1boje.<\/p>\n<p data-start=\"194\" data-end=\"358\">Z\u00e1kladna zasobniku je speci\u00e1ln\u011b navr\u017eena tak, aby usnad\u0148ovala \u010d\u00edslov\u00e1n\u00ed z\u00e1sobn\u00edk\u016f.<\/p>","protected":false},"featured_media":1862,"comment_status":"open","ping_status":"closed","template":"","meta":{"ocean_post_layout":"","ocean_both_sidebars_style":"","ocean_both_sidebars_content_width":0,"ocean_both_sidebars_sidebars_width":0,"ocean_sidebar":"0","ocean_second_sidebar":"0","ocean_disable_margins":"enable","ocean_add_body_class":"","ocean_shortcode_before_top_bar":"","ocean_shortcode_after_top_bar":"","ocean_shortcode_before_header":"","ocean_shortcode_after_header":"","ocean_has_shortcode":"","ocean_shortcode_after_title":"","ocean_shortcode_before_footer_widgets":"","ocean_shortcode_after_footer_widgets":"","ocean_shortcode_before_footer_bottom":"","ocean_shortcode_after_footer_bottom":"","ocean_display_top_bar":"default","ocean_display_header":"default","ocean_header_style":"","ocean_center_header_left_menu":"0","ocean_custom_header_template":"0","ocean_custom_logo":0,"ocean_custom_retina_logo":0,"ocean_custom_logo_max_width":0,"ocean_custom_logo_tablet_max_width":0,"ocean_custom_logo_mobile_max_width":0,"ocean_custom_logo_max_height":0,"ocean_custom_logo_tablet_max_height":0,"ocean_custom_logo_mobile_max_height":0,"ocean_header_custom_menu":"0","ocean_menu_typo_font_family":"0","ocean_menu_typo_font_subset":"","ocean_menu_typo_font_size":0,"ocean_menu_typo_font_size_tablet":0,"ocean_menu_typo_font_size_mobile":0,"ocean_menu_typo_font_size_unit":"px","ocean_menu_typo_font_weight":"","ocean_menu_typo_font_weight_tablet":"","ocean_menu_typo_font_weight_mobile":"","ocean_menu_typo_transform":"","ocean_menu_typo_transform_tablet":"","ocean_menu_typo_transform_mobile":"","ocean_menu_typo_line_height":0,"ocean_menu_typo_line_height_tablet":0,"ocean_menu_typo_line_height_mobile":0,"ocean_menu_typo_line_height_unit":"","ocean_menu_typo_spacing":0,"ocean_menu_typo_spacing_tablet":0,"ocean_menu_typo_spacing_mobile":0,"ocean_menu_typo_spacing_unit":"","ocean_menu_link_color":"","ocean_menu_link_color_hover":"","ocean_menu_link_color_active":"","ocean_menu_link_background":"","ocean_menu_link_hover_background":"","ocean_menu_link_active_background":"","ocean_menu_social_links_bg":"","ocean_menu_social_hover_links_bg":"","ocean_menu_social_links_color":"","ocean_menu_social_hover_links_color":"","ocean_disable_title":"default","ocean_disable_heading":"default","ocean_post_title":"","ocean_post_subheading":"","ocean_post_title_style":"","ocean_post_title_background_color":"","ocean_post_title_background":0,"ocean_post_title_bg_image_position":"","ocean_post_title_bg_image_attachment":"","ocean_post_title_bg_image_repeat":"","ocean_post_title_bg_image_size":"","ocean_post_title_height":0,"ocean_post_title_bg_overlay":0.5,"ocean_post_title_bg_overlay_color":"","ocean_disable_breadcrumbs":"default","ocean_breadcrumbs_color":"","ocean_breadcrumbs_separator_color":"","ocean_breadcrumbs_links_color":"","ocean_breadcrumbs_links_hover_color":"","ocean_display_footer_widgets":"default","ocean_display_footer_bottom":"default","ocean_custom_footer_template":"0"},"product_brand":[],"product_cat":[104,17],"product_tag":[],"class_list":{"0":"post-1652","1":"product","2":"type-product","3":"status-publish","4":"has-post-thumbnail","6":"product_cat-extension-chargeur","7":"product_cat-ragwinn-hobby","8":"product_shipping_class-produit-leger-500g","10":"entry","11":"has-media","13":"first","14":"instock","15":"sale","16":"taxable","17":"shipping-taxable","18":"purchasable","19":"product-type-simple","20":"col","21":"span_1_of_4","22":"owp-content-center","23":"item-entry","24":"owp-thumbs-layout-horizontal","25":"owp-btn-big","26":"owp-tabs-layout-horizontal"},"_links":{"self":[{"href":"https:\/\/ragwinn.com\/cs\/wp-json\/wp\/v2\/product\/1652","targetHints":{"allow":["GET"]}}],"collection":[{"href":"https:\/\/ragwinn.com\/cs\/wp-json\/wp\/v2\/product"}],"about":[{"href":"https:\/\/ragwinn.com\/cs\/wp-json\/wp\/v2\/types\/product"}],"replies":[{"embeddable":true,"href":"https:\/\/ragwinn.com\/cs\/wp-json\/wp\/v2\/comments?post=1652"}],"version-history":[{"count":2,"href":"https:\/\/ragwinn.com\/cs\/wp-json\/wp\/v2\/product\/1652\/revisions"}],"predecessor-version":[{"id":4037,"href":"https:\/\/ragwinn.com\/cs\/wp-json\/wp\/v2\/product\/1652\/revisions\/4037"}],"wp:featuredmedia":[{"embeddable":true,"href":"https:\/\/ragwinn.com\/cs\/wp-json\/wp\/v2\/media\/1862"}],"wp:attachment":[{"href":"https:\/\/ragwinn.com\/cs\/wp-json\/wp\/v2\/media?parent=1652"}],"wp:term":[{"taxonomy":"product_brand","embeddable":true,"href":"https:\/\/ragwinn.com\/cs\/wp-json\/wp\/v2\/product_brand?post=1652"},{"taxonomy":"product_cat","embeddable":true,"href":"https:\/\/ragwinn.com\/cs\/wp-json\/wp\/v2\/product_cat?post=1652"},{"taxonomy":"product_tag","embeddable":true,"href":"https:\/\/ragwinn.com\/cs\/wp-json\/wp\/v2\/product_tag?post=1652"}],"curies":[{"name":"wp","href":"https:\/\/api.w.org\/{rel}","templated":true}]}}