{"id":1423,"date":"2024-07-16T11:54:01","date_gmt":"2024-07-16T09:54:01","guid":{"rendered":"https:\/\/ragwinn.com\/?post_type=product&#038;p=1423"},"modified":"2026-05-04T18:44:32","modified_gmt":"2026-05-04T16:44:32","slug":"drzak-magnetu-na-pistoli","status":"publish","type":"product","link":"https:\/\/ragwinn.com\/cs\/produit\/support-aimante-arme-de-poing","title":{"rendered":"Magnetick\u00fd dr\u017e\u00e1k na pistoli"},"content":{"rendered":"<h1 style=\"text-align: center;\">Magnetick\u00fd dr\u017e\u00e1k na pistoli<\/h1>\n<p>Tento magnetick\u00fd dr\u017e\u00e1k umo\u017e\u0148uje p\u0159ehledn\u00e9 ulo\u017een\u00ed pistole v kufru.<\/p>\n<h2 style=\"text-align: center;\"><strong>Nejlep\u0161\u00ed p\u0159\u00edslu\u0161enstv\u00ed pro organizaci zbran\u00ed<\/strong><\/h2>\n<h3><strong>Caract\u00e9ristiques principales du support aimant\u00e9 <\/strong>:<\/h3>\n<ul>\n<li><strong>\u00daspora m\u00edsta<\/strong>Tato podp\u011bra umo\u017e\u0148uje u\u0161et\u0159it m\u00edsto v trezoru ulo\u017een\u00edm pistole ve svisl\u00e9 nebo vodorovn\u00e9 poloze. Zbra\u0148 m\u016f\u017eete ulo\u017eit nap\u0159\u00edklad pod\u00e9l st\u011bny (nebo bou\u0159kov\u00fdch dve\u0159\u00ed) nebo pod polici.<\/li>\n<li><strong>V\u011bt\u0161\u00ed pohodl\u00ed<\/strong>Um\u00edst\u011bn\u00edm zbran\u011b podle va\u0161ich p\u0159edstav z\u00edsk\u00e1te vizu\u00e1ln\u00ed pohodl\u00ed a snadn\u00e9 pou\u017e\u00edv\u00e1n\u00ed.<\/li>\n<li><strong>Vybaven\u00e9 zbran\u011b<\/strong>Pouzdro je ur\u010deno k pou\u017eit\u00ed s va\u0161\u00ed zbran\u00ed, a\u0165 u\u017e je origin\u00e1ln\u00ed, nebo s p\u0159\u00edslu\u0161enstv\u00edm. Va\u0161i zbra\u0148, vybavenou optikou, zv\u00fd\u0161en\u00fdmi m\u00ed\u0159idly a \u00fas\u0165ovou brzdou, m\u016f\u017eete ulo\u017eit do kufru,<\/li>\n<li><strong>V\u00fdkonn\u00e9 magnety<\/strong>Magnety v dr\u017e\u00e1ku jsou dostate\u010dn\u011b siln\u00e9, aby udr\u017eely pistoli na m\u00edst\u011b,<\/li>\n<li><strong>Respektov\u00e1n\u00ed k\u00e1nonu<\/strong>Dr\u017e\u00e1k m\u016f\u017eete pou\u017e\u00edvat bez obav z po\u0161kozen\u00ed hlavn\u011b. Materi\u00e1l ty\u010de je vhodn\u00fd pro skladov\u00e1n\u00ed v p\u0159\u00edm\u00e9m kontaktu s hlavn\u00ed zbran\u011b.<\/li>\n<li><strong>Kompatibiln\u00ed s va\u0161\u00ed zbran\u00ed\u00a0<\/strong>Dr\u017e\u00e1k je kompatibiln\u00ed s r\u00e1\u017e\u00ed 9x19 mm a v\u011bt\u0161\u00edmi kalibry. Lze jej tak\u00e9 pou\u017e\u00edt s mnoha zna\u010dkami, jako jsou Glock, Sig Sauer, Beretta, Ruger a dal\u0161\u00ed.<\/li>\n<\/ul>\n<p>&nbsp;<\/p>\n<h3><strong>Dokon\u010dete optimalizaci sv\u00e9ho trezoru pomoc\u00ed na\u0161eho <\/strong>:<\/h3>\n<ul>\n<li>Dr\u017e\u00e1k z\u00e1sobn\u00edk\u016f pro ru\u010dn\u00ed zbran\u011b (Glock, Sig Sauer atd.),<\/li>\n<li>Podpora nab\u00edje\u010dek AR15 (Pmag, Amend2 atd.).<\/li>\n<\/ul>","protected":false},"excerpt":{"rendered":"<p>Tento magnetick\u00fd dr\u017e\u00e1k na pistoli umo\u017e\u0148uje u\u0161et\u0159it m\u00edsto v trezoru t\u00edm, \u017ee zbra\u0148 ulo\u017e\u00edte vertik\u00e1ln\u011b nebo horizont\u00e1ln\u011b.<\/p>","protected":false},"featured_media":4137,"comment_status":"open","ping_status":"closed","template":"","meta":{"ocean_post_layout":"","ocean_both_sidebars_style":"","ocean_both_sidebars_content_width":0,"ocean_both_sidebars_sidebars_width":0,"ocean_sidebar":"0","ocean_second_sidebar":"0","ocean_disable_margins":"enable","ocean_add_body_class":"","ocean_shortcode_before_top_bar":"","ocean_shortcode_after_top_bar":"","ocean_shortcode_before_header":"","ocean_shortcode_after_header":"","ocean_has_shortcode":"","ocean_shortcode_after_title":"","ocean_shortcode_before_footer_widgets":"","ocean_shortcode_after_footer_widgets":"","ocean_shortcode_before_footer_bottom":"","ocean_shortcode_after_footer_bottom":"","ocean_display_top_bar":"default","ocean_display_header":"default","ocean_header_style":"","ocean_center_header_left_menu":"0","ocean_custom_header_template":"0","ocean_custom_logo":0,"ocean_custom_retina_logo":0,"ocean_custom_logo_max_width":0,"ocean_custom_logo_tablet_max_width":0,"ocean_custom_logo_mobile_max_width":0,"ocean_custom_logo_max_height":0,"ocean_custom_logo_tablet_max_height":0,"ocean_custom_logo_mobile_max_height":0,"ocean_header_custom_menu":"0","ocean_menu_typo_font_family":"0","ocean_menu_typo_font_subset":"","ocean_menu_typo_font_size":0,"ocean_menu_typo_font_size_tablet":0,"ocean_menu_typo_font_size_mobile":0,"ocean_menu_typo_font_size_unit":"px","ocean_menu_typo_font_weight":"","ocean_menu_typo_font_weight_tablet":"","ocean_menu_typo_font_weight_mobile":"","ocean_menu_typo_transform":"","ocean_menu_typo_transform_tablet":"","ocean_menu_typo_transform_mobile":"","ocean_menu_typo_line_height":0,"ocean_menu_typo_line_height_tablet":0,"ocean_menu_typo_line_height_mobile":0,"ocean_menu_typo_line_height_unit":"","ocean_menu_typo_spacing":0,"ocean_menu_typo_spacing_tablet":0,"ocean_menu_typo_spacing_mobile":0,"ocean_menu_typo_spacing_unit":"","ocean_menu_link_color":"","ocean_menu_link_color_hover":"","ocean_menu_link_color_active":"","ocean_menu_link_background":"","ocean_menu_link_hover_background":"","ocean_menu_link_active_background":"","ocean_menu_social_links_bg":"","ocean_menu_social_hover_links_bg":"","ocean_menu_social_links_color":"","ocean_menu_social_hover_links_color":"","ocean_disable_title":"default","ocean_disable_heading":"default","ocean_post_title":"","ocean_post_subheading":"","ocean_post_title_style":"","ocean_post_title_background_color":"","ocean_post_title_background":0,"ocean_post_title_bg_image_position":"","ocean_post_title_bg_image_attachment":"","ocean_post_title_bg_image_repeat":"","ocean_post_title_bg_image_size":"","ocean_post_title_height":0,"ocean_post_title_bg_overlay":0.5,"ocean_post_title_bg_overlay_color":"","ocean_disable_breadcrumbs":"default","ocean_breadcrumbs_color":"","ocean_breadcrumbs_separator_color":"","ocean_breadcrumbs_links_color":"","ocean_breadcrumbs_links_hover_color":"","ocean_display_footer_widgets":"default","ocean_display_footer_bottom":"default","ocean_custom_footer_template":"0"},"product_brand":[],"product_cat":[133,17],"product_tag":[],"class_list":{"0":"post-1423","1":"product","2":"type-product","3":"status-publish","4":"has-post-thumbnail","6":"product_cat-accessoire-coffre-fort","7":"product_cat-ragwinn-hobby","8":"product_shipping_class-produit-leger-500g","10":"entry","11":"has-media","13":"first","14":"instock","15":"sale","16":"featured","17":"taxable","18":"shipping-taxable","19":"purchasable","20":"product-type-simple","21":"has-rating","22":"col","23":"span_1_of_4","24":"owp-content-center","25":"item-entry","26":"owp-thumbs-layout-horizontal","27":"owp-btn-big","28":"owp-tabs-layout-horizontal"},"_links":{"self":[{"href":"https:\/\/ragwinn.com\/cs\/wp-json\/wp\/v2\/product\/1423","targetHints":{"allow":["GET"]}}],"collection":[{"href":"https:\/\/ragwinn.com\/cs\/wp-json\/wp\/v2\/product"}],"about":[{"href":"https:\/\/ragwinn.com\/cs\/wp-json\/wp\/v2\/types\/product"}],"replies":[{"embeddable":true,"href":"https:\/\/ragwinn.com\/cs\/wp-json\/wp\/v2\/comments?post=1423"}],"version-history":[{"count":3,"href":"https:\/\/ragwinn.com\/cs\/wp-json\/wp\/v2\/product\/1423\/revisions"}],"predecessor-version":[{"id":3636,"href":"https:\/\/ragwinn.com\/cs\/wp-json\/wp\/v2\/product\/1423\/revisions\/3636"}],"wp:featuredmedia":[{"embeddable":true,"href":"https:\/\/ragwinn.com\/cs\/wp-json\/wp\/v2\/media\/4137"}],"wp:attachment":[{"href":"https:\/\/ragwinn.com\/cs\/wp-json\/wp\/v2\/media?parent=1423"}],"wp:term":[{"taxonomy":"product_brand","embeddable":true,"href":"https:\/\/ragwinn.com\/cs\/wp-json\/wp\/v2\/product_brand?post=1423"},{"taxonomy":"product_cat","embeddable":true,"href":"https:\/\/ragwinn.com\/cs\/wp-json\/wp\/v2\/product_cat?post=1423"},{"taxonomy":"product_tag","embeddable":true,"href":"https:\/\/ragwinn.com\/cs\/wp-json\/wp\/v2\/product_tag?post=1423"}],"curies":[{"name":"wp","href":"https:\/\/api.w.org\/{rel}","templated":true}]}}