{"id":1382,"date":"2024-06-18T13:35:38","date_gmt":"2024-06-18T11:35:38","guid":{"rendered":"https:\/\/ragwinn.com\/?post_type=product&#038;p=1382"},"modified":"2026-05-04T18:45:57","modified_gmt":"2026-05-04T16:45:57","slug":"talon-5-pmag","status":"publish","type":"product","link":"https:\/\/ragwinn.com\/cs\/produit\/talon-5-pmag","title":{"rendered":"Zasobniku +5 PMAG"},"content":{"rendered":"<h1 style=\"text-align: center;\"><strong>Zasobniku +5 <\/strong>PMAG AR15 HK416 5.56\/.223<\/h1>\n<p>Vhodn\u00fd na m\u00edsto p\u016fvodn\u00edho z\u00e1sobn\u00edku PMAG a zvy\u0161uje kapacitu z\u00e1sobn\u00edku o 5 n\u00e1boj\u016f.<\/p>\n<h2 style=\"text-align: center;\"><strong>Hlavn\u00ed funkce:<\/strong><\/h2>\n<ul>\n<li><strong>Sofistikovan\u00e9 ovl\u00e1d\u00e1n\u00ed <\/strong>Tvar n\u00e1stavce zlep\u0161uje dr\u017een\u00ed nab\u00edje\u010dky a usnad\u0148uje jej\u00ed vyjmut\u00ed z kapsy.<\/li>\n<li><strong>\u010c\u00edslovan\u00e9 str\u00e1nky<\/strong> \u010c\u00edslov\u00e1n\u00ed nab\u00edje\u010dek: Na spodn\u00ed stran\u011b n\u00e1stavce jsou m\u00edsta pro \u010d\u00edslov\u00e1n\u00ed nab\u00edje\u010dek. To lze prov\u00e9st fixem Posca* nebo mazac\u00ed tu\u017ekou*. O\u010d\u00edslov\u00e1n\u00ed z\u00e1sobn\u00edk\u016f usnad\u0148uje jejich identifikaci v ka\u017ed\u00e9 situaci.<\/li>\n<li><strong>Kvalitn\u00ed v\u00fdroba <\/strong>Vyrobeno ve Francii z polykarbon\u00e1tu vyztu\u017een\u00e9ho uhl\u00edkov\u00fdmi vl\u00e1kny, odoln\u00e9ho v\u016f\u010di n\u00e1raz\u016fm a extr\u00e9mn\u00edm teplot\u00e1m (-40\u00b0 +160 \u00b0C).<\/li>\n<li><strong>Barvy<\/strong> Matn\u00e1 \u010dern\u00e1.<\/li>\n<\/ul>\n<p>&nbsp;<\/p>\n<h3 style=\"text-align: center;\"><strong>K dispozici tak\u00e9:<\/strong><\/h3>\n<ul>\n<li><a href=\"https:\/\/ragwinn.com\/cs\/produit\/magwellar15\/\" target=\"_blank\" rel=\"noopener\"><strong>Z\u00e1sobn\u00edk pro AR15<\/strong><\/a> : Zlep\u0161ete ovl\u00e1d\u00e1n\u00ed a rychlost nab\u00edjen\u00ed sv\u00e9 zbran\u011b AR15 pomoc\u00ed na\u0161\u00ed <a href=\"https:\/\/crealib3d.com\/quest-ce-quun-magwell-et-pourquoi-en-utiliser\" target=\"_blank\" rel=\"noreferrer noopener\">magwell<\/a>.<\/li>\n<li><a href=\"https:\/\/ragwinn.com\/cs\/produit\/pata-2-zasobniky-glock-9x19\/\" target=\"_blank\" rel=\"noopener\"><strong>Zasobniku pro Glock 17<\/strong><\/a> Objevte n\u00e1\u0161 +2 z\u00e1sobn\u00edk pro dvousloupcov\u00fd z\u00e1sobn\u00edk Glock.<\/li>\n<\/ul>\n<p>&nbsp;<\/p>\n<p><em>Pozn\u00e1mka: Sou\u010d\u00e1st\u00ed dod\u00e1vky je pouze trn nab\u00edje\u010dky a \u0161rouby.<br \/>\n<\/em><span style=\"text-decoration: underline;\">POZOR<\/span> Vezm\u011bte pros\u00edm na v\u011bdom\u00ed p\u0159edpisy platn\u00e9 ve va\u0161\u00ed zemi\/oblasti v den n\u00e1kupu.<br \/>\nVe Francii v listopadu 2024 platn\u00e9 p\u0159edpisy stanov\u00ed, \u017ee maxim\u00e1ln\u00ed kapacita z\u00e1sobn\u00edku pro zbra\u0148 za\u0159azenou do kategorie B-4 nesm\u00ed p\u0159ekro\u010dit 30 ran. <span data-olk-copy-source=\"MessageBody\"> Pouze st\u0159elci TSV mohou m\u00edt v dr\u017een\u00ed v\u00fdkonn\u011bj\u0161\u00ed syst\u00e9my (R312-45).<\/span><\/p>","protected":false},"excerpt":{"rendered":"<p>Zvy\u0161te kapacitu sv\u00fdch z\u00e1sobn\u00edk\u016f Magpul o 5 n\u00e1boj\u016f pomoc\u00ed t\u00e9to zasobniku +5 PMAG AR15 p\u0159i zachov\u00e1n\u00ed p\u016fvodn\u00ed pru\u017einy.<br \/>\nInstalace za m\u00e9n\u011b ne\u017e 10 sekund, v\u010detn\u011b \u0161roub\u016f a vrut\u016f.<\/p>","protected":false},"featured_media":4126,"comment_status":"open","ping_status":"closed","template":"","meta":{"ocean_post_layout":"","ocean_both_sidebars_style":"","ocean_both_sidebars_content_width":0,"ocean_both_sidebars_sidebars_width":0,"ocean_sidebar":"0","ocean_second_sidebar":"0","ocean_disable_margins":"enable","ocean_add_body_class":"","ocean_shortcode_before_top_bar":"","ocean_shortcode_after_top_bar":"","ocean_shortcode_before_header":"","ocean_shortcode_after_header":"","ocean_has_shortcode":"","ocean_shortcode_after_title":"","ocean_shortcode_before_footer_widgets":"","ocean_shortcode_after_footer_widgets":"","ocean_shortcode_before_footer_bottom":"","ocean_shortcode_after_footer_bottom":"","ocean_display_top_bar":"default","ocean_display_header":"default","ocean_header_style":"","ocean_center_header_left_menu":"0","ocean_custom_header_template":"0","ocean_custom_logo":0,"ocean_custom_retina_logo":0,"ocean_custom_logo_max_width":0,"ocean_custom_logo_tablet_max_width":0,"ocean_custom_logo_mobile_max_width":0,"ocean_custom_logo_max_height":0,"ocean_custom_logo_tablet_max_height":0,"ocean_custom_logo_mobile_max_height":0,"ocean_header_custom_menu":"0","ocean_menu_typo_font_family":"0","ocean_menu_typo_font_subset":"","ocean_menu_typo_font_size":0,"ocean_menu_typo_font_size_tablet":0,"ocean_menu_typo_font_size_mobile":0,"ocean_menu_typo_font_size_unit":"px","ocean_menu_typo_font_weight":"","ocean_menu_typo_font_weight_tablet":"","ocean_menu_typo_font_weight_mobile":"","ocean_menu_typo_transform":"","ocean_menu_typo_transform_tablet":"","ocean_menu_typo_transform_mobile":"","ocean_menu_typo_line_height":0,"ocean_menu_typo_line_height_tablet":0,"ocean_menu_typo_line_height_mobile":0,"ocean_menu_typo_line_height_unit":"","ocean_menu_typo_spacing":0,"ocean_menu_typo_spacing_tablet":0,"ocean_menu_typo_spacing_mobile":0,"ocean_menu_typo_spacing_unit":"","ocean_menu_link_color":"","ocean_menu_link_color_hover":"","ocean_menu_link_color_active":"","ocean_menu_link_background":"","ocean_menu_link_hover_background":"","ocean_menu_link_active_background":"","ocean_menu_social_links_bg":"","ocean_menu_social_hover_links_bg":"","ocean_menu_social_links_color":"","ocean_menu_social_hover_links_color":"","ocean_disable_title":"default","ocean_disable_heading":"default","ocean_post_title":"","ocean_post_subheading":"","ocean_post_title_style":"","ocean_post_title_background_color":"","ocean_post_title_background":0,"ocean_post_title_bg_image_position":"","ocean_post_title_bg_image_attachment":"","ocean_post_title_bg_image_repeat":"","ocean_post_title_bg_image_size":"","ocean_post_title_height":0,"ocean_post_title_bg_overlay":0.5,"ocean_post_title_bg_overlay_color":"","ocean_disable_breadcrumbs":"default","ocean_breadcrumbs_color":"","ocean_breadcrumbs_separator_color":"","ocean_breadcrumbs_links_color":"","ocean_breadcrumbs_links_hover_color":"","ocean_display_footer_widgets":"default","ocean_display_footer_bottom":"default","ocean_custom_footer_template":"0"},"product_brand":[],"product_cat":[104,17],"product_tag":[],"class_list":{"0":"post-1382","1":"product","2":"type-product","3":"status-publish","4":"has-post-thumbnail","6":"product_cat-extension-chargeur","7":"product_cat-ragwinn-hobby","8":"product_shipping_class-produit-leger-500g","10":"entry","11":"has-media","13":"first","14":"instock","15":"taxable","16":"shipping-taxable","17":"purchasable","18":"product-type-simple","19":"col","20":"span_1_of_4","21":"owp-content-center","22":"item-entry","23":"owp-thumbs-layout-horizontal","24":"owp-btn-big","25":"owp-tabs-layout-horizontal"},"_links":{"self":[{"href":"https:\/\/ragwinn.com\/cs\/wp-json\/wp\/v2\/product\/1382","targetHints":{"allow":["GET"]}}],"collection":[{"href":"https:\/\/ragwinn.com\/cs\/wp-json\/wp\/v2\/product"}],"about":[{"href":"https:\/\/ragwinn.com\/cs\/wp-json\/wp\/v2\/types\/product"}],"replies":[{"embeddable":true,"href":"https:\/\/ragwinn.com\/cs\/wp-json\/wp\/v2\/comments?post=1382"}],"version-history":[{"count":4,"href":"https:\/\/ragwinn.com\/cs\/wp-json\/wp\/v2\/product\/1382\/revisions"}],"predecessor-version":[{"id":4163,"href":"https:\/\/ragwinn.com\/cs\/wp-json\/wp\/v2\/product\/1382\/revisions\/4163"}],"wp:featuredmedia":[{"embeddable":true,"href":"https:\/\/ragwinn.com\/cs\/wp-json\/wp\/v2\/media\/4126"}],"wp:attachment":[{"href":"https:\/\/ragwinn.com\/cs\/wp-json\/wp\/v2\/media?parent=1382"}],"wp:term":[{"taxonomy":"product_brand","embeddable":true,"href":"https:\/\/ragwinn.com\/cs\/wp-json\/wp\/v2\/product_brand?post=1382"},{"taxonomy":"product_cat","embeddable":true,"href":"https:\/\/ragwinn.com\/cs\/wp-json\/wp\/v2\/product_cat?post=1382"},{"taxonomy":"product_tag","embeddable":true,"href":"https:\/\/ragwinn.com\/cs\/wp-json\/wp\/v2\/product_tag?post=1382"}],"curies":[{"name":"wp","href":"https:\/\/api.w.org\/{rel}","templated":true}]}}