{"id":3,"date":"2023-12-02T17:26:16","date_gmt":"2023-12-02T16:26:16","guid":{"rendered":"http:\/\/ragwinn.com\/?page_id=3"},"modified":"2025-02-28T14:45:52","modified_gmt":"2025-02-28T13:45:52","slug":"zasady-ochrany-osobnich-udaju","status":"publish","type":"page","link":"https:\/\/ragwinn.com\/cs\/politique-de-confidentialite","title":{"rendered":"Z\u00e1sady ochrany osobn\u00edch \u00fadaj\u016f"},"content":{"rendered":"<div data-elementor-type=\"wp-page\" data-elementor-id=\"3\" class=\"elementor elementor-3\">\n\t\t\t\t\t\t<section class=\"elementor-section elementor-top-section elementor-element elementor-element-0e0592a elementor-section-boxed elementor-section-height-default elementor-section-height-default\" data-id=\"0e0592a\" data-element_type=\"section\" data-e-type=\"section\">\n\t\t\t\t\t\t<div class=\"elementor-container elementor-column-gap-default\">\n\t\t\t\t\t<div class=\"elementor-column elementor-col-100 elementor-top-column elementor-element elementor-element-f89a129\" data-id=\"f89a129\" data-element_type=\"column\" data-e-type=\"column\">\n\t\t\t<div class=\"elementor-widget-wrap elementor-element-populated\">\n\t\t\t\t\t\t<div class=\"elementor-element elementor-element-e36f608 elementor-widget elementor-widget-heading\" data-id=\"e36f608\" data-element_type=\"widget\" data-e-type=\"widget\" data-widget_type=\"heading.default\">\n\t\t\t\t<div class=\"elementor-widget-container\">\n\t\t\t\t\t<h1 class=\"elementor-heading-title elementor-size-default\">Z\u00e1sady ochrany \u00fadaj\u016f<\/h1>\t\t\t\t<\/div>\n\t\t\t\t<\/div>\n\t\t\t\t\t<\/div>\n\t\t<\/div>\n\t\t\t\t\t<\/div>\n\t\t<\/section>\n\t\t\t\t<section class=\"elementor-section elementor-top-section elementor-element elementor-element-01761f7 elementor-section-boxed elementor-section-height-default elementor-section-height-default\" data-id=\"01761f7\" data-element_type=\"section\" data-e-type=\"section\">\n\t\t\t\t\t\t<div class=\"elementor-container elementor-column-gap-default\">\n\t\t\t\t\t<div class=\"elementor-column elementor-col-100 elementor-top-column elementor-element elementor-element-c4f8a19\" data-id=\"c4f8a19\" data-element_type=\"column\" data-e-type=\"column\">\n\t\t\t<div class=\"elementor-widget-wrap elementor-element-populated\">\n\t\t\t\t\t\t<div class=\"elementor-element elementor-element-e3d2bf3 elementor-widget elementor-widget-text-editor\" data-id=\"e3d2bf3\" data-element_type=\"widget\" data-e-type=\"widget\" data-widget_type=\"text-editor.default\">\n\t\t\t\t<div class=\"elementor-widget-container\">\n\t\t\t\t\t\t\t\t\t<p>Spr\u00e1vce webov\u00fdch str\u00e1nek Ragwinn.com, spole\u010dnost SARL IVERN, bere respektov\u00e1n\u00ed soukrom\u00ed a ochranu osobn\u00edch \u00fadaj\u016f v\u00e1\u017en\u011b, v souladu s platn\u00fdmi p\u0159edpisy, zejm\u00e9na s evropsk\u00fdm na\u0159\u00edzen\u00edm 2016\/679 ze dne 27. dubna 2016 a z\u00e1konem \u010d. 78-17 ze dne 6. ledna 1978, zn\u00e1m\u00fdm jako z\u00e1kon o ochran\u011b osobn\u00edch \u00fadaj\u016f, a jak\u00fdmkoli z\u00e1konem nebo na\u0159\u00edzen\u00edm, kter\u00e9 jej mohou doplnit nebo nahradit. \u00da\u010delem t\u011bchto z\u00e1sad ochrany osobn\u00edch \u00fadaj\u016f je informovat v\u00e1s o zp\u016fsobu, jak\u00fdm spole\u010dnost nakl\u00e1d\u00e1 s osobn\u00edmi \u00fadaji.<\/p>\t\t\t\t\t\t\t\t<\/div>\n\t\t\t\t<\/div>\n\t\t\t\t\t<\/div>\n\t\t<\/div>\n\t\t\t\t\t<\/div>\n\t\t<\/section>\n\t\t\t\t<section class=\"elementor-section elementor-top-section elementor-element elementor-element-143ca8f3 elementor-section-boxed elementor-section-height-default elementor-section-height-default\" data-id=\"143ca8f3\" data-element_type=\"section\" data-e-type=\"section\">\n\t\t\t\t\t\t<div class=\"elementor-container elementor-column-gap-default\">\n\t\t\t\t\t<div class=\"elementor-column elementor-col-100 elementor-top-column elementor-element elementor-element-37385692\" data-id=\"37385692\" data-element_type=\"column\" data-e-type=\"column\">\n\t\t\t<div class=\"elementor-widget-wrap elementor-element-populated\">\n\t\t\t\t\t\t<div class=\"elementor-element elementor-element-e8016ef elementor-widget elementor-widget-heading\" data-id=\"e8016ef\" data-element_type=\"widget\" data-e-type=\"widget\" data-widget_type=\"heading.default\">\n\t\t\t\t<div class=\"elementor-widget-container\">\n\t\t\t\t\t<h2 class=\"elementor-heading-title elementor-size-default\">\u010cl\u00e1nek 1 - Ochrana osobn\u00edch \u00fadaj\u016f<\/h2>\t\t\t\t<\/div>\n\t\t\t\t<\/div>\n\t\t\t\t<div class=\"elementor-element elementor-element-271e8b19 elementor-widget elementor-widget-text-editor\" data-id=\"271e8b19\" data-element_type=\"widget\" data-e-type=\"widget\" data-widget_type=\"text-editor.default\">\n\t\t\t\t<div class=\"elementor-widget-container\">\n\t\t\t\t\t\t\t\t\t\n<h3 class=\"wp-block-heading\">1.1 Shroma\u017e\u010fov\u00e1n\u00ed osobn\u00edch \u00fadaj\u016f<\/h3>\n<p>Na t\u011bchto str\u00e1nk\u00e1ch jsou shroma\u017e\u010fov\u00e1ny n\u00e1sleduj\u00edc\u00ed osobn\u00ed \u00fadaje:<\/p>\n<p><b>Otev\u0159en\u00ed \u00fa\u010dtu<\/b><\/p>\n<p>P\u0159i vytv\u00e1\u0159en\u00ed \u00fa\u010dtu u\u017eivatele se zaznamen\u00e1 jeho p\u0159\u00edjmen\u00ed, jm\u00e9no, e-mailov\u00e1 adresa a datum narozen\u00ed.<\/p>\n<p><b>P\u0159ipojen\u00ed<\/b><\/p>\n<p>Kdy\u017e se u\u017eivatel p\u0159ipoj\u00ed k webu, zaznamen\u00e1 se jeho p\u0159\u00edjmen\u00ed, jm\u00e9no, \u00fadaje o p\u0159ipojen\u00ed, \u00fadaje o pou\u017e\u00edv\u00e1n\u00ed, \u00fadaje o poloze a platebn\u00ed \u00fadaje.<\/p>\n<p><b>Profil<\/b><\/p>\n<p>P\u0159i vyu\u017e\u00edv\u00e1n\u00ed slu\u017eeb poskytovan\u00fdch na t\u011bchto str\u00e1nk\u00e1ch budete po\u017e\u00e1d\u00e1ni o vypln\u011bn\u00ed profilu, kter\u00fd m\u016f\u017ee obsahovat adresu a telefonn\u00ed \u010d\u00edslo.<\/p>\n<p><b>Platba<\/b><\/p>\n<p>V r\u00e1mci platebn\u00edho procesu za produkty a slu\u017eby nab\u00edzen\u00e9 na webu se zaznamen\u00e1vaj\u00ed finan\u010dn\u00ed \u00fadaje t\u00fdkaj\u00edc\u00ed se bankovn\u00edho \u00fa\u010dtu nebo kreditn\u00ed karty u\u017eivatele.<\/p>\n<p><b>Komunikace<\/b><\/p>\n<p>P\u0159i pou\u017e\u00edv\u00e1n\u00ed str\u00e1nek ke komunikaci s ostatn\u00edmi \u010dleny jsou \u00fadaje t\u00fdkaj\u00edc\u00ed se komunikace s u\u017eivateli do\u010dasn\u011b ulo\u017eeny.<\/p>\n<p><b>Soubory cookie<\/b><\/p>\n<p>Soubory cookie se pou\u017e\u00edvaj\u00ed jako sou\u010d\u00e1st pou\u017e\u00edv\u00e1n\u00ed str\u00e1nek. U\u017eivatel\u00e9 mohou soubory cookie deaktivovat pomoc\u00ed nastaven\u00ed sv\u00e9ho prohl\u00ed\u017ee\u010de.<\/p>\n<h3>1.2 Pou\u017eit\u00ed osobn\u00edch \u00fadaj\u016f<\/h3>\n<p>Osobn\u00ed \u00fadaje shrom\u00e1\u017ed\u011bn\u00e9 od u\u017eivatel\u016f se pou\u017e\u00edvaj\u00ed k poskytov\u00e1n\u00ed a zlep\u0161ov\u00e1n\u00ed slu\u017eeb webu a k udr\u017eov\u00e1n\u00ed bezpe\u010dn\u00e9ho prost\u0159ed\u00ed. Konkr\u00e9tn\u011b se pou\u017e\u00edvaj\u00ed k n\u00e1sleduj\u00edc\u00edm \u00fa\u010del\u016fm<\/p>\n<p>p\u0159\u00edstup a pou\u017e\u00edv\u00e1n\u00ed str\u00e1nek u\u017eivatelem;<\/p>\n<p>\u0159\u00edzen\u00ed provozu a optimalizace pracovi\u0161t\u011b;<\/p>\n<p>organizace podm\u00ednek pro pou\u017e\u00edv\u00e1n\u00ed platebn\u00edch slu\u017eeb ;<\/p>\n<p>ov\u011b\u0159ov\u00e1n\u00ed, identifikace a autentizace dat p\u0159en\u00e1\u0161en\u00fdch u\u017eivatelem ;<\/p>\n<p>nab\u00eddnout u\u017eivateli mo\u017enost komunikace s ostatn\u00edmi u\u017eivateli str\u00e1nek;<\/p>\n<p>prov\u00e1d\u011bn\u00ed podpory u\u017eivatel\u016f ;<\/p>\n<p>personalizovat slu\u017eby zobrazov\u00e1n\u00edm reklam na z\u00e1klad\u011b historie prohl\u00ed\u017een\u00ed a preferenc\u00ed u\u017eivatele;<\/p>\n<p>prevence a odhalov\u00e1n\u00ed podvod\u016f, \u0161kodliv\u00e9ho softwaru a \u0159\u00edzen\u00ed bezpe\u010dnostn\u00edch incident\u016f;<\/p>\n<p>\u0159e\u0161en\u00ed p\u0159\u00edpadn\u00fdch spor\u016f s u\u017eivateli;<\/p>\n<p>zas\u00edl\u00e1n\u00ed obchodn\u00edch a reklamn\u00edch informac\u00ed na z\u00e1klad\u011b preferenc\u00ed u\u017eivatele.<\/p>\n<h3>1.3 Sd\u00edlen\u00ed osobn\u00edch \u00fadaj\u016f s t\u0159et\u00edmi stranami<\/h3>\n<p>Osobn\u00ed \u00fadaje mohou b\u00fdt sd\u00edleny se spole\u010dnostmi t\u0159et\u00edch stran v n\u00e1sleduj\u00edc\u00edch p\u0159\u00edpadech:<\/p>\n<p>pokud u\u017eivatel vyu\u017e\u00edv\u00e1 platebn\u00ed slu\u017eby, spolupracuje web s bankovn\u00edmi a finan\u010dn\u00edmi spole\u010dnostmi t\u0159et\u00edch stran, s nimi\u017e m\u00e1 uzav\u0159eny smlouvy za \u00fa\u010delem realizace t\u011bchto slu\u017eeb;<\/p>\n<p>pokud u\u017eivatel zve\u0159ejn\u00ed informace p\u0159\u00edstupn\u00e9 ve\u0159ejnosti v oblastech voln\u00fdch koment\u00e1\u0159\u016f na webu;<\/p>\n<p>kdy\u017e u\u017eivatel povol\u00ed webov\u00e9 str\u00e1nce t\u0159et\u00ed strany p\u0159\u00edstup ke sv\u00fdm \u00fadaj\u016fm;<\/p>\n<p>pokud str\u00e1nky vyu\u017e\u00edvaj\u00ed slu\u017eeb poskytovatel\u016f slu\u017eeb k poskytov\u00e1n\u00ed u\u017eivatelsk\u00e9 podpory, reklamn\u00edch a platebn\u00edch slu\u017eeb. Tito poskytovatel\u00e9 slu\u017eeb maj\u00ed za \u00fa\u010delem poskytov\u00e1n\u00ed t\u011bchto slu\u017eeb omezen\u00fd p\u0159\u00edstup k \u00fadaj\u016fm u\u017eivatele a jsou smluvn\u011b zav\u00e1z\u00e1ni pou\u017e\u00edvat je v souladu s ustanoven\u00edmi platn\u00fdch p\u0159edpis\u016f o ochran\u011b osobn\u00edch \u00fadaj\u016f;<\/p>\n<p>pokud to vy\u017eaduje z\u00e1kon, m\u016f\u017ee web p\u0159ed\u00e1vat \u00fadaje za \u00fa\u010delem sledov\u00e1n\u00ed n\u00e1rok\u016f v\u016f\u010di webu a dodr\u017eov\u00e1n\u00ed spr\u00e1vn\u00edch a pr\u00e1vn\u00edch postup\u016f;<\/p>\n<p>pokud se web \u00fa\u010dastn\u00ed f\u00faze, akvizice, p\u0159evodu majetku nebo nucen\u00e9 spr\u00e1vy, m\u016f\u017ee b\u00fdt po\u017e\u00e1d\u00e1n o p\u0159evod nebo sd\u00edlen\u00ed cel\u00e9ho sv\u00e9ho majetku nebo jeho \u010d\u00e1sti, v\u010detn\u011b osobn\u00edch \u00fadaj\u016f. V takov\u00e9m p\u0159\u00edpad\u011b budou u\u017eivatel\u00e9 informov\u00e1ni p\u0159ed p\u0159ed\u00e1n\u00edm jak\u00fdchkoli osobn\u00edch \u00fadaj\u016f t\u0159et\u00ed stran\u011b.<\/p>\n<h3>1.4 P\u0159ed\u00e1v\u00e1n\u00ed osobn\u00edch \u00fadaj\u016f<\/h3>\n<p>Vzhledem k tomu, \u017ee spole\u010dnost odpov\u011bdn\u00e1 za tyto str\u00e1nky je organizov\u00e1na v r\u00e1mci mezin\u00e1rodn\u00ed skupiny, d\u00e1v\u00e1 u\u017eivatel t\u00e9to str\u00e1nce svolen\u00ed k p\u0159enosu, ukl\u00e1d\u00e1n\u00ed a zpracov\u00e1n\u00ed sv\u00fdch \u00fadaj\u016f v Evropsk\u00e9 unii.<\/p>\n<h3>1.5 Bezpe\u010dnost a d\u016fv\u011brnost<\/h3>\n<p>Str\u00e1nky zav\u00e1d\u011bj\u00ed organiza\u010dn\u00ed, technick\u00e1, softwarov\u00e1 a fyzick\u00e1 digit\u00e1ln\u00ed bezpe\u010dnostn\u00ed opat\u0159en\u00ed na ochranu osobn\u00edch \u00fadaj\u016f p\u0159ed zm\u011bnou, zni\u010den\u00edm a neopr\u00e1vn\u011bn\u00fdm p\u0159\u00edstupem. Je v\u0161ak t\u0159eba upozornit, \u017ee internet nen\u00ed zcela bezpe\u010dn\u00e9 prost\u0159ed\u00ed a str\u00e1nky nemohou zaru\u010dit bezpe\u010dnost p\u0159enosu nebo ukl\u00e1d\u00e1n\u00ed informac\u00ed na internetu.<code><\/code><\/p>\n\t\t\t\t\t\t\t\t<\/div>\n\t\t\t\t<\/div>\n\t\t\t\t<div class=\"elementor-element elementor-element-21da63a elementor-widget elementor-widget-shortcode\" data-id=\"21da63a\" data-element_type=\"widget\" data-e-type=\"widget\" data-widget_type=\"shortcode.default\">\n\t\t\t\t<div class=\"elementor-widget-container\">\n\t\t\t\t\t\t\t<div class=\"elementor-shortcode\"><p id=\"matomo_opted_out_intro\" style=\"display:none;\">Odhl\u00e1\u0161en\u00ed je dokon\u010deno; va\u0161e n\u00e1v\u0161t\u011bvy t\u011bchto webov\u00fdch str\u00e1nek nebudou n\u00e1strojem Web Analytics zaznamen\u00e1v\u00e1ny. Upozor\u0148ujeme, \u017ee pokud vyma\u017eete soubory cookie, odstran\u00edte soubor cookie pro odhl\u00e1\u0161en\u00ed nebo zm\u011bn\u00edte po\u010d\u00edta\u010d \u010di webov\u00fd prohl\u00ed\u017ee\u010d, budete muset postup odhl\u00e1\u0161en\u00ed prov\u00e9st znovu.<\/p><p id=\"matomo_opted_in_intro\" >M\u016f\u017eete se rozhodnout, \u017ee zabr\u00e1n\u00edte tomu, aby tyto webov\u00e9 str\u00e1nky shroma\u017e\u010fovaly a analyzovaly akce, kter\u00e9 zde prov\u00e1d\u00edte. T\u00edm ochr\u00e1n\u00edte sv\u00e9 soukrom\u00ed, ale z\u00e1rove\u0148 zabr\u00e1n\u00edte vlastn\u00edkovi, aby se z va\u0161ich akc\u00ed pou\u010dil a vytvo\u0159il pro v\u00e1s a ostatn\u00ed u\u017eivatele lep\u0161\u00ed slu\u017eby.<\/p><form action=\"\">\n        <input type=\"checkbox\" id=\"matomo_optout_checkbox\" checked=\"checked\"\/>\n        <label for=\"matomo_optout_checkbox\"><strong>\n        <span id=\"matomo_opted_in_label\" >Nejste odhl\u00e1\u0161eni. Zru\u0161te za\u0161krtnut\u00ed tohoto pol\u00ed\u010dka a odhlaste se.<\/span>\n\t\t<span id=\"matomo_opted_out_label\" style=\"display:none;\">V sou\u010dasn\u00e9 dob\u011b jste odhl\u00e1\u0161eni. Za\u0161krtnut\u00edm tohoto pol\u00ed\u010dka se p\u0159ihl\u00e1s\u00edte.<\/span>\n        <\/strong><\/label><input type=\"hidden\" name=\"trp-form-language\" value=\"cs\"\/><\/form><noscript><p><strong style=\"color: #ff0000;\">Tato funkce odhl\u00e1\u0161en\u00ed vy\u017eaduje JavaScript.<\/strong><\/p><\/noscript><p id=\"matomo_outout_err_cookies\" style=\"display: none;\"><strong>Funkce odhl\u00e1\u0161en\u00ed sledov\u00e1n\u00ed vy\u017eaduje, aby byly povoleny soubory cookie.<\/strong><\/p><\/div>\n\t\t\t\t\t\t<\/div>\n\t\t\t\t<\/div>\n\t\t\t\t<div class=\"elementor-element elementor-element-d7e1ff6 elementor-widget elementor-widget-text-editor\" data-id=\"d7e1ff6\" data-element_type=\"widget\" data-e-type=\"widget\" data-widget_type=\"text-editor.default\">\n\t\t\t\t<div class=\"elementor-widget-container\">\n\t\t\t\t\t\t\t\t\t<h3>1.6 Uplat\u0148ov\u00e1n\u00ed u\u017eivatelsk\u00fdch pr\u00e1v<\/h3>\n<p>Podle p\u0159edpis\u016f platn\u00fdch pro osobn\u00ed \u00fadaje maj\u00ed u\u017eivatel\u00e9 n\u00e1sleduj\u00edc\u00ed pr\u00e1va:<\/p>\n<p>Sv\u00e9 osobn\u00ed \u00fadaje mohou aktualizovat nebo odstranit po p\u0159ihl\u00e1\u0161en\u00ed ke sv\u00e9mu \u00fa\u010dtu a konfiguraci nastaven\u00ed \u00fa\u010dtu;<\/p>\n<p>mohou sv\u016fj \u00fa\u010det smazat na n\u00e1sleduj\u00edc\u00ed e-mailov\u00e9 adrese: contact@ragwinn.com. Upozor\u0148ujeme, \u017ee informace sd\u00edlen\u00e9 s jin\u00fdmi u\u017eivateli, nap\u0159\u00edklad p\u0159\u00edsp\u011bvky ve f\u00f3ru, mohou z\u016fstat na webu viditeln\u00e9 pro ve\u0159ejnost i po smaz\u00e1n\u00ed \u00fa\u010dtu;<\/p>\n<p>mohou uplatnit sv\u00e9 pr\u00e1vo na p\u0159\u00edstup ke sv\u00fdm osobn\u00edm \u00fadaj\u016fm na n\u00e1sleduj\u00edc\u00ed e-mailov\u00e9 adrese: contact@ragwinn.com. V takov\u00e9m p\u0159\u00edpad\u011b m\u016f\u017ee web p\u0159ed uplatn\u011bn\u00edm tohoto pr\u00e1va po\u017e\u00e1dat o prok\u00e1z\u00e1n\u00ed toto\u017enosti u\u017eivatele, aby ov\u011b\u0159il jej\u00ed spr\u00e1vnost;<\/p>\n<p>pokud jsou osobn\u00ed \u00fadaje uchov\u00e1van\u00e9 str\u00e1nkami nep\u0159esn\u00e9, mohou po\u017e\u00e1dat o jejich aktualizaci, a to p\u00edsemn\u011b na n\u00e1sleduj\u00edc\u00ed e-mailovou adresu: contact@ragwinn.com.<\/p>\n<p>u\u017eivatel\u00e9 mohou v souladu s platn\u00fdmi z\u00e1kony o ochran\u011b osobn\u00edch \u00fadaj\u016f po\u017e\u00e1dat o vymaz\u00e1n\u00ed sv\u00fdch osobn\u00edch \u00fadaj\u016f, a to p\u00edsemn\u011b na n\u00e1sleduj\u00edc\u00ed e-mailovou adresu: contact@ragwinn.com.<\/p>\n<h3>1.7 V\u00fdvoj t\u00e9to dolo\u017eky<\/h3>\n<p>Str\u00e1nky si vyhrazuj\u00ed pr\u00e1vo kdykoli zm\u011bnit toto ustanoven\u00ed t\u00fdkaj\u00edc\u00ed se ochrany osobn\u00edch \u00fadaj\u016f. Pokud dojde ke zm\u011bn\u011b t\u00e9to dolo\u017eky o ochran\u011b osobn\u00edch \u00fadaj\u016f, zavazuje se str\u00e1nka zve\u0159ejnit novou verzi na sv\u00fdch str\u00e1nk\u00e1ch. Str\u00e1nky budou rovn\u011b\u017e informovat u\u017eivatele o zm\u011bn\u011b e-mailem nejm\u00e9n\u011b 15 dn\u00ed p\u0159ed datem jej\u00ed \u00fa\u010dinnosti. Pokud u\u017eivatel s podm\u00ednkami nov\u00e9ho zn\u011bn\u00ed dolo\u017eky o ochran\u011b osobn\u00edch \u00fadaj\u016f nesouhlas\u00ed, m\u016f\u017ee sv\u016fj \u00fa\u010det vymazat.<\/p>\t\t\t\t\t\t\t\t<\/div>\n\t\t\t\t<\/div>\n\t\t\t\t\t<\/div>\n\t\t<\/div>\n\t\t\t\t\t<\/div>\n\t\t<\/section>\n\t\t\t\t<\/div>","protected":false},"excerpt":{"rendered":"<p>Politique de protection des donn\u00e9es L&rsquo;administrateur SARL IVERN du site Ragwinn.com prend au s\u00e9rieux le respect de la vie priv\u00e9e et la protection des donn\u00e9es \u00e0 caract\u00e8re personnel dans le respect des dispositions applicables et notamment du R\u00e8glement Europ\u00e9en 2016\/679 du 27 avril 2016 et la loi n\u00b078-17 du 6 janvier 1978 dite loi Informatique [&hellip;]<\/p>\n","protected":false},"author":1,"featured_media":0,"parent":0,"menu_order":0,"comment_status":"closed","ping_status":"open","template":"","meta":{"ocean_post_layout":"","ocean_both_sidebars_style":"","ocean_both_sidebars_content_width":0,"ocean_both_sidebars_sidebars_width":0,"ocean_sidebar":"","ocean_second_sidebar":"","ocean_disable_margins":"enable","ocean_add_body_class":"","ocean_shortcode_before_top_bar":"","ocean_shortcode_after_top_bar":"","ocean_shortcode_before_header":"","ocean_shortcode_after_header":"","ocean_has_shortcode":"","ocean_shortcode_after_title":"","ocean_shortcode_before_footer_widgets":"","ocean_shortcode_after_footer_widgets":"","ocean_shortcode_before_footer_bottom":"","ocean_shortcode_after_footer_bottom":"","ocean_display_top_bar":"default","ocean_display_header":"default","ocean_header_style":"","ocean_center_header_left_menu":"","ocean_custom_header_template":"","ocean_custom_logo":0,"ocean_custom_retina_logo":0,"ocean_custom_logo_max_width":0,"ocean_custom_logo_tablet_max_width":0,"ocean_custom_logo_mobile_max_width":0,"ocean_custom_logo_max_height":0,"ocean_custom_logo_tablet_max_height":0,"ocean_custom_logo_mobile_max_height":0,"ocean_header_custom_menu":"","ocean_menu_typo_font_family":"","ocean_menu_typo_font_subset":"","ocean_menu_typo_font_size":0,"ocean_menu_typo_font_size_tablet":0,"ocean_menu_typo_font_size_mobile":0,"ocean_menu_typo_font_size_unit":"px","ocean_menu_typo_font_weight":"","ocean_menu_typo_font_weight_tablet":"","ocean_menu_typo_font_weight_mobile":"","ocean_menu_typo_transform":"","ocean_menu_typo_transform_tablet":"","ocean_menu_typo_transform_mobile":"","ocean_menu_typo_line_height":0,"ocean_menu_typo_line_height_tablet":0,"ocean_menu_typo_line_height_mobile":0,"ocean_menu_typo_line_height_unit":"","ocean_menu_typo_spacing":0,"ocean_menu_typo_spacing_tablet":0,"ocean_menu_typo_spacing_mobile":0,"ocean_menu_typo_spacing_unit":"","ocean_menu_link_color":"","ocean_menu_link_color_hover":"","ocean_menu_link_color_active":"","ocean_menu_link_background":"","ocean_menu_link_hover_background":"","ocean_menu_link_active_background":"","ocean_menu_social_links_bg":"","ocean_menu_social_hover_links_bg":"","ocean_menu_social_links_color":"","ocean_menu_social_hover_links_color":"","ocean_disable_title":"default","ocean_disable_heading":"default","ocean_post_title":"","ocean_post_subheading":"","ocean_post_title_style":"","ocean_post_title_background_color":"","ocean_post_title_background":0,"ocean_post_title_bg_image_position":"","ocean_post_title_bg_image_attachment":"","ocean_post_title_bg_image_repeat":"","ocean_post_title_bg_image_size":"","ocean_post_title_height":0,"ocean_post_title_bg_overlay":0.5,"ocean_post_title_bg_overlay_color":"","ocean_disable_breadcrumbs":"default","ocean_breadcrumbs_color":"","ocean_breadcrumbs_separator_color":"","ocean_breadcrumbs_links_color":"","ocean_breadcrumbs_links_hover_color":"","ocean_display_footer_widgets":"default","ocean_display_footer_bottom":"default","ocean_custom_footer_template":"","footnotes":""},"class_list":["post-3","page","type-page","status-publish","hentry","entry","owp-thumbs-layout-horizontal","owp-btn-big","owp-tabs-layout-horizontal","has-no-thumbnails"],"_links":{"self":[{"href":"https:\/\/ragwinn.com\/cs\/wp-json\/wp\/v2\/pages\/3","targetHints":{"allow":["GET"]}}],"collection":[{"href":"https:\/\/ragwinn.com\/cs\/wp-json\/wp\/v2\/pages"}],"about":[{"href":"https:\/\/ragwinn.com\/cs\/wp-json\/wp\/v2\/types\/page"}],"author":[{"embeddable":true,"href":"https:\/\/ragwinn.com\/cs\/wp-json\/wp\/v2\/users\/1"}],"replies":[{"embeddable":true,"href":"https:\/\/ragwinn.com\/cs\/wp-json\/wp\/v2\/comments?post=3"}],"version-history":[{"count":0,"href":"https:\/\/ragwinn.com\/cs\/wp-json\/wp\/v2\/pages\/3\/revisions"}],"wp:attachment":[{"href":"https:\/\/ragwinn.com\/cs\/wp-json\/wp\/v2\/media?parent=3"}],"curies":[{"name":"wp","href":"https:\/\/api.w.org\/{rel}","templated":true}]}}